{"id":12445,"date":"2025-09-30T10:08:52","date_gmt":"2025-09-30T08:08:52","guid":{"rendered":"https:\/\/antcube.shop\/en\/product\/ameisen-lebenszyklus-praparat-metamorphose-einer-ameise\/"},"modified":"2026-04-13T10:49:05","modified_gmt":"2026-04-13T08:49:05","slug":"lebenszyklus-einer-ameise-exemplar-metamorphose-einer-ameise","status":"publish","type":"product","link":"https:\/\/antcube.shop\/de\/produkt\/lebenszyklus-einer-ameise-exemplar-metamorphose-einer-ameise\/","title":{"rendered":"Muster des Lebenszyklus einer Ameise: Metamorphose einer Ameise"},"content":{"rendered":"<p><strong>Abmessungen:<\/strong> 30x30x10 mm<\/p>\n<p><strong>Material:<\/strong> Synthetisches Harz<\/p>\n<p><strong>Beschreibung:<\/strong> Dieses Exemplar wurde sorgf\u00e4ltig in transparentem Kunstharz gegossen und ist ideal f\u00fcr den Einsatz in Schulen, Universit\u00e4ten und f\u00fcr Sammler. Es zeigt die Entwicklungsstadien einer Ameise - von der Larve \u00fcber die Puppe bis zur voll entwickelten Arbeiterameise.<\/p>","protected":false},"excerpt":{"rendered":"<p>Abmessungen: 30x30x10 mm Material: Kunstharz Beschreibung: Dieses Exemplar wurde sorgf\u00e4ltig in transparentem Kunstharz gegossen und ist ideal f\u00fcr den Einsatz in Schulen, Universit\u00e4ten und f\u00fcr Sammler. Es zeigt die Entwicklungsstadien einer Ameise - von der Larve \u00fcber die Puppe bis zur voll entwickelten Arbeiterameise.<\/p>","protected":false},"featured_media":12562,"comment_status":"open","ping_status":"closed","template":"","meta":{"_acf_changed":false,"content-type":"","_monsterinsights_skip_tracking":false,"_monsterinsights_sitenote_active":false,"_monsterinsights_sitenote_note":"","_monsterinsights_sitenote_category":0},"product_brand":[484],"product_cat":[547,257,245],"product_tag":[],"class_list":{"0":"post-12445","1":"product","2":"type-product","3":"status-publish","4":"has-post-thumbnail","6":"product_brand-antcube","7":"product_cat-all-products","8":"product_cat-new-innovatve-products","9":"product_cat-merchandise","11":"first","12":"instock","13":"taxable","14":"shipping-taxable","15":"purchasable","16":"product-type-simple"},"acf":[],"aioseo_notices":[],"jetpack_sharing_enabled":true,"_links":{"self":[{"href":"https:\/\/antcube.shop\/de\/wp-json\/wp\/v2\/product\/12445","targetHints":{"allow":["GET"]}}],"collection":[{"href":"https:\/\/antcube.shop\/de\/wp-json\/wp\/v2\/product"}],"about":[{"href":"https:\/\/antcube.shop\/de\/wp-json\/wp\/v2\/types\/product"}],"replies":[{"embeddable":true,"href":"https:\/\/antcube.shop\/de\/wp-json\/wp\/v2\/comments?post=12445"}],"wp:featuredmedia":[{"embeddable":true,"href":"https:\/\/antcube.shop\/de\/wp-json\/wp\/v2\/media\/12562"}],"wp:attachment":[{"href":"https:\/\/antcube.shop\/de\/wp-json\/wp\/v2\/media?parent=12445"}],"wp:term":[{"taxonomy":"product_brand","embeddable":true,"href":"https:\/\/antcube.shop\/de\/wp-json\/wp\/v2\/product_brand?post=12445"},{"taxonomy":"product_cat","embeddable":true,"href":"https:\/\/antcube.shop\/de\/wp-json\/wp\/v2\/product_cat?post=12445"},{"taxonomy":"product_tag","embeddable":true,"href":"https:\/\/antcube.shop\/de\/wp-json\/wp\/v2\/product_tag?post=12445"}],"curies":[{"name":"wp","href":"https:\/\/api.w.org\/{rel}","templated":true}]}}