{"id":12443,"date":"2025-09-30T10:07:55","date_gmt":"2025-09-30T08:07:55","guid":{"rendered":"https:\/\/antcube.shop\/en\/product\/poster-lasius-niger-lebensweise-100x70\/"},"modified":"2026-01-12T12:43:19","modified_gmt":"2026-01-12T11:43:19","slug":"poster-lasius-niger-lebensweise-100x70-2","status":"publish","type":"product","link":"https:\/\/antcube.shop\/de\/produkt\/poster-lasius-niger-lebensweise-100x70-2\/","title":{"rendered":"Poster - Lasius niger Lebensweise - 100\u00d770"},"content":{"rendered":"<p><strong>Abmessungen:<\/strong> 100\u00d770 cm<\/p>\n<p><strong>Material:<\/strong> Latexpapier<br \/>\nDieses Papier ist wasserfest, abwischbar, strapazierf\u00e4hig, umweltfreundlich, da es keine umweltsch\u00e4dlichen L\u00f6sungsmittel enth\u00e4lt, und liefert eine brillante Druckqualit\u00e4t.<\/p>\n<p><strong>Beschreibung:<\/strong> Dieses Poster bietet einen klaren \u00dcberblick \u00fcber die Lebensweise von Lasius niger - der schwarzen Ameise. Sie ist eine der am weitesten verbreiteten und bekanntesten Ameisenarten in Europa und m\u00f6glicherweise sogar einer der beliebtesten Vertreter ihrer Gattung weltweit.<\/p>\n<p><strong>Wichtig - zus\u00e4tzliche Informationen:<\/strong> <a href=\"https:\/\/www.ants.de\/link\/1006\">Hier<\/a> finden Sie auf dem Plakat eine detaillierte Beschreibung der einzelnen Szenen. Diese sind nicht enthalten, k\u00f6nnen aber \u00fcber den folgenden Link separat abgerufen und ausgedruckt werden. <a href=\"https:\/\/www.ants.de\/link\/1006\">https:\/\/www.ants.de\/link\/1006<\/a><\/p>","protected":false},"excerpt":{"rendered":"<p>Gr\u00f6\u00dfe: 100\u00d770 cm<\/p>","protected":false},"featured_media":12453,"comment_status":"open","ping_status":"closed","template":"","meta":{"_acf_changed":false,"content-type":"","_monsterinsights_skip_tracking":false,"_monsterinsights_sitenote_active":false,"_monsterinsights_sitenote_note":"","_monsterinsights_sitenote_category":0},"product_brand":[484],"product_cat":[547,500,245],"product_tag":[],"class_list":{"0":"post-12443","1":"product","2":"type-product","3":"status-publish","4":"has-post-thumbnail","6":"product_brand-antcube","7":"product_cat-all-products","8":"product_cat-ant-posters-and-teaching-aids","9":"product_cat-merchandise","11":"first","12":"instock","13":"taxable","14":"shipping-taxable","15":"purchasable","16":"product-type-simple"},"acf":[],"aioseo_notices":[],"jetpack_sharing_enabled":true,"_links":{"self":[{"href":"https:\/\/antcube.shop\/de\/wp-json\/wp\/v2\/product\/12443","targetHints":{"allow":["GET"]}}],"collection":[{"href":"https:\/\/antcube.shop\/de\/wp-json\/wp\/v2\/product"}],"about":[{"href":"https:\/\/antcube.shop\/de\/wp-json\/wp\/v2\/types\/product"}],"replies":[{"embeddable":true,"href":"https:\/\/antcube.shop\/de\/wp-json\/wp\/v2\/comments?post=12443"}],"wp:featuredmedia":[{"embeddable":true,"href":"https:\/\/antcube.shop\/de\/wp-json\/wp\/v2\/media\/12453"}],"wp:attachment":[{"href":"https:\/\/antcube.shop\/de\/wp-json\/wp\/v2\/media?parent=12443"}],"wp:term":[{"taxonomy":"product_brand","embeddable":true,"href":"https:\/\/antcube.shop\/de\/wp-json\/wp\/v2\/product_brand?post=12443"},{"taxonomy":"product_cat","embeddable":true,"href":"https:\/\/antcube.shop\/de\/wp-json\/wp\/v2\/product_cat?post=12443"},{"taxonomy":"product_tag","embeddable":true,"href":"https:\/\/antcube.shop\/de\/wp-json\/wp\/v2\/product_tag?post=12443"}],"curies":[{"name":"wp","href":"https:\/\/api.w.org\/{rel}","templated":true}]}}