{"id":12437,"date":"2025-09-30T10:02:33","date_gmt":"2025-09-30T08:02:33","guid":{"rendered":"https:\/\/antcube.shop\/en\/product\/poster-anatomie-der-ameisen-lasius-niger-70x100\/"},"modified":"2026-01-12T12:43:18","modified_gmt":"2026-01-12T11:43:18","slug":"poster-anatomie-der-ameisen-lasius-niger-70x100-2","status":"publish","type":"product","link":"https:\/\/antcube.shop\/de\/produkt\/poster-anatomie-der-ameisen-lasius-niger-70x100-2\/","title":{"rendered":"Poster - Anatomie der Ameisen - Lasius niger - 70\u00d7100"},"content":{"rendered":"<p><strong>Abmessungen:<\/strong> 70\u00d7100 cm<\/p>\n<p><strong>Material:<\/strong> Latexpapier<br \/>\nDieses Papier ist wasserfest, abwischbar, strapazierf\u00e4hig, umweltfreundlich, da es keine umweltsch\u00e4dlichen L\u00f6sungsmittel enth\u00e4lt, und liefert eine brillante Druckqualit\u00e4t.<\/p>\n<p><strong>Beschreibung:<\/strong> Dieses Poster veranschaulicht die Anatomie der Schwarzen Ameise (Lasius niger). Detaillierte Abbildungen zeigen die wichtigsten inneren und \u00e4u\u00dferen K\u00f6rpermerkmale und Organe und machen den Aufbau dieser weit verbreiteten Ameisenart leicht verst\u00e4ndlich. Ideal als Unterrichtsmaterial f\u00fcr Schulen und Universit\u00e4ten oder als dekoratives Sammlerst\u00fcck.<\/p>\n<p><strong>Wichtig - zus\u00e4tzliche Informationen:<\/strong> <a href=\"https:\/\/www.ants.de\/link\/1101\">Hier<\/a> finden Sie auf dem Plakat eine detaillierte Beschreibung der einzelnen Szenen. Diese sind nicht im Lieferumfang des Plakats enthalten, sondern k\u00f6nnen \u00fcber den folgenden Link separat abgerufen und ausgedruckt werden. <a href=\"https:\/\/www.ants.de\/link\/1101\">https:\/\/www.ants.de\/link\/1101<\/a><\/p>","protected":false},"excerpt":{"rendered":"<p>Gr\u00f6\u00dfe: 70\u00d7100 cm<\/p>","protected":false},"featured_media":12454,"comment_status":"open","ping_status":"closed","template":"","meta":{"_acf_changed":false,"content-type":"","_monsterinsights_skip_tracking":false,"_monsterinsights_sitenote_active":false,"_monsterinsights_sitenote_note":"","_monsterinsights_sitenote_category":0},"product_brand":[484],"product_cat":[547,500,245],"product_tag":[],"class_list":{"0":"post-12437","1":"product","2":"type-product","3":"status-publish","4":"has-post-thumbnail","6":"product_brand-antcube","7":"product_cat-all-products","8":"product_cat-ant-posters-and-teaching-aids","9":"product_cat-merchandise","11":"first","12":"instock","13":"taxable","14":"shipping-taxable","15":"purchasable","16":"product-type-simple"},"acf":[],"aioseo_notices":[],"jetpack_sharing_enabled":true,"_links":{"self":[{"href":"https:\/\/antcube.shop\/de\/wp-json\/wp\/v2\/product\/12437","targetHints":{"allow":["GET"]}}],"collection":[{"href":"https:\/\/antcube.shop\/de\/wp-json\/wp\/v2\/product"}],"about":[{"href":"https:\/\/antcube.shop\/de\/wp-json\/wp\/v2\/types\/product"}],"replies":[{"embeddable":true,"href":"https:\/\/antcube.shop\/de\/wp-json\/wp\/v2\/comments?post=12437"}],"wp:featuredmedia":[{"embeddable":true,"href":"https:\/\/antcube.shop\/de\/wp-json\/wp\/v2\/media\/12454"}],"wp:attachment":[{"href":"https:\/\/antcube.shop\/de\/wp-json\/wp\/v2\/media?parent=12437"}],"wp:term":[{"taxonomy":"product_brand","embeddable":true,"href":"https:\/\/antcube.shop\/de\/wp-json\/wp\/v2\/product_brand?post=12437"},{"taxonomy":"product_cat","embeddable":true,"href":"https:\/\/antcube.shop\/de\/wp-json\/wp\/v2\/product_cat?post=12437"},{"taxonomy":"product_tag","embeddable":true,"href":"https:\/\/antcube.shop\/de\/wp-json\/wp\/v2\/product_tag?post=12437"}],"curies":[{"name":"wp","href":"https:\/\/api.w.org\/{rel}","templated":true}]}}