{"id":12435,"date":"2025-09-30T10:01:28","date_gmt":"2025-09-30T08:01:28","guid":{"rendered":"https:\/\/antcube.shop\/en\/product\/antcube-digfix-30x30-liegend\/"},"modified":"2026-04-14T09:35:10","modified_gmt":"2026-04-14T07:35:10","slug":"antcube-digfix-30x30-liegend-2","status":"publish","type":"product","link":"https:\/\/antcube.shop\/de\/produkt\/antcube-digfix-30x30-liegend-2\/","title":{"rendered":"ANTCUBE - Digfix 30\u00d730 - liegend"},"content":{"rendered":"<p><strong>Abmessungen:<\/strong> 280x280x28mm<\/p>\n<p><strong>Material:<\/strong> Digfix<\/p>\n<p><strong>Anwendung:<\/strong><br \/>\nPasst nur in unser ANTCUBE - Nest 30\u00d730 - horizontal<\/p>\n<p><strong>Beschreibung:<\/strong><br \/>\nDieses Digfix-Nest aus einem speziellen Material, das eingegraben werden kann, ist so konzipiert, dass es perfekt in unsere ANTCUBE 30\u00d730 horizontalen Nester passt. Die Platte kann sowohl trocken als auch befeuchtet verwendet werden und ist f\u00fcr viele Ameisenarten geeignet - insbesondere f\u00fcr solche, die in Sand oder (totem) Holz nisten. Sie ist eine praktische Alternative zu Sand-Lehm-Mischungen oder Kork-Nesteins\u00e4tzen.<\/p>\n<p>Ein besonderer Vorteil ist die einfache Kontrolle des Feuchtigkeitsgrades: Die Platte verf\u00e4rbt sich sichtbar, so dass der Feuchtigkeitsgrad optimal beurteilt werden kann. Im Gegensatz zu Sand-Lehm-Gemischen bleiben die Innenscheiben der Ameisenfarm sauber, da kein loses Substrat an ihnen haftet.<\/p>\n<p>Dank seiner festen Struktur h\u00e4lt das Material die von den Ameisen geschaffenen Tunnel und Kammern dauerhaft fest, ohne zusammenzufallen - f\u00fcr ein sicheres und nat\u00fcrliches Graberlebnis.<\/p>","protected":false},"excerpt":{"rendered":"<p>Ma\u00dfe: 280x280x28mm<\/p>","protected":false},"featured_media":0,"comment_status":"open","ping_status":"closed","template":"","meta":{"_acf_changed":false,"content-type":"","_monsterinsights_skip_tracking":false,"_monsterinsights_sitenote_active":false,"_monsterinsights_sitenote_note":"","_monsterinsights_sitenote_category":0},"product_brand":[484],"product_cat":[547,257,87,88],"product_tag":[],"class_list":{"0":"post-12435","1":"product","2":"type-product","3":"status-publish","5":"product_brand-antcube","6":"product_cat-all-products","7":"product_cat-new-innovatve-products","8":"product_cat-nest-insets","9":"product_cat-digfix","11":"first","12":"instock","13":"taxable","14":"shipping-taxable","15":"purchasable","16":"product-type-simple"},"acf":[],"aioseo_notices":[],"jetpack_sharing_enabled":true,"_links":{"self":[{"href":"https:\/\/antcube.shop\/de\/wp-json\/wp\/v2\/product\/12435","targetHints":{"allow":["GET"]}}],"collection":[{"href":"https:\/\/antcube.shop\/de\/wp-json\/wp\/v2\/product"}],"about":[{"href":"https:\/\/antcube.shop\/de\/wp-json\/wp\/v2\/types\/product"}],"replies":[{"embeddable":true,"href":"https:\/\/antcube.shop\/de\/wp-json\/wp\/v2\/comments?post=12435"}],"wp:attachment":[{"href":"https:\/\/antcube.shop\/de\/wp-json\/wp\/v2\/media?parent=12435"}],"wp:term":[{"taxonomy":"product_brand","embeddable":true,"href":"https:\/\/antcube.shop\/de\/wp-json\/wp\/v2\/product_brand?post=12435"},{"taxonomy":"product_cat","embeddable":true,"href":"https:\/\/antcube.shop\/de\/wp-json\/wp\/v2\/product_cat?post=12435"},{"taxonomy":"product_tag","embeddable":true,"href":"https:\/\/antcube.shop\/de\/wp-json\/wp\/v2\/product_tag?post=12435"}],"curies":[{"name":"wp","href":"https:\/\/api.w.org\/{rel}","templated":true}]}}