{"id":12288,"date":"2025-09-02T09:53:21","date_gmt":"2025-09-02T07:53:21","guid":{"rendered":"https:\/\/antcube.shop\/en\/product\/antcube-nest-30x30-liegend\/"},"modified":"2026-02-26T10:38:03","modified_gmt":"2026-02-26T09:38:03","slug":"ameisenwurfelnest-30x30-liegend","status":"publish","type":"product","link":"https:\/\/antcube.shop\/de\/produkt\/ameisenwurfelnest-30x30-liegend\/","title":{"rendered":"ANTCUBE - Nest 30\u00d730 - liegend"},"content":{"rendered":"<p><strong>Abmessungen:<\/strong><br \/>\nNest: 290 x 290 x 28 mm<br \/>\nGlasabdeckung: 290 x 290 x 4 mm<\/p>\n<p><strong>Material:<\/strong><br \/>\nFloatglas, Kunststoff<\/p>\n<p><strong>Farbe:<\/strong><br \/>\nKristallklar<\/p>\n<p><strong>Inhalt:<\/strong><br \/>\n1x ANTCUBE - Nest 30\u00d730 - horizontal mit zwei Anschlussbuchsen L 20\/16<br \/>\n1x Glasabdeckung mit 27mm Loch<\/p>\n<p><strong>Verbindung: <\/strong>2x 14\/16\/18\/20 x 20mm Buchse<\/p>\n<p>Der 14\/10-Schlauch wird fest in die 14-mm-Muffe eingef\u00fchrt.<br \/>\nDer 20\/16-Schlauch wird fest in die erste 16-mm-Stufe eingef\u00fchrt.<br \/>\nDer Schlauch 22\/18 wird fest in die zweite 20-mm-Stufe eingef\u00fchrt.<\/p>\n<p><strong>Beschreibung: <\/strong>Unser horizontales Nest hat zwei Anschlussstutzen, an denen Schl\u00e4uche oder Rohre befestigt werden k\u00f6nnen. Diese k\u00f6nnen alternativ mit passenden Kunststoff- oder Netzkappen sicher verschlossen werden.<\/p>\n<p>F\u00fcr gr\u00f6\u00dfere Ameisenarten, wie z. B. verschiedene Camponotus-Arten, empfehlen wir die Kombination mit einem unserer separat erh\u00e4ltlichen Korknester. Das Nest kann aber auch mit Substrat bef\u00fcllt werden.<\/p>\n<p>Der Deckel ist abnehmbar und sitzt dank seines gummierten Randes sicher auf der Ameisenfarm. In der Mitte befindet sich ein 27 mm gro\u00dfes Loch, durch das das Innere des Nestes befeuchtet wird. Je nach gew\u00fcnschter Luftfeuchtigkeit kann diese \u00d6ffnung entweder mit einem Netzeinsatz oder einem Formicariumstopfen verschlossen werden.<\/p>\n<p>Optional ist eine rote Abdeckung erh\u00e4ltlich, die das Nest abdunkelt und sich je nach gehaltener Art positiv auf die Entwicklung der Kolonie auswirken kann.<\/p>\n<p><strong>Informationen zur Herstellung<\/strong><br \/>\nDas Glas ist nach DIN 1249 mit einer Toleranz von +\/- 1 mm geschliffen. F\u00fcr extrem kleine Ameisenarten ist ein zus\u00e4tzlicher Ausbruchsschutz erforderlich.<\/p>\n<p><strong>Hinweis zu den Anschlussbuchsen<\/strong><br \/>\nBeim Anbringen oder Entfernen von Schl\u00e4uchen ist Folgendes zu beachten:<br \/>\nL\u00e4sst sich der Schlauch nur sehr schwer auf den Anschlussstutzen aufstecken, sollte der Stutzen leicht mit einem Tropfen unseres Ausbruchsicherungs\u00f6ls oder -pulvers eingerieben werden. Der Schlauch sollte dann durch Drehen oder Schrauben auf den Anschluss geschoben werden, ohne Druck nach oben oder unten auf den Anschluss auszu\u00fcben. Das gleiche gilt f\u00fcr das Abziehen der Schl\u00e4uche vom Anschlussst\u00fcck. Bitte ziehen Sie sie nicht einfach ab!<\/p>","protected":false},"excerpt":{"rendered":"<p>Anschluss: 2x 14\/16\/18\/20 mm Buchse<br \/>\nGr\u00f6\u00dfe: L<\/p>","protected":false},"featured_media":12293,"comment_status":"open","ping_status":"closed","template":"","meta":{"_acf_changed":false,"content-type":"","_monsterinsights_skip_tracking":false,"_monsterinsights_sitenote_active":false,"_monsterinsights_sitenote_note":"","_monsterinsights_sitenote_category":0},"product_brand":[484],"product_cat":[257,80,83,86],"product_tag":[],"class_list":{"0":"post-12288","1":"product","2":"type-product","3":"status-publish","4":"has-post-thumbnail","6":"product_brand-antcube","7":"product_cat-new-innovatve-products","8":"product_cat-antfarms","9":"product_cat-antfarms-l","10":"product_cat-formicariums","12":"first","13":"instock","14":"taxable","15":"shipping-taxable","16":"purchasable","17":"product-type-simple"},"acf":[],"aioseo_notices":[],"jetpack_sharing_enabled":true,"_links":{"self":[{"href":"https:\/\/antcube.shop\/de\/wp-json\/wp\/v2\/product\/12288","targetHints":{"allow":["GET"]}}],"collection":[{"href":"https:\/\/antcube.shop\/de\/wp-json\/wp\/v2\/product"}],"about":[{"href":"https:\/\/antcube.shop\/de\/wp-json\/wp\/v2\/types\/product"}],"replies":[{"embeddable":true,"href":"https:\/\/antcube.shop\/de\/wp-json\/wp\/v2\/comments?post=12288"}],"wp:featuredmedia":[{"embeddable":true,"href":"https:\/\/antcube.shop\/de\/wp-json\/wp\/v2\/media\/12293"}],"wp:attachment":[{"href":"https:\/\/antcube.shop\/de\/wp-json\/wp\/v2\/media?parent=12288"}],"wp:term":[{"taxonomy":"product_brand","embeddable":true,"href":"https:\/\/antcube.shop\/de\/wp-json\/wp\/v2\/product_brand?post=12288"},{"taxonomy":"product_cat","embeddable":true,"href":"https:\/\/antcube.shop\/de\/wp-json\/wp\/v2\/product_cat?post=12288"},{"taxonomy":"product_tag","embeddable":true,"href":"https:\/\/antcube.shop\/de\/wp-json\/wp\/v2\/product_tag?post=12288"}],"curies":[{"name":"wp","href":"https:\/\/api.w.org\/{rel}","templated":true}]}}