{"id":12286,"date":"2025-09-02T09:53:07","date_gmt":"2025-09-02T07:53:07","guid":{"rendered":"https:\/\/antcube.shop\/en\/product\/antcube-korknest-30x30-liegend\/"},"modified":"2026-02-26T10:38:05","modified_gmt":"2026-02-26T09:38:05","slug":"antcube-korknest-30x30-liegend-2","status":"publish","type":"product","link":"https:\/\/antcube.shop\/de\/produkt\/antcube-korknest-30x30-liegend-2\/","title":{"rendered":"ANTCUBE - Korknest 30\u00d730 - liegend"},"content":{"rendered":"<p><strong>Abmessungen:<\/strong> 280x280x28mm<\/p>\n<p><strong>Material:<\/strong> Kork (fein)<\/p>\n<p><strong>Anwendung:<\/strong><br \/>\nPasst nur in unser ANTCUBE - Nest 30\u00d730 - horizontal<\/p>\n<p><strong>Beschreibung:\u00a0<\/strong><br \/>\nDieses Korknest mit vorgefertigten Tunneln und Kammern ist f\u00fcr zahlreiche Ameisenarten geeignet, insbesondere f\u00fcr solche, die in (totem) Holz nisten. Es hat zwei L\u00f6cher, die als Nesteing\u00e4nge dienen.<\/p>\n<p>Kork ist ein nat\u00fcrliches, chemisch neutrales Material. Seine Struktur ist fl\u00fcssigkeitsundurchl\u00e4ssig, reagiert nicht chemisch und bleibt daher lange Zeit intakt. Ein dauerhaft hoher Feuchtigkeitsgehalt kann jedoch F\u00e4ulnis f\u00f6rdern und die Lebensdauer des Nestes verk\u00fcrzen. Generell ist Kork sehr resistent gegen F\u00e4ulnis, Pilz- und Schimmelbefall. Seine besondere Oberfl\u00e4che und Struktur bieten kaum einen geeigneten N\u00e4hrboden f\u00fcr Pilze. Dennoch k\u00f6nnen Essensreste, Exkremente oder andere organische Substanzen das Schimmelwachstum f\u00f6rdern.<\/p>\n<p>Wir empfehlen daher, Ameisenarten aus trockeneren Regionen in Korknestern zu halten. Aber auch Arten aus feuchteren Lebensr\u00e4umen k\u00f6nnen darin untergebracht werden - f\u00fcr die meisten ist F\u00e4ulnis kein Problem. Viele Ameisenarten, die in Nordeuropa vorkommen, wie Camponotus herculeanus oder Formica fusca, sind sogar von Natur aus an verrottetes oder teilweise verrottetes Holz angepasst.<\/p>","protected":false},"excerpt":{"rendered":"<p>Gr\u00f6\u00dfe: 280x280x28mm<\/p>","protected":false},"featured_media":12291,"comment_status":"open","ping_status":"closed","template":"","meta":{"_acf_changed":false,"content-type":"","_monsterinsights_skip_tracking":false,"_monsterinsights_sitenote_active":false,"_monsterinsights_sitenote_note":"","_monsterinsights_sitenote_category":0},"product_brand":[484],"product_cat":[257,87,89],"product_tag":[],"class_list":{"0":"post-12286","1":"product","2":"type-product","3":"status-publish","4":"has-post-thumbnail","6":"product_brand-antcube","7":"product_cat-new-innovatve-products","8":"product_cat-nest-insets","9":"product_cat-cork","11":"first","12":"instock","13":"taxable","14":"shipping-taxable","15":"purchasable","16":"product-type-simple"},"acf":[],"aioseo_notices":[],"jetpack_sharing_enabled":true,"_links":{"self":[{"href":"https:\/\/antcube.shop\/de\/wp-json\/wp\/v2\/product\/12286","targetHints":{"allow":["GET"]}}],"collection":[{"href":"https:\/\/antcube.shop\/de\/wp-json\/wp\/v2\/product"}],"about":[{"href":"https:\/\/antcube.shop\/de\/wp-json\/wp\/v2\/types\/product"}],"replies":[{"embeddable":true,"href":"https:\/\/antcube.shop\/de\/wp-json\/wp\/v2\/comments?post=12286"}],"wp:featuredmedia":[{"embeddable":true,"href":"https:\/\/antcube.shop\/de\/wp-json\/wp\/v2\/media\/12291"}],"wp:attachment":[{"href":"https:\/\/antcube.shop\/de\/wp-json\/wp\/v2\/media?parent=12286"}],"wp:term":[{"taxonomy":"product_brand","embeddable":true,"href":"https:\/\/antcube.shop\/de\/wp-json\/wp\/v2\/product_brand?post=12286"},{"taxonomy":"product_cat","embeddable":true,"href":"https:\/\/antcube.shop\/de\/wp-json\/wp\/v2\/product_cat?post=12286"},{"taxonomy":"product_tag","embeddable":true,"href":"https:\/\/antcube.shop\/de\/wp-json\/wp\/v2\/product_tag?post=12286"}],"curies":[{"name":"wp","href":"https:\/\/api.w.org\/{rel}","templated":true}]}}