{"id":11506,"date":"2025-04-25T15:18:54","date_gmt":"2025-04-25T13:18:54","guid":{"rendered":"https:\/\/antcube.shop\/en\/product\/poster-die-rote-waldameise-formica-rufa-lebensweise-70x50\/"},"modified":"2026-02-03T16:28:08","modified_gmt":"2026-02-03T15:28:08","slug":"poster-die-rote-holzameise-formica-rufa-lebensweise-70x50","status":"publish","type":"product","link":"https:\/\/antcube.shop\/de\/produkt\/poster-die-rote-holzameise-formica-rufa-lebensweise-70x50\/","title":{"rendered":"Poster - Die rote Waldameise - Lebensweise von Formica rufa - 70\u00d750"},"content":{"rendered":"<p>Die rote Waldameise - Lebensweise von Formica rufa - Ameisenposter und Lehrmittel f\u00fcr Schulen\/Kinderg\u00e4rten.<\/p>\n<p><strong>Beschreibung verf\u00fcgbar in Deutsch, Englisch, Spanisch und Franz\u00f6sisch<\/strong><\/p>\n<p><strong>Abmessungen:<\/strong> 70\u00d750 cm<\/p>\n<p><strong>Material:<\/strong> Latexpapier<br \/>\nDieses Papier ist wasserfest, abwischbar, strapazierf\u00e4hig, umweltfreundlich, da es keine umweltsch\u00e4dlichen L\u00f6sungsmittel enth\u00e4lt, und liefert eine brillante Druckqualit\u00e4t.<\/p>\n<p><strong>Beschreibung:<\/strong> Dieses Poster gibt einen \u00dcberblick \u00fcber die Lebensweise und den Nestbau von Formica rufa, der h\u00fcgelbauenden Roten Waldameise aus Nord- und Mitteleuropa. Diese Art ist eine gesch\u00fctzte Art.<\/p>\n<p><strong>Wichtig - zus\u00e4tzliche Informationen:<\/strong> <a href=\"https:\/\/www.ants.de\/link\/1001\">Hier<\/a> finden Sie auf dem Plakat eine detaillierte Beschreibung der einzelnen Szenen. Diese sind nicht im Lieferumfang des Plakats enthalten, sondern k\u00f6nnen \u00fcber den folgenden Link separat abgerufen und ausgedruckt werden. https:\/\/www.ants.de\/link\/1005<\/p>","protected":false},"excerpt":{"rendered":"<p>Die rote Waldameise - Lebensweise von Formica rufa - Ameisenposter und Lehrmittel f\u00fcr Schulen\/Kinderg\u00e4rten. Beschreibung in Deutsch, Englisch, Spanisch und Franz\u00f6sisch erh\u00e4ltlich Abmessungen: 100x70 cm Material: Latexpapier Dieses Papier ist wasserfest, abwischbar, strapazierf\u00e4hig, umweltfreundlich, da es keine umweltsch\u00e4dlichen L\u00f6sungsmittel enth\u00e4lt und eine brillante Druckqualit\u00e4t aufweist. Beschreibung:","protected":false},"featured_media":11399,"comment_status":"open","ping_status":"closed","template":"","meta":{"_acf_changed":false,"content-type":"","_monsterinsights_skip_tracking":false,"_monsterinsights_sitenote_active":false,"_monsterinsights_sitenote_note":"","_monsterinsights_sitenote_category":0},"product_brand":[484],"product_cat":[500],"product_tag":[],"class_list":{"0":"post-11506","1":"product","2":"type-product","3":"status-publish","4":"has-post-thumbnail","6":"product_brand-antcube","7":"product_cat-ant-posters-and-teaching-aids","9":"first","10":"instock","11":"taxable","12":"shipping-taxable","13":"purchasable","14":"product-type-simple"},"acf":[],"aioseo_notices":[],"jetpack_sharing_enabled":true,"_links":{"self":[{"href":"https:\/\/antcube.shop\/de\/wp-json\/wp\/v2\/product\/11506","targetHints":{"allow":["GET"]}}],"collection":[{"href":"https:\/\/antcube.shop\/de\/wp-json\/wp\/v2\/product"}],"about":[{"href":"https:\/\/antcube.shop\/de\/wp-json\/wp\/v2\/types\/product"}],"replies":[{"embeddable":true,"href":"https:\/\/antcube.shop\/de\/wp-json\/wp\/v2\/comments?post=11506"}],"wp:featuredmedia":[{"embeddable":true,"href":"https:\/\/antcube.shop\/de\/wp-json\/wp\/v2\/media\/11399"}],"wp:attachment":[{"href":"https:\/\/antcube.shop\/de\/wp-json\/wp\/v2\/media?parent=11506"}],"wp:term":[{"taxonomy":"product_brand","embeddable":true,"href":"https:\/\/antcube.shop\/de\/wp-json\/wp\/v2\/product_brand?post=11506"},{"taxonomy":"product_cat","embeddable":true,"href":"https:\/\/antcube.shop\/de\/wp-json\/wp\/v2\/product_cat?post=11506"},{"taxonomy":"product_tag","embeddable":true,"href":"https:\/\/antcube.shop\/de\/wp-json\/wp\/v2\/product_tag?post=11506"}],"curies":[{"name":"wp","href":"https:\/\/api.w.org\/{rel}","templated":true}]}}