{"id":11498,"date":"2025-04-25T15:10:57","date_gmt":"2025-04-25T13:10:57","guid":{"rendered":"https:\/\/antcube.shop\/en\/product\/poster-honigtopfameisen-myrmecocystus-mexicanus-lebensweise-70x50\/"},"modified":"2026-02-03T16:28:35","modified_gmt":"2026-02-03T15:28:35","slug":"poster-honigtopfameisen-lebensweise-von-myrmecocystus-mexicanus-70x50","status":"publish","type":"product","link":"https:\/\/antcube.shop\/de\/produkt\/poster-honigtopfameisen-lebensweise-von-myrmecocystus-mexicanus-70x50\/","title":{"rendered":"Poster - Honigtopfameisen - Lebensweise von Myrmecocystus mexicanus - 70\u00d750"},"content":{"rendered":"<p>Honigtopfameisen - Myrmecocystus mexicanus Lebensweise - Ameisenposter und Unterrichtshilfe f\u00fcr Schulen\/ Kinderg\u00e4rten.<\/p>\n<p><strong>Beschreibung verf\u00fcgbar in Deutsch, Englisch, Spanisch und Franz\u00f6sisch<\/strong><\/p>\n<p><strong>Abmessungen:<\/strong> 70\u00d750 cm<\/p>\n<p><strong>Material:<\/strong> Latexpapier<br \/>\nDieses Papier ist wasserfest, abwischbar, strapazierf\u00e4hig, umweltfreundlich, da es keine umweltsch\u00e4dlichen L\u00f6sungsmittel enth\u00e4lt, und liefert eine brillante Druckqualit\u00e4t.<\/p>\n<p><strong>Beschreibung:<\/strong> Dieses Poster gibt einen \u00dcberblick \u00fcber die Lebensweise und den Nestbau von Myrmecocystus mexicanus, der Honigtopfameise aus dem S\u00fcden der USA und Mexiko.<\/p>\n<p><strong>Wichtig - zus\u00e4tzliche Informationen:<\/strong> <a href=\"https:\/\/www.ants.de\/link\/1004\">Hier<\/a> finden Sie auf dem Plakat eine detaillierte Beschreibung der einzelnen Szenen. Diese sind nicht enthalten, k\u00f6nnen aber \u00fcber den folgenden Link separat abgerufen und ausgedruckt werden. <a href=\"https:\/\/www.ants.de\/link\/1004\">https:\/\/www.ants.de\/link\/1004<\/a><\/p>","protected":false},"excerpt":{"rendered":"<p>Honigtopfameisen - Myrmecocystus mexicanus Lebensweise - Ameisenposter und Lehrmittel f\u00fcr Schulen\/ Kinderg\u00e4rten. Beschreibung in Deutsch, Englisch, Spanisch und Franz\u00f6sisch erh\u00e4ltlich Abmessungen: 70x50 cm Material: Latexpapier Dieses Papier ist wasserfest, abwischbar, strapazierf\u00e4hig, umweltfreundlich, da es keine umweltsch\u00e4dlichen L\u00f6sungsmittel enth\u00e4lt und eine brillante Druckqualit\u00e4t aufweist. Beschreibung: Dieses","protected":false},"featured_media":11398,"comment_status":"open","ping_status":"closed","template":"","meta":{"_acf_changed":false,"content-type":"","_monsterinsights_skip_tracking":false,"_monsterinsights_sitenote_active":false,"_monsterinsights_sitenote_note":"","_monsterinsights_sitenote_category":0},"product_brand":[484],"product_cat":[500],"product_tag":[],"class_list":{"0":"post-11498","1":"product","2":"type-product","3":"status-publish","4":"has-post-thumbnail","6":"product_brand-antcube","7":"product_cat-ant-posters-and-teaching-aids","9":"first","10":"instock","11":"taxable","12":"shipping-taxable","13":"purchasable","14":"product-type-simple"},"acf":[],"aioseo_notices":[],"jetpack_sharing_enabled":true,"_links":{"self":[{"href":"https:\/\/antcube.shop\/de\/wp-json\/wp\/v2\/product\/11498","targetHints":{"allow":["GET"]}}],"collection":[{"href":"https:\/\/antcube.shop\/de\/wp-json\/wp\/v2\/product"}],"about":[{"href":"https:\/\/antcube.shop\/de\/wp-json\/wp\/v2\/types\/product"}],"replies":[{"embeddable":true,"href":"https:\/\/antcube.shop\/de\/wp-json\/wp\/v2\/comments?post=11498"}],"wp:featuredmedia":[{"embeddable":true,"href":"https:\/\/antcube.shop\/de\/wp-json\/wp\/v2\/media\/11398"}],"wp:attachment":[{"href":"https:\/\/antcube.shop\/de\/wp-json\/wp\/v2\/media?parent=11498"}],"wp:term":[{"taxonomy":"product_brand","embeddable":true,"href":"https:\/\/antcube.shop\/de\/wp-json\/wp\/v2\/product_brand?post=11498"},{"taxonomy":"product_cat","embeddable":true,"href":"https:\/\/antcube.shop\/de\/wp-json\/wp\/v2\/product_cat?post=11498"},{"taxonomy":"product_tag","embeddable":true,"href":"https:\/\/antcube.shop\/de\/wp-json\/wp\/v2\/product_tag?post=11498"}],"curies":[{"name":"wp","href":"https:\/\/api.w.org\/{rel}","templated":true}]}}