{"id":11493,"date":"2025-04-25T14:46:45","date_gmt":"2025-04-25T12:46:45","guid":{"rendered":"https:\/\/antcube.shop\/en\/product\/poster-ameisen-lebenszyklus-lasius-niger-70x100\/"},"modified":"2026-01-12T12:41:45","modified_gmt":"2026-01-12T11:41:45","slug":"poster-ameise-lebenszyklus-lasius-niger-70x100","status":"publish","type":"product","link":"https:\/\/antcube.shop\/de\/produkt\/poster-ameise-lebenszyklus-lasius-niger-70x100\/","title":{"rendered":"Poster - Lebenszyklus der Ameise - Lasius niger 70\u00d7100"},"content":{"rendered":"<p>Ameisenlebenszyklus - Lasius niger - Ameisenposter und Lehrmittel f\u00fcr Schulen\/ Kinderg\u00e4rten.<\/p>\n<p><strong>Beschreibung verf\u00fcgbar in Deutsch, Englisch, Spanisch und Franz\u00f6sisch<\/strong><\/p>\n<p><strong>Abmessungen:<\/strong> 70\u00d7100 cm<\/p>\n<p><strong>Material:<\/strong> Latexpapier<br \/>\nDieses Papier ist wasserfest, abwischbar, strapazierf\u00e4hig, umweltfreundlich, da es keine umweltsch\u00e4dlichen L\u00f6sungsmittel enth\u00e4lt, und liefert eine brillante Druckqualit\u00e4t.<\/p>\n<p><strong>Beschreibung:<\/strong> Dieses Poster gibt einen \u00dcberblick \u00fcber die Entwicklungsstadien der Ameisen, vom Ei bis zur Arbeiterin, am Beispiel der Ameisenart Lasius niger.<\/p>\n<p><strong>Wichtig - zus\u00e4tzliche Informationen:<\/strong> <a href=\"https:\/\/www.ants.de\/link\/1100\">Hier<\/a> finden Sie auf dem Plakat eine detaillierte Beschreibung der einzelnen Szenen. Diese sind nicht im Lieferumfang des Plakats enthalten, sondern k\u00f6nnen \u00fcber den folgenden Link separat abgerufen und ausgedruckt werden. <a href=\"https:\/\/www.ants.de\/link\/1100\">https:\/\/www.ants.de\/link\/1100<\/a><\/p>","protected":false},"excerpt":{"rendered":"<p>Ameisenlebenszyklus - Lasius niger - Ameisenposter und Lehrmittel f\u00fcr Schulen\/ Kinderg\u00e4rten. Beschreibung in Deutsch, Englisch, Spanisch und Franz\u00f6sisch erh\u00e4ltlich Abmessungen: 70x100 cm Material: Latexpapier Dieses Papier ist wasserfest, abwischbar, strapazierf\u00e4hig, umweltfreundlich, da es keine umweltsch\u00e4dlichen L\u00f6sungsmittel enth\u00e4lt und eine brillante Druckqualit\u00e4t aufweist. Beschreibung: Dieses Poster","protected":false},"featured_media":11403,"comment_status":"open","ping_status":"closed","template":"","meta":{"_acf_changed":false,"content-type":"","_monsterinsights_skip_tracking":false,"_monsterinsights_sitenote_active":false,"_monsterinsights_sitenote_note":"","_monsterinsights_sitenote_category":0},"product_brand":[484],"product_cat":[500],"product_tag":[],"class_list":{"0":"post-11493","1":"product","2":"type-product","3":"status-publish","4":"has-post-thumbnail","6":"product_brand-antcube","7":"product_cat-ant-posters-and-teaching-aids","9":"first","10":"instock","11":"taxable","12":"shipping-taxable","13":"purchasable","14":"product-type-simple"},"acf":[],"aioseo_notices":[],"jetpack_sharing_enabled":true,"_links":{"self":[{"href":"https:\/\/antcube.shop\/de\/wp-json\/wp\/v2\/product\/11493","targetHints":{"allow":["GET"]}}],"collection":[{"href":"https:\/\/antcube.shop\/de\/wp-json\/wp\/v2\/product"}],"about":[{"href":"https:\/\/antcube.shop\/de\/wp-json\/wp\/v2\/types\/product"}],"replies":[{"embeddable":true,"href":"https:\/\/antcube.shop\/de\/wp-json\/wp\/v2\/comments?post=11493"}],"wp:featuredmedia":[{"embeddable":true,"href":"https:\/\/antcube.shop\/de\/wp-json\/wp\/v2\/media\/11403"}],"wp:attachment":[{"href":"https:\/\/antcube.shop\/de\/wp-json\/wp\/v2\/media?parent=11493"}],"wp:term":[{"taxonomy":"product_brand","embeddable":true,"href":"https:\/\/antcube.shop\/de\/wp-json\/wp\/v2\/product_brand?post=11493"},{"taxonomy":"product_cat","embeddable":true,"href":"https:\/\/antcube.shop\/de\/wp-json\/wp\/v2\/product_cat?post=11493"},{"taxonomy":"product_tag","embeddable":true,"href":"https:\/\/antcube.shop\/de\/wp-json\/wp\/v2\/product_tag?post=11493"}],"curies":[{"name":"wp","href":"https:\/\/api.w.org\/{rel}","templated":true}]}}