{"id":11413,"date":"2025-04-11T16:43:25","date_gmt":"2025-04-11T14:43:25","guid":{"rendered":"https:\/\/antcube.shop\/en\/product\/light-strip-pro-40cm\/"},"modified":"2026-03-27T13:58:51","modified_gmt":"2026-03-27T12:58:51","slug":"lichtleiste-pro-40cm","status":"publish","type":"product","link":"https:\/\/antcube.shop\/de\/produkt\/lichtleiste-pro-40cm\/","title":{"rendered":"Lichtleiste Pro 40cm"},"content":{"rendered":"<p><strong>Inhalt:<\/strong><br \/>\n1x Lichtleiste LED Pro<br \/>\n1x Halterung f\u00fcr Deckenmontage inkl. Schrauben<br \/>\n1x Netzstecker mit Schalter<\/p>\n<p><strong>Technische Daten:<\/strong><br \/>\nAbmessungen: 400x124x42 mm<br \/>\nBeleuchtung: LED<br \/>\nLeistungsaufnahme: 16 W<br \/>\nLichtstrom: 2200 lm (140 lm\/W)<br \/>\nLichtfarbe: 6000K<br \/>\nLebensdauer: ~ 25.000 h<br \/>\nKabell\u00e4nge: 145 cm<\/p>\n<p><strong>Material:<\/strong> Kunststoff<\/p>\n<p><strong>Farbe:<\/strong> schwarz<\/p>\n<p><strong>Beschreibung:<\/strong><br \/>\nLED-Beleuchtung f\u00fcr Formicarien, Vivarien und Terrarien mit den Ma\u00dfen 60x30x60.<br \/>\nGesch\u00fctzt gegen Spritzwasser nach IP65, was die Light Strips perfekt f\u00fcr tropische Terrarien macht. Durch die geringe W\u00e4rmeentwicklung sind die Light Strip Lampen auch f\u00fcr Arten mit geringerem W\u00e4rmebedarf sehr gut geeignet.<\/p>","protected":false},"excerpt":{"rendered":"<p><span style=\"font-weight: 400;\">Leistungsaufnahme: 16 W<\/span><\/p>","protected":false},"featured_media":11368,"comment_status":"open","ping_status":"closed","template":"","meta":{"_acf_changed":false,"content-type":"","_monsterinsights_skip_tracking":false,"_monsterinsights_sitenote_active":false,"_monsterinsights_sitenote_note":"","_monsterinsights_sitenote_category":0},"product_brand":[],"product_cat":[359,257,119],"product_tag":[],"class_list":{"0":"post-11413","1":"product","2":"type-product","3":"status-publish","4":"has-post-thumbnail","6":"product_cat-light-heat-humidity","7":"product_cat-new-innovatve-products","8":"product_cat-formicarium-components","10":"first","11":"instock","12":"taxable","13":"shipping-taxable","14":"purchasable","15":"product-type-simple"},"acf":[],"aioseo_notices":[],"jetpack_sharing_enabled":true,"_links":{"self":[{"href":"https:\/\/antcube.shop\/de\/wp-json\/wp\/v2\/product\/11413","targetHints":{"allow":["GET"]}}],"collection":[{"href":"https:\/\/antcube.shop\/de\/wp-json\/wp\/v2\/product"}],"about":[{"href":"https:\/\/antcube.shop\/de\/wp-json\/wp\/v2\/types\/product"}],"replies":[{"embeddable":true,"href":"https:\/\/antcube.shop\/de\/wp-json\/wp\/v2\/comments?post=11413"}],"wp:featuredmedia":[{"embeddable":true,"href":"https:\/\/antcube.shop\/de\/wp-json\/wp\/v2\/media\/11368"}],"wp:attachment":[{"href":"https:\/\/antcube.shop\/de\/wp-json\/wp\/v2\/media?parent=11413"}],"wp:term":[{"taxonomy":"product_brand","embeddable":true,"href":"https:\/\/antcube.shop\/de\/wp-json\/wp\/v2\/product_brand?post=11413"},{"taxonomy":"product_cat","embeddable":true,"href":"https:\/\/antcube.shop\/de\/wp-json\/wp\/v2\/product_cat?post=11413"},{"taxonomy":"product_tag","embeddable":true,"href":"https:\/\/antcube.shop\/de\/wp-json\/wp\/v2\/product_tag?post=11413"}],"curies":[{"name":"wp","href":"https:\/\/api.w.org\/{rel}","templated":true}]}}