{"id":11411,"date":"2025-04-11T16:41:28","date_gmt":"2025-04-11T14:41:28","guid":{"rendered":"https:\/\/antcube.shop\/en\/product\/light-strip-20-erweiterung\/"},"modified":"2026-03-16T10:38:25","modified_gmt":"2026-03-16T09:38:25","slug":"lichtleiste-20-verlangerung","status":"publish","type":"product","link":"https:\/\/antcube.shop\/de\/produkt\/lichtleiste-20-verlangerung\/","title":{"rendered":"Light Strip 20 Verl\u00e4ngerung"},"content":{"rendered":"<p><strong>Inhalt:<\/strong><br \/>\n1x Lichtstreifen LED mini 14cm<br \/>\n1x Halterung f\u00fcr Deckenmontage inkl. Schrauben<br \/>\n1x Anschlusskabel<br \/>\n1x Anschlussstecker<\/p>\n<p><strong>Technische Daten:<\/strong><br \/>\nAbmessungen: 140x60x9mm<br \/>\nBeleuchtung: LED<br \/>\nLeistungsaufnahme: 2W<br \/>\nLichtstrom: 210 lm (105 lm\/W)<br \/>\nLichtfarbe: 3000K \/ 4000K \/ 6500K<br \/>\nLebensdauer: ~ 25.000 h<br \/>\nKabell\u00e4nge: 30cm<br \/>\nDimmbar<\/p>\n<p><strong>Material:<\/strong> Kunststoff<\/p>\n<p><strong>Farbe:<\/strong> wei\u00df<\/p>\n<p><strong>Beschreibung:<\/strong><br \/>\nIdeal f\u00fcr alle Ameisenarten. Tageslicht\u00e4hnliches Spektrum mit guter Ausleuchtung des Formicariums. Keine unerw\u00fcnschte W\u00e4rmeabgabe, extrem energiesparend.<br \/>\nDiese LED-Lampe ist f\u00fcr Formicarien und Vivarien der Gr\u00f6\u00dfe 20x20x20, 20x20x10 und 20x10x10 geeignet. Sie kann einfach auf den Deckel gestellt werden. Die Helligkeit ist in 10 Stufen dimmbar und es k\u00f6nnen 3 verschiedene Lichtfarben eingestellt werden, von \"kaltwei\u00df\" \u00fcber \"nat\u00fcrliches\" bis \"warmes\" Licht. Bei Formicarien mit einer Breite von 40 cm k\u00f6nnen zwei Lampen ineinander gesteckt werden. Ab einer H\u00f6he von mehr als 30 cm erreicht nur noch wenig Licht den Boden.<\/p>\n<p><strong>Das ist wichtig:<\/strong> Ohne Stromanschluss! Funktioniert nur in Verbindung mit dem Light Strip 20 (1005742) oder 30 (1005742).<br \/>\nSo k\u00f6nnen z.B. 6 Lampen 20 (bis zu 12 Watt) in Reihe mit einem Netzger\u00e4t geschaltet werden.<\/p>","protected":false},"excerpt":{"rendered":"<p><span style=\"font-weight: 400;\">Leistungsaufnahme: 2W<\/span><\/p>","protected":false},"featured_media":11377,"comment_status":"open","ping_status":"closed","template":"","meta":{"_acf_changed":false,"content-type":"","_monsterinsights_skip_tracking":false,"_monsterinsights_sitenote_active":false,"_monsterinsights_sitenote_note":"","_monsterinsights_sitenote_category":0},"product_brand":[],"product_cat":[359,257,119],"product_tag":[],"class_list":{"0":"post-11411","1":"product","2":"type-product","3":"status-publish","4":"has-post-thumbnail","6":"product_cat-light-heat-humidity","7":"product_cat-new-innovatve-products","8":"product_cat-formicarium-components","10":"first","11":"instock","12":"taxable","13":"shipping-taxable","14":"purchasable","15":"product-type-simple"},"acf":[],"aioseo_notices":[],"jetpack_sharing_enabled":true,"_links":{"self":[{"href":"https:\/\/antcube.shop\/de\/wp-json\/wp\/v2\/product\/11411","targetHints":{"allow":["GET"]}}],"collection":[{"href":"https:\/\/antcube.shop\/de\/wp-json\/wp\/v2\/product"}],"about":[{"href":"https:\/\/antcube.shop\/de\/wp-json\/wp\/v2\/types\/product"}],"replies":[{"embeddable":true,"href":"https:\/\/antcube.shop\/de\/wp-json\/wp\/v2\/comments?post=11411"}],"wp:featuredmedia":[{"embeddable":true,"href":"https:\/\/antcube.shop\/de\/wp-json\/wp\/v2\/media\/11377"}],"wp:attachment":[{"href":"https:\/\/antcube.shop\/de\/wp-json\/wp\/v2\/media?parent=11411"}],"wp:term":[{"taxonomy":"product_brand","embeddable":true,"href":"https:\/\/antcube.shop\/de\/wp-json\/wp\/v2\/product_brand?post=11411"},{"taxonomy":"product_cat","embeddable":true,"href":"https:\/\/antcube.shop\/de\/wp-json\/wp\/v2\/product_cat?post=11411"},{"taxonomy":"product_tag","embeddable":true,"href":"https:\/\/antcube.shop\/de\/wp-json\/wp\/v2\/product_tag?post=11411"}],"curies":[{"name":"wp","href":"https:\/\/api.w.org\/{rel}","templated":true}]}}