{"id":11409,"date":"2025-04-11T16:39:39","date_gmt":"2025-04-11T14:39:39","guid":{"rendered":"https:\/\/antcube.shop\/en\/product\/light-strip-20\/"},"modified":"2026-04-02T09:54:22","modified_gmt":"2026-04-02T07:54:22","slug":"lichtleiste-20","status":"publish","type":"product","link":"https:\/\/antcube.shop\/de\/produkt\/lichtleiste-20\/","title":{"rendered":"Lichtstreifen 20"},"content":{"rendered":"<p><strong>Inhalt:<\/strong><br \/>\n1x Lichtstreifen LED mini 14cm<br \/>\n1x Halterung f\u00fcr Deckenmontage inkl. Schrauben<br \/>\n1x Netzstecker mit Schalter<\/p>\n<p><strong>Technische Daten:<\/strong><br \/>\nAbmessungen: 140x60x9mm<br \/>\nBeleuchtung: LED<br \/>\nLeistungsaufnahme: 2W<br \/>\nLichtstrom: 210 lm (105 lm\/W)<br \/>\nLichtfarbe: 3000K \/ 4000K \/ 6500K<br \/>\nLebensdauer: ~ 25.000 h<br \/>\nKabell\u00e4nge: 156 cm<br \/>\nDimmbar<\/p>\n<p><strong>Material:<\/strong> Kunststoff<\/p>\n<p><strong>Farbe:<\/strong> wei\u00df<\/p>\n<p><strong>Beschreibung:<\/strong><br \/>\nIdeal f\u00fcr alle Ameisenarten. Tageslicht\u00e4hnliches Spektrum mit guter Ausleuchtung des Formicariums. Keine unerw\u00fcnschte W\u00e4rmeabgabe, extrem energiesparend.<br \/>\nDiese LED-Lampe ist f\u00fcr Formicarien und Vivarien der Gr\u00f6\u00dfe 20x20x20, 20x20x10 und 20x10x10 geeignet. Sie kann einfach auf den Deckel gestellt werden. Die Helligkeit ist in 10 Stufen dimmbar und es k\u00f6nnen 3 verschiedene Lichtfarben eingestellt werden, von \"kaltwei\u00df\" \u00fcber \"nat\u00fcrliches\" bis zu \"warmes\" Licht. F\u00fcr Formicarien mit einer Breite von 40 cm kann eine Verl\u00e4ngerung bestellt werden. Diese ist weiter unten im Artikel verlinkt. Ab einer H\u00f6he von mehr als 30 cm gelangt nur noch wenig Licht nach unten.<\/p>","protected":false},"excerpt":{"rendered":"<p><span style=\"font-weight: 400;\">Leistungsaufnahme: 2W<\/span><\/p>","protected":false},"featured_media":11376,"comment_status":"open","ping_status":"closed","template":"","meta":{"_acf_changed":false,"content-type":"","_monsterinsights_skip_tracking":false,"_monsterinsights_sitenote_active":false,"_monsterinsights_sitenote_note":"","_monsterinsights_sitenote_category":0},"product_brand":[],"product_cat":[359,257,119],"product_tag":[],"class_list":{"0":"post-11409","1":"product","2":"type-product","3":"status-publish","4":"has-post-thumbnail","6":"product_cat-light-heat-humidity","7":"product_cat-new-innovatve-products","8":"product_cat-formicarium-components","10":"first","11":"instock","12":"taxable","13":"shipping-taxable","14":"purchasable","15":"product-type-simple"},"acf":[],"aioseo_notices":[],"jetpack_sharing_enabled":true,"_links":{"self":[{"href":"https:\/\/antcube.shop\/de\/wp-json\/wp\/v2\/product\/11409","targetHints":{"allow":["GET"]}}],"collection":[{"href":"https:\/\/antcube.shop\/de\/wp-json\/wp\/v2\/product"}],"about":[{"href":"https:\/\/antcube.shop\/de\/wp-json\/wp\/v2\/types\/product"}],"replies":[{"embeddable":true,"href":"https:\/\/antcube.shop\/de\/wp-json\/wp\/v2\/comments?post=11409"}],"wp:featuredmedia":[{"embeddable":true,"href":"https:\/\/antcube.shop\/de\/wp-json\/wp\/v2\/media\/11376"}],"wp:attachment":[{"href":"https:\/\/antcube.shop\/de\/wp-json\/wp\/v2\/media?parent=11409"}],"wp:term":[{"taxonomy":"product_brand","embeddable":true,"href":"https:\/\/antcube.shop\/de\/wp-json\/wp\/v2\/product_brand?post=11409"},{"taxonomy":"product_cat","embeddable":true,"href":"https:\/\/antcube.shop\/de\/wp-json\/wp\/v2\/product_cat?post=11409"},{"taxonomy":"product_tag","embeddable":true,"href":"https:\/\/antcube.shop\/de\/wp-json\/wp\/v2\/product_tag?post=11409"}],"curies":[{"name":"wp","href":"https:\/\/api.w.org\/{rel}","templated":true}]}}