{"id":11407,"date":"2025-04-11T16:38:16","date_gmt":"2025-04-11T14:38:16","guid":{"rendered":"https:\/\/antcube.shop\/en\/product\/terracube-60x30x60-terrarium-mit-schiebetur\/"},"modified":"2026-04-02T12:12:14","modified_gmt":"2026-04-02T10:12:14","slug":"terracube-60x30x60-terrarium-mit-schiebetur-2","status":"publish","type":"product","link":"https:\/\/antcube.shop\/de\/produkt\/terracube-60x30x60-terrarium-mit-schiebetur-2\/","title":{"rendered":"TERRACUBE 60x30x60 Terrarium mit Schiebet\u00fcr"},"content":{"rendered":"<p><strong>TERRACUBE Terrarium 60x30x60 mit Schiebet\u00fcr und 2x 50mm \u00d6ffnungen.<\/strong><\/p>\n<p><strong>Abmessungen:<\/strong> 600 x 300 x 600 mm; 4 mm Glasdicke<br \/>\n<strong>Material:<\/strong> Floatglas<br \/>\n<strong>Verbindung:<\/strong> 2x 50 mm Loch (2x seitlich)<\/p>\n<p><strong>Vordere \u00d6ffnung (Schiebet\u00fcr):<\/strong> 300\u00d7300 mm<br \/>\nH\u00f6he der Stange: 12,5 cm<br \/>\nStangenbreite: 4 cm<\/p>\n<p><strong>Beschreibung:<\/strong><br \/>\n<strong>TERRACUBE - Das volltransparente, modulare Terrariensystem mit cleveren Details<\/strong><br \/>\nTERRACUBE Terrarien stehen f\u00fcr maximale Transparenz (360\u00b0) und ein elegantes, klares Design. Alle Kanten sind pr\u00e4zise verklebt, so dass keine st\u00f6renden Silikon-N\u00e4hte sichtbar sind. Auch das verwendete Silikon ist komplett transparent - f\u00fcr einen rundum ungetr\u00fcbten Blick ins Innere.<\/p>\n<p><strong>Ausgekl\u00fcgelte Bel\u00fcftung und technische Zug\u00e4nge<\/strong><br \/>\n<strong>Zwei seitliche L\u00f6cher (\u00d8 50 mm) bieten flexible Einsatzm\u00f6glichkeiten:<\/strong><br \/>\nSie k\u00f6nnen entweder zur zus\u00e4tzlichen Bel\u00fcftung oder als Zugang f\u00fcr Technik wie Thermo-\/Hygrometer, Vernebler, Heizsteine und vieles mehr genutzt werden.<\/p>\n<p>Die Abdeckung wird separat verkauft und ist in verschiedenen Ausf\u00fchrungen erh\u00e4ltlich - je nach Lebensraum mit unterschiedlichen L\u00fcftungsbereichen und L\u00f6chern f\u00fcr zus\u00e4tzliche Bel\u00fcftung oder technisches Zubeh\u00f6r wie Regensysteme oder Ventilatoren.<\/p>\n<p><strong>Sicheres Gitter - auch f\u00fcr Kleintiere geeignet<\/strong><br \/>\nDas feinmaschige Edelstahl-L\u00fcftungsgitter an der Stange ist so dicht, dass selbst winzige Arten wie Fruchtfliegen (Drosophila) oder Ameisen nicht entkommen k\u00f6nnen. Getragen wird es von einer stabilen Aluminium-Lochplatte. Das macht das Konzept korrosionsfrei (wartungsarm und langlebig) und stabil, auch gegen mechanische Einwirkungen von gr\u00f6\u00dferen Reptilien.<\/p>\n<p><strong>Schiebet\u00fcr - praktisch und fast unsichtbar<\/strong><br \/>\nDie praktische Schiebet\u00fcr ist mit einem transparenten Griff an einem ebenfalls vollst\u00e4ndig transparenten B\u00fcgel ausgestattet. So bleibt der Blick immer auf den liebevoll gestalteten Innenraum oder die darin gehaltenen Tiere gerichtet.<\/p>\n<p><strong>Modulares System - verbinden Sie Terrarien miteinander<\/strong><br \/>\nMehrere TERRACUBE-Terrarien k\u00f6nnen dank der L\u00f6cher an der Seite und der passenden transparenten Acryl-Verbindungsst\u00fccke oder -R\u00f6hren miteinander verbunden werden.<br \/>\nSo kann beispielsweise ein Ameisenvolk in einem benachbarten Becken als Nahrungsquelle f\u00fcr Reptilien gehalten werden - mit einem sicheren R\u00fcckzugsort, falls das Reptil nicht durch die R\u00f6hre passt. Auch ganze Systeme, zum Beispiel f\u00fcr Fr\u00f6sche oder Salamander, k\u00f6nnen auf diese Weise flexibel erweitert werden.<\/p>\n<p><strong>Anmerkung:<\/strong> Der Zuschnitt des Glases erfolgt nach DIN 1249 mit einer Toleranz von +\/- 1 mm. F\u00fcr extrem kleine Ameisenarten ist ein zus\u00e4tzlicher Ausbruchsschutz erforderlich.<\/p>","protected":false},"excerpt":{"rendered":"<p>TERRACUBE Terrarium 60x30x60 mit Schiebet\u00fcr und 2x 50mm \u00d6ffnungen. Abmessungen: 600 x 300 x 600 mm; 4mm Glasst\u00e4rke Material: Floatglas Anschluss: 2x 50 mm Loch (2x seitlich) Front\u00f6ffnung (Schiebet\u00fcr): 300x300 mm Sprossenh\u00f6he: 12,5 cm Sprossenbreite: 4 cm Beschreibung: TERRACUBE - Das volltransparente, modulare Terrariensystem","protected":false},"featured_media":11397,"comment_status":"open","ping_status":"closed","template":"","meta":{"_acf_changed":false,"content-type":"","_monsterinsights_skip_tracking":false,"_monsterinsights_sitenote_active":false,"_monsterinsights_sitenote_note":"","_monsterinsights_sitenote_category":0},"product_brand":[499],"product_cat":[257],"product_tag":[],"class_list":{"0":"post-11407","1":"product","2":"type-product","3":"status-publish","4":"has-post-thumbnail","6":"product_brand-terracube","7":"product_cat-new-innovatve-products","8":"product_shipping_class-forwarding-on-pallet","10":"first","11":"instock","12":"taxable","13":"shipping-taxable","14":"purchasable","15":"product-type-simple"},"acf":[],"aioseo_notices":[],"jetpack_sharing_enabled":true,"_links":{"self":[{"href":"https:\/\/antcube.shop\/de\/wp-json\/wp\/v2\/product\/11407","targetHints":{"allow":["GET"]}}],"collection":[{"href":"https:\/\/antcube.shop\/de\/wp-json\/wp\/v2\/product"}],"about":[{"href":"https:\/\/antcube.shop\/de\/wp-json\/wp\/v2\/types\/product"}],"replies":[{"embeddable":true,"href":"https:\/\/antcube.shop\/de\/wp-json\/wp\/v2\/comments?post=11407"}],"wp:featuredmedia":[{"embeddable":true,"href":"https:\/\/antcube.shop\/de\/wp-json\/wp\/v2\/media\/11397"}],"wp:attachment":[{"href":"https:\/\/antcube.shop\/de\/wp-json\/wp\/v2\/media?parent=11407"}],"wp:term":[{"taxonomy":"product_brand","embeddable":true,"href":"https:\/\/antcube.shop\/de\/wp-json\/wp\/v2\/product_brand?post=11407"},{"taxonomy":"product_cat","embeddable":true,"href":"https:\/\/antcube.shop\/de\/wp-json\/wp\/v2\/product_cat?post=11407"},{"taxonomy":"product_tag","embeddable":true,"href":"https:\/\/antcube.shop\/de\/wp-json\/wp\/v2\/product_tag?post=11407"}],"curies":[{"name":"wp","href":"https:\/\/api.w.org\/{rel}","templated":true}]}}