{"id":11406,"date":"2025-04-11T16:37:03","date_gmt":"2025-04-11T14:37:03","guid":{"rendered":"https:\/\/antcube.shop\/en\/product\/plantcube-60x30x60-schiebetur\/"},"modified":"2026-03-30T17:42:10","modified_gmt":"2026-03-30T15:42:10","slug":"plantcube-vivarium-60x30x60-mit-schiebetur","status":"publish","type":"product","link":"https:\/\/antcube.shop\/de\/produkt\/plantcube-vivarium-60x30x60-mit-schiebetur\/","title":{"rendered":"PLANTCUBE Vivarium 60x30x60 mit Schiebet\u00fcr"},"content":{"rendered":"<p><strong>HOLEN SIE SICH EIN ST\u00dcCK NATUR F\u00dcR IHR ZUHAUSE<\/strong><\/p>\n<p><strong>Inhalt:<\/strong><br \/>\n1x PLANTCUBE Vivarium 60x30x60 mit Schiebet\u00fcr<br \/>\n2x D\u00fcbel f\u00fcr 10mm Loch<\/p>\n<p>Glasw\u00fcrfel 60x30x60cm mit 2x seitlichem 50mm Loch und 2x seitlichem 10mm Loch<br \/>\nDas 50-mm-Loch (Mitte) befindet sich in einer H\u00f6he von 15 cm. Der untere Rand des Lochs liegt bei ~12,5 cm.<\/p>\n<p><strong>Abmessungen:<\/strong> 600 x 300 x 600 mm; 4 mm Glasdicke<br \/>\n<strong>Material:<\/strong> Floatglas<br \/>\n<strong>Seitliche \u00d6ffnungen:<\/strong><br \/>\n2x Loch 50mm<br \/>\n2x Loch 10mm<\/p>\n<p><strong>Vordere \u00d6ffnung (Schiebet\u00fcr):<\/strong> 300 x 300 mm<\/p>\n<p><strong>Beschreibung:<\/strong> Mit unseren PLANTCUBE Vivarien k\u00f6nnen Sie Ihr eigenes lebendes Kunstwerk f\u00fcr Ihr Wohnzimmer gestalten. Sie k\u00f6nnen auch kleine Tiere in einem PLANTCUBE halten, so dass Ihrer Kreativit\u00e4t keine Grenzen gesetzt sind.<\/p>\n<p>Wenn Sie mehr \u00fcber PLANTCUBE erfahren oder unsere Schritt-f\u00fcr-Schritt-Anleitung zum Einrichten Ihres Vivariums lesen m\u00f6chten, besuchen Sie den folgenden Link: <a href=\"https:\/\/antcube.shop\/plantcube\/\">antcube.shop\/PLANTCUBE<\/a><\/p>\n<p><strong>Passen Sie Ihren PLANTCUBE an Ihre eigenen Bed\u00fcrfnisse oder die Ihrer Pflanzen und Tiere an:<\/strong><br \/>\nDie beiden 10mm L\u00f6cher an der Seite, die sich in 2cm H\u00f6he (Mitte) vom Boden befinden, sind f\u00fcr das Ablassen von \u00fcbersch\u00fcssigem Wasser. Sie k\u00f6nnen zum Beispiel unseren transparenten Schlauch 10\/06 mm verwenden, um das Wasser abzulassen. Die beiden 50-mm-L\u00f6cher k\u00f6nnen entweder mit den mitgelieferten Stopfen verschlossen werden oder dienen bei Ausstattung mit Gittereins\u00e4tzen als zus\u00e4tzliche Bel\u00fcftung. Sie k\u00f6nnen hier sogar zwei Aufbauten \u00fcber ein Acrylrohr miteinander verbinden. So k\u00f6nnen die Tiere, die Sie in Ihrem Vivarium halten, frei von einer Einrichtung zur anderen wandern.<\/p>\n<p><strong>Wie Sie Ihren PLANTCUBE in ein bioaktives \u00d6kosystem verwandeln?<\/strong><br \/>\n<strong>Erstellen Sie eine Drainageschicht:<\/strong><br \/>\nUm Ihre Pflanzen zu unterst\u00fctzen, sollten Sie zuerst eine Drainageschicht in Ihrem Vivarium aufbauen. Wir empfehlen Ihnen, 2-3 cm Tongranulat (4-8 mm) zu verwenden, da dieses leicht ist. Achten Sie darauf, sie vor dem Einsetzen unter flie\u00dfendem Wasser zu waschen, um sie von Staub zu befreien.<\/p>\n<p>Sie k\u00f6nnen ein Drainagevlies auf das Tongranulat legen, um die Drainage vom Substrat zu trennen.<\/p>\n<p><strong>Welche Pflanzen und welche Erde zu verwenden sind:<\/strong><br \/>\nDas h\u00e4ngt alles von der Art des \"\u00d6kosystems\" ab, das Sie schaffen wollen. Wenn Sie ein W\u00fcsten- oder eher trockenes Vivarium einrichten wollen, brauchen Sie Pflanzen, die in diesem Klima gedeihen, und den entsprechenden Boden, in dem sie gerne wachsen. F\u00fcr tropische Vivarien gilt nat\u00fcrlich das Gleiche. Versuchen Sie, Pflanzen aus \u00e4hnlichen Regionen und\/oder Klimazonen zu verwenden, damit sie alle in der gleichen Art von Boden und Klima gut gedeihen. Ein gutes Pflanzengesch\u00e4ft sollte immer Informationen \u00fcber das passende Klima und den passenden Boden f\u00fcr die Pflanzen haben, die es verkauft.<\/p>\n<p><strong>Das ist wichtig:<\/strong> Wenn Sie Pflanzen und Tiere zusammen halten wollen, sollten Sie niemals Pflanzen verwenden, von denen Sie nicht wissen, ob sie mit D\u00fcngemitteln oder Pestiziden in Kontakt gekommen sind. Verwenden Sie nur Pflanzen aus Terrariengesch\u00e4ften oder \u00e4hnlichem, die garantiert frei von Pestiziden und D\u00fcngemitteln sind. Diese k\u00f6nnen sonst zum Tod Ihrer Tiere f\u00fchren.<\/p>\n<p><strong>F\u00fchren Sie eine \"Clean up crew\" ein, um Ihr Vivarium bioaktiv zu machen<\/strong><br \/>\nWas ist bioaktiv? Dies kommt einer selbstversorgenden Einrichtung am n\u00e4chsten. Es geht darum, eine geeignete Bodenmischung und organisches Material hinzuzuf\u00fcgen, damit sich eine Mikroflora bilden kann, sowie die notwendige Mikrofauna, um einen N\u00e4hrstoffkreislauf in Ihrem Vivarium zu schaffen.<\/p>\n<p><strong>Unser Tipp:<\/strong> Unser Tipp: F\u00fcgen Sie immer kleine Lebewesen wie Springschw\u00e4nze und Asseln hinzu. Diese sind nicht nur selbst eine gute \"unendliche\" Nahrungsquelle, wenn Sie andere Tiere in Ihrem Vivarium halten wollen. Sie ern\u00e4hren sich vor allem von Schimmelpilzen, die sich aufgrund der hohen Luftfeuchtigkeit bilden k\u00f6nnen, und reichern den Boden mit N\u00e4hrstoffen an, die wiederum ein gesundes Wachstum der Pflanzen erm\u00f6glichen.<\/p>\n<p>F\u00fcgen Sie Ihrem Boden etwas Holzkohle hinzu, die die Besiedlung durch Mikroben f\u00f6rdert. Moos und Korkrinde oder wei\u00dfes, verrottetes Holz sowie Laubstreu sehen nicht nur nat\u00fcrlich aus, sie bieten auch Nahrung f\u00fcr Ihre \"Putzkolonne\", Versteck- und Brutm\u00f6glichkeiten f\u00fcr sie und lassen sich leicht in N\u00e4hrstoffe f\u00fcr Ihre Pflanzen umwandeln.<\/p>\n<p><strong>In der Natur dreht sich alles um das Gleichgewicht<\/strong><br \/>\nEs ist jedoch nicht ratsam, bestimmte Isopodenarten zu verwenden, ohne etwas hinzuzuf\u00fcgen, das sie jagt, da eine Isopodenpopulation ohne Fressfeinde wie z. B. Ameisen gerne aus dem Ruder l\u00e4uft und die Pflanzen in Ihrem Vivarium dann schnell zu einer unerw\u00fcnschten Nahrungsquelle werden. In der Natur dreht sich alles um das Gleichgewicht.<\/p>\n<p><strong>Weitere Informationen:<\/strong><br \/>\nDas Glas ist nach DIN 1249 mit einer Toleranz von +\/- 1mm geschliffen. F\u00fcr extrem kleine Ameisenarten ist ein zus\u00e4tzlicher Ausbruchsschutz erforderlich.<\/p>","protected":false},"excerpt":{"rendered":"<p><strong>Verbindung:<\/strong> 2x seitliches 50mm Loch und 2x seitliches 10mm Loch<\/p>","protected":false},"featured_media":11362,"comment_status":"open","ping_status":"closed","template":"","meta":{"_acf_changed":false,"content-type":"","_monsterinsights_skip_tracking":false,"_monsterinsights_sitenote_active":false,"_monsterinsights_sitenote_note":"","_monsterinsights_sitenote_category":0},"product_brand":[483],"product_cat":[257,341],"product_tag":[],"class_list":{"0":"post-11406","1":"product","2":"type-product","3":"status-publish","4":"has-post-thumbnail","6":"product_brand-plantcube","7":"product_cat-new-innovatve-products","8":"product_cat-vivariums","9":"product_shipping_class-forwarding-on-pallet","11":"first","12":"instock","13":"taxable","14":"shipping-taxable","15":"purchasable","16":"product-type-simple"},"acf":[],"aioseo_notices":[],"jetpack_sharing_enabled":true,"_links":{"self":[{"href":"https:\/\/antcube.shop\/de\/wp-json\/wp\/v2\/product\/11406","targetHints":{"allow":["GET"]}}],"collection":[{"href":"https:\/\/antcube.shop\/de\/wp-json\/wp\/v2\/product"}],"about":[{"href":"https:\/\/antcube.shop\/de\/wp-json\/wp\/v2\/types\/product"}],"replies":[{"embeddable":true,"href":"https:\/\/antcube.shop\/de\/wp-json\/wp\/v2\/comments?post=11406"}],"wp:featuredmedia":[{"embeddable":true,"href":"https:\/\/antcube.shop\/de\/wp-json\/wp\/v2\/media\/11362"}],"wp:attachment":[{"href":"https:\/\/antcube.shop\/de\/wp-json\/wp\/v2\/media?parent=11406"}],"wp:term":[{"taxonomy":"product_brand","embeddable":true,"href":"https:\/\/antcube.shop\/de\/wp-json\/wp\/v2\/product_brand?post=11406"},{"taxonomy":"product_cat","embeddable":true,"href":"https:\/\/antcube.shop\/de\/wp-json\/wp\/v2\/product_cat?post=11406"},{"taxonomy":"product_tag","embeddable":true,"href":"https:\/\/antcube.shop\/de\/wp-json\/wp\/v2\/product_tag?post=11406"}],"curies":[{"name":"wp","href":"https:\/\/api.w.org\/{rel}","templated":true}]}}