{"id":11137,"date":"2025-03-06T15:59:48","date_gmt":"2025-03-06T14:59:48","guid":{"rendered":"https:\/\/antcube.shop\/en\/product\/antcube-arena-60x30x60-mit-schiebetur\/"},"modified":"2026-01-12T12:41:14","modified_gmt":"2026-01-12T11:41:14","slug":"antcube-arena-60x30x60-mit-schiebetur-2","status":"publish","type":"product","link":"https:\/\/antcube.shop\/de\/produkt\/antcube-arena-60x30x60-mit-schiebetur-2\/","title":{"rendered":"ANTCUBE Arena 60x30x60 mit Schiebet\u00fcr"},"content":{"rendered":"<p><strong>ANTCUBE Arena 60x30x60 mit Schiebet\u00fcr und 4x 50mm \u00d6ffnungen.<\/strong><\/p>\n<p><strong>Abmessungen:<\/strong> 600 x 300 x 600 mm; 4 mm Glasdicke<br \/>\n<strong>Material:<\/strong> Floatglas<br \/>\n<strong>Verbindung:<\/strong> 4x 50 mm Loch (2x seitlich und 2x vorne)<\/p>\n<p><strong>Vordere \u00d6ffnung (Schiebet\u00fcr):<\/strong> 300\u00d7300 mm<\/p>\n<p><strong>Beschreibung:<\/strong> Unsere ANTCUBE arena 60x30x60 mit Schiebet\u00fcr wurde entwickelt, um auch bei voller Formicaria bequem arbeiten zu k\u00f6nnen. Sie ist auch als Erweiterung zu unserer Arena mit Schiebet\u00fcr in 60x30x30 geeignet. Der Unterschied liegt in den neuen L\u00f6chern an der Vorderseite, um eine zus\u00e4tzliche Bel\u00fcftung zu schaffen oder, wenn an den Seiten kein Platz ist, um zus\u00e4tzliche Arenen mit Acrylr\u00f6hren \u00fcber die vorderen Anschl\u00fcsse zu verbinden. Sie eignen sich besonders als Formicarium f\u00fcr Weberameisen (Polyrhachis und Oecophylla), da diese gerne in die H\u00f6he bauen und eine Wirtspflanze ben\u00f6tigen. Auch baumbewohnende Arten wie Tetraponera freuen sich \u00fcber eine Kletterm\u00f6glichkeit. Manchmal kann es schwierig sein, die Ausscheidungen der Tiere z. B. am Boden des Formicariums zu entfernen. Das ist bei diesem speziell angepassten Becken kein Problem. Auch f\u00fcr Futtertanks f\u00fcr Acromyrmex oder Atta Blattschneiderameisen ist die Schiebet\u00fcr sehr praktisch, da Pflanzenreste und andere Abf\u00e4lle leicht entsorgt werden k\u00f6nnen. F\u00fcr die obere \u00d6ffnung sind ein Ausbruchsschutzrahmen 60\u00d730 und ein Arena-Deckel 60\u00d730 mit oder ohne gr\u00f6\u00dfere L\u00fcftungsfl\u00e4che auch separat erh\u00e4ltlich.<\/p>\n<p><strong>Anmerkung:<\/strong> Der Zuschnitt des Glases erfolgt nach DIN 1249 mit einer Toleranz von +\/- 1 mm. F\u00fcr extrem kleine Ameisenarten ist ein zus\u00e4tzlicher Ausbruchsschutz erforderlich.<\/p>","protected":false},"excerpt":{"rendered":"<p>Anschluss: 4x Loch 50 mm<\/p>","protected":false},"featured_media":11138,"comment_status":"open","ping_status":"closed","template":"","meta":{"_acf_changed":false,"content-type":"","_monsterinsights_skip_tracking":false,"_monsterinsights_sitenote_active":false,"_monsterinsights_sitenote_note":"","_monsterinsights_sitenote_category":0},"product_brand":[484],"product_cat":[257,85,86],"product_tag":[],"class_list":{"0":"post-11137","1":"product","2":"type-product","3":"status-publish","4":"has-post-thumbnail","6":"product_brand-antcube","7":"product_cat-new-innovatve-products","8":"product_cat-ant-arenas","9":"product_cat-formicariums","10":"product_shipping_class-forwarding-on-pallet","12":"first","13":"instock","14":"taxable","15":"shipping-taxable","16":"purchasable","17":"product-type-simple"},"acf":[],"aioseo_notices":[],"jetpack_sharing_enabled":true,"_links":{"self":[{"href":"https:\/\/antcube.shop\/de\/wp-json\/wp\/v2\/product\/11137","targetHints":{"allow":["GET"]}}],"collection":[{"href":"https:\/\/antcube.shop\/de\/wp-json\/wp\/v2\/product"}],"about":[{"href":"https:\/\/antcube.shop\/de\/wp-json\/wp\/v2\/types\/product"}],"replies":[{"embeddable":true,"href":"https:\/\/antcube.shop\/de\/wp-json\/wp\/v2\/comments?post=11137"}],"wp:featuredmedia":[{"embeddable":true,"href":"https:\/\/antcube.shop\/de\/wp-json\/wp\/v2\/media\/11138"}],"wp:attachment":[{"href":"https:\/\/antcube.shop\/de\/wp-json\/wp\/v2\/media?parent=11137"}],"wp:term":[{"taxonomy":"product_brand","embeddable":true,"href":"https:\/\/antcube.shop\/de\/wp-json\/wp\/v2\/product_brand?post=11137"},{"taxonomy":"product_cat","embeddable":true,"href":"https:\/\/antcube.shop\/de\/wp-json\/wp\/v2\/product_cat?post=11137"},{"taxonomy":"product_tag","embeddable":true,"href":"https:\/\/antcube.shop\/de\/wp-json\/wp\/v2\/product_tag?post=11137"}],"curies":[{"name":"wp","href":"https:\/\/api.w.org\/{rel}","templated":true}]}}