{"id":10988,"date":"2025-01-29T13:27:22","date_gmt":"2025-01-29T12:27:22","guid":{"rendered":"https:\/\/antcube.shop\/en\/product\/bundle-offer-pheidole-pallidula\/"},"modified":"2026-04-28T18:23:47","modified_gmt":"2026-04-28T16:23:47","slug":"bundelangebot-pheidole-pallidula","status":"publish","type":"product","link":"https:\/\/antcube.shop\/de\/produkt\/bundelangebot-pheidole-pallidula\/","title":{"rendered":"B\u00fcndelangebot - Crematogaster scutellaris"},"content":{"rendered":"<p id=\"docs-internal-guid-f360e18f-7fff-1fa7-2486-66b6ea8170c9\" dir=\"ltr\"><span data-text-color=\"secondary\"><strong>Bundle-Angebot mit einer Ameisenkolonie Crematogaster scutellaris (K\u00f6nigin mit 5-10 Arbeiterinnen + Brut), einem Starterset Digfix S, 2x Formicarium-Pads und einem W\u00fcsten-Fotohintergrund.<\/strong><\/span><\/p>\n<p dir=\"ltr\"><span data-text-color=\"alert\"><strong>Nur solange der Vorrat reicht.<\/strong><\/span><\/p>\n<h2 dir=\"ltr\"><strong>Alles, was Sie f\u00fcr eine Crematogaster scutellaris-Ameisenkolonie ben\u00f6tigen<\/strong><\/h2>\n<p dir=\"ltr\">Dieses Paket enth\u00e4lt alles, was Sie brauchen, um eine Crematogaster scutellaris-Kolonie in den ersten Monaten der Haltung erfolgreich zu unterst\u00fctzen. Es ist ideal f\u00fcr Anf\u00e4nger und kann leicht erweitert werden.<\/p>\n<h3 dir=\"ltr\"><strong>Ameisenart Crematogaster scutellaris<\/strong><\/h3>\n<p>Crematogaster scutellaris ist eine \u00fcberwiegend omnivore Ameisenart, die sowohl pflanzliche als auch tierische Nahrung zu sich nimmt. Sie ist im gesamten Mittelmeerraum verbreitet und kommt auch in den s\u00fcdlichen Teilen Mitteleuropas vor. Typisch f\u00fcr diese Art ist ihr charakteristischer, birnenf\u00f6rmiger Hinterleib, den sie bei Gefahr anhebt - ein auff\u00e4lliges Verhalten zur Abschreckung von Feinden.<\/p>\n<p>Die Kolonien bestehen in der Regel aus einer K\u00f6nigin (monogyn), k\u00f6nnen aber auch mehrere K\u00f6niginnen beherbergen. Die Arbeiterinnen zeigen ein aktives und neugieriges Verhalten und verteidigen ihre Nester vehement. Crematogaster scutellaris ist besonders daf\u00fcr bekannt, dass sie in Totholz oder Baumh\u00f6hlen nistet.<\/p>\n<h3 dir=\"ltr\"><strong>Nest f\u00fcr Crematogaster scutellaris<\/strong><\/h3>\n<p dir=\"ltr\">Da diese Art bevorzugt in trockenem Totholz oder in Ritzen und Spalten nistet, enth\u00e4lt dieses Set einen Digfix-Nesteinsatz. Dieser erm\u00f6glicht einen guten Einblick in das Innere des Nestes und simuliert die nat\u00fcrlichen Bedingungen. Alternativ k\u00f6nnen sie auch in Kork- oder Holznestern gehalten werden, die ihrem nat\u00fcrlichen Lebensraum sehr nahe kommen.<\/p>\n<h3 dir=\"ltr\"><strong>Nahrung f\u00fcr Crematogaster scutellaris<\/strong><\/h3>\n<p dir=\"ltr\">Crematogaster scutellaris ist ein Allesfresser mit einer besonderen Vorliebe f\u00fcr s\u00fc\u00dfe Fl\u00fcssigkeiten wie Honig oder Zuckerl\u00f6sungen. Au\u00dferdem ben\u00f6tigt er eiwei\u00dfreiche Nahrung, z. B. kleine Insekten, insbesondere f\u00fcr die Aufzucht seiner Brut. In freier Wildbahn ern\u00e4hrt sie sich auch von Baumsaft und kleinen Gliederf\u00fc\u00dfern.<\/p>\n<h3 dir=\"ltr\"><strong>Klimatische Bedingungen f\u00fcr Crematogaster scutellaris<\/strong><\/h3>\n<p dir=\"ltr\">Luftfeuchtigkeit:<br \/>\nArena: 30 - 50%<br \/>\nNestbereich: 50 - 60%<br \/>\nTemperatur:<br \/>\nArena: 24 - 30\u00b0C<br \/>\nNestbereich: 22 - 28\u00b0C<\/p>\n<p dir=\"ltr\">Crematogaster scutellaris ist sowohl f\u00fcr Anf\u00e4nger als auch f\u00fcr erfahrene Ameisenhalter ideal. Durch ihr aktives Verhalten, ihre auff\u00e4llige K\u00f6rperform und -farbe sowie ihre Nestbauweise bietet sie spannende Einblicke in das Leben eines Ameisenvolkes.<\/p>\n<p dir=\"ltr\"><strong>Inhalt:<\/strong><br \/>\n1x Ameisenvolk Crematogaster scutellaris (K\u00f6nigin + 5-10 Arbeiterinnen + Brut)<br \/>\n1x Zucker-Honig-L\u00f6sung (SH) - Nachf\u00fcllpackung 10ml<br \/>\n1x ganze blanchierte Grillen 10g<br \/>\n1x Formicarium-Unterlage - 20x20cm<br \/>\n1x Formicarium Unterlage - 20x6cm<br \/>\n1x W\u00fcste Fotohintergrund 20\u00d710<br \/>\n1x ANTCUBE - Arena 20x20x10 - flach<br \/>\n1x Arena-Rahmen 20\u00d720<br \/>\n1x Arena-Abdeckung 20\u00d720<br \/>\n4x Befestigungspunkt f\u00fcr Arenadeckel<br \/>\n1x ANTCUBE - Ameisenfarm - S - 20\u00d720 - stehend<br \/>\n1x ANTCUBE - Digfix Platte 20\u00d720 - S<br \/>\n1x 0,5m transparenter Schlauch 10\/06 mm<br \/>\n1x ANTCUBE - roter Film 20\u00d720 - Filter<br \/>\n1x Klebeklammern - transparent - 2 Stk.<br \/>\n1x Substrat - Sand-Lehm beige - 200g<br \/>\n1x Gittereinsatz - 50mm - Edelstahl<br \/>\n1x Formicaria-Stopfen f\u00fcr 50mm-Loch<br \/>\n1x Formicaria-Stopfen f\u00fcr 27mm Loch<br \/>\n1x Formicaria-Kappe f\u00fcr 6mm-Buchse<br \/>\n1x Waschbeckenanschluss B-27 und S-10-16 mm M25 - Satz<br \/>\n1x 2ml Zuf\u00fchrung - 360\u00b0<br \/>\n1x klare Trinkschale 20ml - Schwamm<br \/>\n1x durchsichtiger Lebensmittelbecher 1\u00d720 - Schwamm<br \/>\n1x Mini-Thermo-Hygrometer analog - h\u00e4ngende Anzeige<br \/>\n1x Ameisenflucht-Schutzpulver 10ml<br \/>\n1x Pinzette Federstahl - breit - weich<br \/>\n1x Pinzette Kunststoff transparent<br \/>\n1x Kunststoffpipette 3ml<br \/>\n1x Handlupe - 2x - 30mm<br \/>\n1x Schaumstoffwischer 150x18x2,5mm<\/p>\n<p dir=\"ltr\"><strong>Beschreibung:<\/strong><br \/>\nDas Digfix Starter Set ist f\u00fcr verschiedene Ameisenarten geeignet, insbesondere f\u00fcr solche, die in Sand und (totem) Holz nisten. Es kann trocken oder leicht feucht gehalten werden.<br \/>\nDie transparente Farm kann mit der ANTCUBE Digfix Platte verwendet werden. Die Ameisen graben ihre eigenen Tunnels und Kammern in das Material. \u00dcber die 50-mm-L\u00f6cher im Deckel k\u00f6nnen bei Bedarf weitere Module angeschlossen werden, wie z. B. die separat erh\u00e4ltlichen Nebler, L\u00fcfter oder Leuchten. Alternativ werden passende Formicaria-Stopfen zum Verschlie\u00dfen der \u00d6ffnungen mitgeliefert. Wenn Sie m\u00f6chten, k\u00f6nnen Sie das Formicarium auch offen betreiben, indem Sie den abnehmbaren Rahmen auf den Boden stellen und den Rand mit Ameisenschutz\u00f6l bestreichen. Die 'Gie\u00dfkanne 2ml - 360 Grad' ist f\u00fcr Honig\/Zuckerl\u00f6sung gedacht, die 'Gie\u00dfkanne klar 20ml - Schwamm' f\u00fcr Wasser. Das 'Mini Thermo-Hygrometer' kann an der Zarge oder am Deckel befestigt werden und zeigt die Klimawerte an.<\/p>\n<p dir=\"ltr\"><span data-text-color=\"alert\"><strong>Das ist wichtig:<\/strong><\/span> Bitte befeuchten Sie den Boden vor der Anwendung, damit sich die Mischung im Ameisenbau binden und einen festen Halt entwickeln kann. Au\u00dferdem kann ein zu trockener und staubiger Boden dazu f\u00fchren, dass die Atemwege der Ameisen blockiert werden und sie im schlimmsten Fall ersticken.<\/p>\n<p dir=\"ltr\"><strong>Empfehlung:<\/strong> Wir empfehlen eine 2 mm hohe Substratschicht, damit sich die Tiere nicht selbst in der Arena eingraben k\u00f6nnen und stattdessen die daf\u00fcr vorgesehene Farm nutzen. Wir empfehlen au\u00dferdem, das Nistmaterial in der Farm (Sand\/Lehm, Digfix usw.) an einer Stelle leicht anzustechen, um den Tieren das Graben zu erleichtern.<br \/>\n<strong>Anmerkung:<\/strong> Das Nest kann in einem trockenen oder feuchten Formicarium verwendet werden. Wird das Nest dauerhaft feucht (zu feucht) gehalten, k\u00f6nnen sich durch Futterreste Schimmelpilze bilden.<br \/>\n<strong>Anmerkung zu Digfix:<\/strong> Die nat\u00fcrliche Farbe kann zwischen gr\u00fcn-grau-braun und erd-braun variieren. Die Farbe hat keinen Einfluss auf die Qualit\u00e4t.<\/p>\n<p dir=\"ltr\"><strong>Hinweise zur Produktion<\/strong><br \/>\nDas Glas ist nach DIN 1249 mit einer Toleranz von +\/- 1mm geschliffen. Bei extrem kleinen Ameisenarten ist ein zus\u00e4tzlicher Ausbruchsschutz erforderlich.<\/p>\n<p dir=\"ltr\"><strong>Anmerkungen zum Bauernhof<\/strong><br \/>\nBeim Verbinden oder Trennen von Schl\u00e4uchen ist Folgendes zu beachten:<br \/>\nWenn sich das Rohr nur schwer auf den Anschluss aufstecken l\u00e4sst, sollte ein Tropfen unseres Anti-Entweichungs\u00f6ls oder -pulvers auf den Anschluss gegeben werden. Das Rohr sollte dann durch Drehen oder Schrauben auf den Anschluss geschoben werden, ohne dabei Druck auf den Anschluss auszu\u00fcben. Das Gleiche gilt f\u00fcr das Abziehen der Schl\u00e4uche vom Hofanschluss. Bitte ziehen Sie sie nicht einfach ab!<\/p>\n<p dir=\"ltr\"><strong>Anmerkungen zu Cricket Jam:<\/strong><br \/>\nUnsere Grillenmarmelade ist eine einfache M\u00f6glichkeit, Ihre Ameisen mit frisch konservierter Proteinnahrung zu versorgen, ohne lebende Insekten f\u00fcttern zu m\u00fcssen. Die Grillen (Acheta domesticus) werden schonend gekocht, um sicherzustellen, dass N\u00e4hrwert, Geschmack und Aroma erhalten bleiben. Au\u00dferdem wird das chitinhaltige Exoskelett der Insekten auf diese Weise aufgeweicht, so dass es leichter verdaut werden kann. Die kollagenen Eiwei\u00dfverbindungen werden aufgespalten, damit die Ameisen sie besser verwerten k\u00f6nnen. Die Acheta domesticus aus der Dose haben den gleichen N\u00e4hrwert wie lebende Grillen, sind aber leichter zu verdauen.<br \/>\nDie Grillenmarmelade ist nicht f\u00fcr die Jagd auf Ameisenarten geeignet, die lebende Nahrung ben\u00f6tigen (z. B. Ponerinen (Uromyiden) wie Harpegnathos oder Odontomachus).<\/p>\n<p dir=\"ltr\"><strong>Weitere Vorteile:<\/strong><br \/>\nGarantiert frei von Milben<br \/>\nKann portioniert und mit Wasser verd\u00fcnnt werden<br \/>\nSterilisiert und vakuumverpackt<br \/>\nOhne Zusatzstoffe<br \/>\nGrillen aus nachhaltiger, rein biologischer Zucht, gef\u00fcttert mit Bioabf\u00e4llen<\/p>\n<p dir=\"ltr\"><strong>Anmerkung:<\/strong><br \/>\nNach dem \u00d6ffnen etwa vier Tage im K\u00fchlschrank aufbewahren. L\u00e4nger haltbar, wenn eingefroren.<\/p>\n<p dir=\"ltr\"><strong>Achtung<\/strong>: Erst portionieren, dann einfrieren.<\/p>\n<p dir=\"ltr\"><strong>Hinweise zur Zucker-Honig-L\u00f6sung (ZH) - Nachf\u00fcllpackung 10ml<\/strong><br \/>\nInhalt: 10 ml<\/p>\n<p dir=\"ltr\"><strong>Beschreibung:<\/strong> Dies ist ein Produkt, das aus verschiedenen Kohlenhydraten (wie Honig und Zucker) besteht.<\/p>\n<p dir=\"ltr\"><strong>Anwendung:<\/strong> Die Futterr\u00f6hre kann als Ganzes in das Formicarium gelegt werden, oder alternativ, je nach Bedarf\/Gr\u00f6\u00dfe der Kolonie, k\u00f6nnen kleinere Mengen in eine Futterschale gegeben werden. Das Futter sollte innerhalb von etwa 3 Tagen verbraucht werden, da sonst die Gefahr von Schimmel besteht. Aus demselben Grund sollte die Futterschale vor dem Nachf\u00fcllen gereinigt werden.<\/p>\n<p dir=\"ltr\"><strong>Verwendung:<\/strong><br \/>\nZucker-Honig-L\u00f6sung = f\u00fcr Zucker\/Honig fressende Ameisenarten<br \/>\nDies ist ein Erg\u00e4nzungsfuttermittel<br \/>\nEs kann den Tieren wie geliefert angeboten werden. Da die Zuckerkonzentration durch die Feuchtigkeit abnimmt und ein G\u00e4rungsprozess einsetzt, sollte das Futter alle 3 Tage ausgetauscht werden. Reinigen Sie den Futternapf\/die Tube vor der Wiederverwendung gr\u00fcndlich.<br \/>\nNach dem \u00d6ffnen sollte die Packung gut verschlossen aufbewahrt werden (bei trockener Lagerung) und bis zum angegebenen Datum (Mindesthaltbarkeitsdatum) verbraucht werden.<\/p>\n<p dir=\"ltr\"><strong>Enth\u00e4lt:<\/strong><br \/>\nFruktose 27 bis 44%,<br \/>\nGlukose 22 bis 41%,<br \/>\nSaccharose bis zu 5%,<br \/>\nMaltose 4 bis 14%,<br \/>\nandere Komplexzucker 1 bis 14%.<br \/>\nFett: 0g<br \/>\nKohlenhydrate: 92g<br \/>\nEiwei\u00df: 0g<br \/>\nSalz: 0g<\/p>\n<p dir=\"ltr\"><strong>Lagerung:<\/strong> Um die Qualit\u00e4t des Futters zu gew\u00e4hrleisten, sollte es an einem dunklen und trockenen Ort gelagert werden.<\/p>\n<p dir=\"ltr\"><strong>Anmerkung:<\/strong><br \/>\nDie Zusammensetzung, die analytischen Bestandteile, das Mindesthaltbarkeitsdatum und die Chargennummer sind der Packungsbeilage zu entnehmen.<br \/>\nInformations-Hotline +49 30 439703870<\/p>\n<p dir=\"ltr\"><strong>Zust\u00e4ndige Veterin\u00e4r- und Lebensmittel\u00fcberwachungsbeh\u00f6rde:<\/strong><br \/>\nVeterin\u00e4ramt Steglitz<br \/>\nK\u00f6nigin-Luise-Str. 92<br \/>\n14195 Berlin<\/p>","protected":false},"excerpt":{"rendered":"<p>Das Set besteht aus 34 Teilen<\/p>","protected":false},"featured_media":10983,"comment_status":"open","ping_status":"closed","template":"","meta":{"_acf_changed":false,"content-type":"","_monsterinsights_skip_tracking":false,"_monsterinsights_sitenote_active":false,"_monsterinsights_sitenote_note":"","_monsterinsights_sitenote_category":0},"product_brand":[484],"product_cat":[355,73],"product_tag":[],"class_list":{"0":"post-10988","1":"product","2":"type-product","3":"status-publish","4":"has-post-thumbnail","6":"product_brand-antcube","7":"product_cat-bundle-offers","8":"product_cat-starter-sets","10":"first","11":"instock","12":"taxable","13":"shipping-taxable","14":"purchasable","15":"product-type-simple"},"acf":[],"aioseo_notices":[],"jetpack_sharing_enabled":true,"_links":{"self":[{"href":"https:\/\/antcube.shop\/de\/wp-json\/wp\/v2\/product\/10988","targetHints":{"allow":["GET"]}}],"collection":[{"href":"https:\/\/antcube.shop\/de\/wp-json\/wp\/v2\/product"}],"about":[{"href":"https:\/\/antcube.shop\/de\/wp-json\/wp\/v2\/types\/product"}],"replies":[{"embeddable":true,"href":"https:\/\/antcube.shop\/de\/wp-json\/wp\/v2\/comments?post=10988"}],"wp:featuredmedia":[{"embeddable":true,"href":"https:\/\/antcube.shop\/de\/wp-json\/wp\/v2\/media\/10983"}],"wp:attachment":[{"href":"https:\/\/antcube.shop\/de\/wp-json\/wp\/v2\/media?parent=10988"}],"wp:term":[{"taxonomy":"product_brand","embeddable":true,"href":"https:\/\/antcube.shop\/de\/wp-json\/wp\/v2\/product_brand?post=10988"},{"taxonomy":"product_cat","embeddable":true,"href":"https:\/\/antcube.shop\/de\/wp-json\/wp\/v2\/product_cat?post=10988"},{"taxonomy":"product_tag","embeddable":true,"href":"https:\/\/antcube.shop\/de\/wp-json\/wp\/v2\/product_tag?post=10988"}],"curies":[{"name":"wp","href":"https:\/\/api.w.org\/{rel}","templated":true}]}}