{"id":899,"date":"2021-08-22T15:12:45","date_gmt":"2021-08-22T13:12:45","guid":{"rendered":"https:\/\/antcube.shop\/?page_id=899"},"modified":"2023-12-14T13:30:00","modified_gmt":"2023-12-14T12:30:00","slug":"faq-shop","status":"publish","type":"page","link":"https:\/\/antcube.shop\/de\/faq-shop\/","title":{"rendered":"FAQ Shop"},"content":{"rendered":"<div id=\"gap-1026236362\" class=\"gap-element clearfix\" style=\"display:block; height:auto;\">\n\t\t\n<style>\n#gap-1026236362 {\n  padding-top: 200px;\n}\n@media (min-width:850px) {\n  #gap-1026236362 {\n    padding-top: 175px;\n  }\n}\n<\/style>\n\t<\/div>\n\t\n\n\t<div id=\"text-1577865884\" class=\"text\">\n\t\t\n\n<h1>FAQ Shop \u00a0<\/h1>\n<h2>H\u00e4ufig gestellte Fragen zu unseren Produkten oder unserem Shop im Allgemeinen<\/h2>\n\t\t\n<style>\n#text-1577865884 {\n  text-align: center;\n}\n<\/style>\n\t<\/div>\n\t\n<div class=\"row align-center\"  id=\"row-80270726\">\n\n\n\t<div id=\"col-674494703\" class=\"col small-12 large-12\"  >\n\t\t\t\t<div class=\"col-inner\"  >\n\t\t\t\n\t\t\t\n\n<div class=\"accordion\">\n\n\t<div id=\"accordion-1283306297\" class=\"accordion-item\">\n\t\t<a id=\"accordion-1283306297-label\" class=\"accordion-title plain\" href=\"#accordion-item-you-do-not-know-what-ant-species-to-keep-or-which-formicarium-you-should-use?\" aria-expanded=\"false\" aria-controls=\"accordion-1283306297-content\">\n\t\t\t<button class=\"toggle\" aria-label=\"Umschalten\"><i class=\"icon-angle-down\" aria-hidden=\"true\"><\/i><\/button>\n\t\t\t<span>Sie wissen nicht, welche Ameisenarten Sie halten sollen oder welches Formicarium Sie verwenden sollen?<\/span>\n\t\t<\/a>\n\t\t<div id=\"accordion-1283306297-content\" class=\"accordion-inner\" aria-labelledby=\"accordion-1283306297-label\">\n\t\t\t\n\n<p>Probieren Sie unseren \"Ameisen-Finder\" oder \"Formicarium-Finder\" - Unser Online-Kundendienst<\/p>\n<p><a href=\"https:\/\/antcube.shop\/ant-finder\/\">Finden Sie Ihre Ameisenart<\/a><\/p>\n<p><a href=\"https:\/\/antcube.shop\/formicarium-finder\/\">Finden Sie Ihr Formicarium<\/a><\/p>\n\n\t\t<\/div>\n\t<\/div>\n\t\n\t<div id=\"accordion-86784168\" class=\"accordion-item\">\n\t\t<a id=\"accordion-86784168-label\" class=\"accordion-title plain\" href=\"#accordion-item-what-are-the-delivery-times-and-charges-for-orders-from-the-online-shop?\" aria-expanded=\"false\" aria-controls=\"accordion-86784168-content\">\n\t\t\t<button class=\"toggle\" aria-label=\"Umschalten\"><i class=\"icon-angle-down\" aria-hidden=\"true\"><\/i><\/button>\n\t\t\t<span>Wie sind die Lieferzeiten und -kosten f\u00fcr Bestellungen im Online Shop?<\/span>\n\t\t<\/a>\n\t\t<div id=\"accordion-86784168-content\" class=\"accordion-inner\" aria-labelledby=\"accordion-86784168-label\">\n\t\t\t\n\n<p>Informationen zu den voraussichtlichen Lieferzeiten finden Sie hier:<\/p>\n<p><a href=\"https:\/\/antcube.shop\/delivery-times\/\">Lieferzeiten<\/a><\/p>\n<p>Wenn Sie sich \u00fcber die voraussichtlichen Versandkosten und Lieferbeschr\u00e4nkungen informieren m\u00f6chten, schauen Sie bitte hier:<\/p>\n<p><a href=\"https:\/\/antcube.shop\/shipping-costs-delivery-restrictions\/\">Versandkosten\/Lieferbeschr\u00e4nkungen<\/a><\/p>\n\n\t\t<\/div>\n\t<\/div>\n\t\n\t<div id=\"accordion-3128996161\" class=\"accordion-item\">\n\t\t<a id=\"accordion-3128996161-label\" class=\"accordion-title plain\" href=\"#accordion-item-you-have-questions-about-returns-or-refunds?\" aria-expanded=\"false\" aria-controls=\"accordion-3128996161-content\">\n\t\t\t<button class=\"toggle\" aria-label=\"Umschalten\"><i class=\"icon-angle-down\" aria-hidden=\"true\"><\/i><\/button>\n\t\t\t<span>Sie haben Fragen zu R\u00fccksendungen oder Erstattungen?<\/span>\n\t\t<\/a>\n\t\t<div id=\"accordion-3128996161-content\" class=\"accordion-inner\" aria-labelledby=\"accordion-3128996161-label\">\n\t\t\t\n\n<p><a href=\"https:\/\/antcube.shop\/refund-policy\/\">Erstattungspolitik<\/a><\/p>\n<p><a href=\"https:\/\/antcube.shop\/terms-and-conditions\/\">Bedingungen und Konditionen<\/a><\/p>\n\n\t\t<\/div>\n\t<\/div>\n\t\n\t<div id=\"accordion-1564742361\" class=\"accordion-item\">\n\t\t<a id=\"accordion-1564742361-label\" class=\"accordion-title plain\" href=\"#accordion-item-which-payment-methods-are-accepted-in-the-online-shop?\" aria-expanded=\"false\" aria-controls=\"accordion-1564742361-content\">\n\t\t\t<button class=\"toggle\" aria-label=\"Umschalten\"><i class=\"icon-angle-down\" aria-hidden=\"true\"><\/i><\/button>\n\t\t\t<span>Welche Zahlungsmethoden werden im Online Shop akzeptiert?<\/span>\n\t\t<\/a>\n\t\t<div id=\"accordion-1564742361-content\" class=\"accordion-inner\" aria-labelledby=\"accordion-1564742361-label\">\n\t\t\t\n\n<p>Eine \u00dcbersicht \u00fcber die von uns akzeptierten Zahlungsarten finden Sie hier:<\/p>\n<p><a href=\"https:\/\/antcube.shop\/payment-methods\/\">Zahlungsm\u00f6glichkeiten<\/a><\/p>\n\n\t\t<\/div>\n\t<\/div>\n\t\n\t<div id=\"accordion-1780610943\" class=\"accordion-item\">\n\t\t<a id=\"accordion-1780610943-label\" class=\"accordion-title plain\" href=\"#accordion-item-you-are-looking-for-user-manuals-for-your-starter-set?\" aria-expanded=\"false\" aria-controls=\"accordion-1780610943-content\">\n\t\t\t<button class=\"toggle\" aria-label=\"Umschalten\"><i class=\"icon-angle-down\" aria-hidden=\"true\"><\/i><\/button>\n\t\t\t<span>Sie sind auf der Suche nach Bedienungsanleitungen f\u00fcr Ihr Starterset?<\/span>\n\t\t<\/a>\n\t\t<div id=\"accordion-1780610943-content\" class=\"accordion-inner\" aria-labelledby=\"accordion-1780610943-label\">\n\t\t\t\n\n<p>Hier finden Sie PDF-Benutzerhandb\u00fccher zum Ausdrucken oder Herunterladen:<\/p>\n<p><a href=\"https:\/\/antcube.shop\/download\/\">Herunterladen<\/a><\/p>\n\n\t\t<\/div>\n\t<\/div>\n\t\n\t<div id=\"accordion-1182265579\" class=\"accordion-item\">\n\t\t<a id=\"accordion-1182265579-label\" class=\"accordion-title plain\" href=\"#accordion-item-you-need-more-information-about-certain-ant-species-or-ant-keeping-in-general?\" aria-expanded=\"false\" aria-controls=\"accordion-1182265579-content\">\n\t\t\t<button class=\"toggle\" aria-label=\"Umschalten\"><i class=\"icon-angle-down\" aria-hidden=\"true\"><\/i><\/button>\n\t\t\t<span>Sie ben\u00f6tigen mehr Informationen \u00fcber bestimmte Ameisenarten oder Ameisenhaltung im Allgemeinen?<\/span>\n\t\t<\/a>\n\t\t<div id=\"accordion-1182265579-content\" class=\"accordion-inner\" aria-labelledby=\"accordion-1182265579-label\">\n\t\t\t\n\n<p>Hier finden Sie h\u00e4ufig gestellte Fragen zu Ameisen und Ameisenhaltung:<\/p>\n<p><a href=\"https:\/\/antcube.shop\/faq-ants\/\">FAQ Ameisen<\/a><\/p>\n<p><a href=\"https:\/\/antcube.shop\/catching-queen-ants\/\">Wie man eine Ameisenk\u00f6nigin f\u00e4ngt<\/a><\/p>\n<p><a href=\"https:\/\/antcube.shop\/ant-species\/\">Erfahren Sie mehr \u00fcber Ameisen<\/a><\/p>\n<p><a href=\"https:\/\/antcube.shop\/social-media\/\">Besuchen Sie unsere YouTube-Kan\u00e4le, dort finden Sie hilfreiche Tipps und Informationen.<\/a><\/p>\n\n\t\t<\/div>\n\t<\/div>\n\t\n\t<div id=\"accordion-19979052\" class=\"accordion-item\">\n\t\t<a id=\"accordion-19979052-label\" class=\"accordion-title plain\" href=\"#accordion-item-you-have-questions-about-our-products?\" aria-expanded=\"false\" aria-controls=\"accordion-19979052-content\">\n\t\t\t<button class=\"toggle\" aria-label=\"Umschalten\"><i class=\"icon-angle-down\" aria-hidden=\"true\"><\/i><\/button>\n\t\t\t<span>Sie haben Fragen zu unseren Produkten?<\/span>\n\t\t<\/a>\n\t\t<div id=\"accordion-19979052-content\" class=\"accordion-inner\" aria-labelledby=\"accordion-19979052-label\">\n\t\t\t\n\n<p>Wenn Sie Fragen zu unseren Produkten haben, schauen Sie bitte zuerst in der jeweiligen Produktbeschreibung in unserem Shop nach.<\/p>\n<p>Ansonsten finden Sie weitere Informationen hier:<\/p>\n<p><a href=\"https:\/\/antcube.shop\/product-information\/\">Informationen zum Produkt<\/a><\/p>\n\n\t\t<\/div>\n\t<\/div>\n\t\n\n<\/div>\n\n\t\t<\/div>\n\t\t\t\t\t<\/div>\n\n\t\n\n<\/div>","protected":false},"excerpt":{"rendered":"","protected":false},"author":1,"featured_media":0,"parent":0,"menu_order":0,"comment_status":"closed","ping_status":"closed","template":"","meta":{"_acf_changed":false,"content-type":"","_monsterinsights_skip_tracking":false,"_monsterinsights_sitenote_active":false,"_monsterinsights_sitenote_note":"","_monsterinsights_sitenote_category":0,"footnotes":""},"class_list":["post-899","page","type-page","status-publish","hentry"],"acf":[],"aioseo_notices":[],"jetpack_sharing_enabled":true,"_links":{"self":[{"href":"https:\/\/antcube.shop\/de\/wp-json\/wp\/v2\/pages\/899","targetHints":{"allow":["GET"]}}],"collection":[{"href":"https:\/\/antcube.shop\/de\/wp-json\/wp\/v2\/pages"}],"about":[{"href":"https:\/\/antcube.shop\/de\/wp-json\/wp\/v2\/types\/page"}],"author":[{"embeddable":true,"href":"https:\/\/antcube.shop\/de\/wp-json\/wp\/v2\/users\/1"}],"replies":[{"embeddable":true,"href":"https:\/\/antcube.shop\/de\/wp-json\/wp\/v2\/comments?post=899"}],"version-history":[{"count":8,"href":"https:\/\/antcube.shop\/de\/wp-json\/wp\/v2\/pages\/899\/revisions"}],"predecessor-version":[{"id":6791,"href":"https:\/\/antcube.shop\/de\/wp-json\/wp\/v2\/pages\/899\/revisions\/6791"}],"wp:attachment":[{"href":"https:\/\/antcube.shop\/de\/wp-json\/wp\/v2\/media?parent=899"}],"curies":[{"name":"wp","href":"https:\/\/api.w.org\/{rel}","templated":true}]}}