{"id":727,"date":"2021-08-17T11:06:10","date_gmt":"2021-08-17T09:06:10","guid":{"rendered":"https:\/\/antcube.shop\/?page_id=727"},"modified":"2023-12-14T13:35:17","modified_gmt":"2023-12-14T12:35:17","slug":"formicarium-finder","status":"publish","type":"page","link":"https:\/\/antcube.shop\/de\/formicarium-finder\/","title":{"rendered":"Finden Sie Ihr Formicarium"},"content":{"rendered":"<div id=\"gap-441523766\" class=\"gap-element clearfix\" style=\"display:block; height:auto;\">\n\t\t\n<style>\n#gap-441523766 {\n  padding-top: 201px;\n}\n@media (min-width:550px) {\n  #gap-441523766 {\n    padding-top: 201px;\n  }\n}\n@media (min-width:850px) {\n  #gap-441523766 {\n    padding-top: 165px;\n  }\n}\n<\/style>\n\t<\/div>\n\t\n\n<div class=\"row\"  id=\"row-1477505679\">\n\n\n\t<div id=\"col-2143305395\" class=\"col small-12 large-12\"  >\n\t\t\t\t<div class=\"col-inner\"  >\n\t\t\t\n\t\t\t\n\n\t<div id=\"text-2023135397\" class=\"text\">\n\t\t\n\n<h3>ANTCUBE Formicarium Finder\/Konfigurator<\/h3>\n<h1>Finden Sie das perfekte Formicarium f\u00fcr Ihre Ameisenkolonie<\/h1>\n<p>Um Ihnen bei der Entscheidung zu helfen, welche Art von Formicarium Sie f\u00fcr die Ameisenart, die Sie halten m\u00f6chten, verwenden sollten, k\u00f6nnen Sie hier unseren \"Formicarium-Finder\" verwenden. Dieser navigiert Sie durch verschiedene Schritte und f\u00fchrt Sie zu dem am besten geeigneten Starterset.\u00a0<\/p>\n<p>\u00a0<\/p>\n\t\t\n<style>\n#text-2023135397 {\n  text-align: center;\n}\n<\/style>\n\t<\/div>\n\t\n\t<div id=\"text-2247089609\" class=\"text\">\n\t\t\n\n<p><strong>Frage: Geh\u00f6rt Ihre gew\u00fcnschte Ameisenart zu einer der folgenden Gattungen?<\/strong><\/p>\n\t\t\n<style>\n#text-2247089609 {\n  font-size: 1.45rem;\n  text-align: center;\n}\n@media (min-width:550px) {\n  #text-2247089609 {\n    font-size: 1.95rem;\n  }\n}\n<\/style>\n\t<\/div>\n\t\n\n\t\t<\/div>\n\t\t\t\t\t<\/div>\n\n\t\n\n<\/div>\n<div class=\"row row-box-shadow-3\"  id=\"row-1450163837\">\n\n\n\t<div id=\"col-734402381\" class=\"col medium-3 small-6 large-3\"  >\n\t\t\t\t<div class=\"col-inner\"  >\n\t\t\t\n\t\t\t\n\n\n  <div class=\"banner has-hover\" id=\"banner-2084919324\">\n          <div class=\"banner-inner fill\">\n        <div class=\"banner-bg fill\" >\n            <img data-recalc-dims=\"1\" loading=\"lazy\" decoding=\"async\" width=\"1020\" height=\"765\" src=\"https:\/\/i0.wp.com\/antcube.shop\/wp-content\/uploads\/2021\/07\/Messor-minor-hesperius-Startbild.jpg?resize=1020%2C765&#038;ssl=1\" class=\"bg attachment-original size-original\" alt=\"Messor minor hesperius Ameisenk\u00f6nigin mit Arbeiterinnen-Makro ANTSTORE ANTCUBE\" \/>                        <div class=\"overlay\"><\/div>            \n                    <\/div>\n\t\t\n        <div class=\"banner-layers container\">\n            <a class=\"fill\" href=\"https:\/\/antcube.shop\/formicarium-finder\/harvester-ant-formicarium\/\"><div class=\"fill banner-link\"><\/div><\/a>            \n\n   <div id=\"text-box-1386289498\" class=\"text-box banner-layer x50 md-x50 lg-x50 y0 md-y0 lg-y0 res-text\">\n                                <div class=\"text-box-content text dark text-shadow-5\">\n              \n              <div class=\"text-inner text-center\">\n                  \n\n\t<div id=\"text-1250930598\" class=\"text\">\n\t\t\n\n<h5 class=\"uppercase\" data-line-height=\"xs\"><strong>K\u00f6rnersammelnde-Ameise<\/strong><\/h5>\n<h5 class=\"uppercase\" data-padding=\"10px\" data-line-height=\"xs\"><strong>Messor<\/strong><\/h5>\n\t\t\n<style>\n#text-1250930598 {\n  font-size: 0.75rem;\n  color: rgb(0,0,0);\n}\n#text-1250930598 > * {\n  color: rgb(0,0,0);\n}\n@media (min-width:550px) {\n  #text-1250930598 {\n    font-size: 0.75rem;\n  }\n}\n@media (min-width:850px) {\n  #text-1250930598 {\n    font-size: 1.15rem;\n  }\n}\n<\/style>\n\t<\/div>\n\t\n\n              <\/div>\n           <\/div>\n                            \n<style>\n#text-box-1386289498 {\n  width: 100%;\n}\n#text-box-1386289498 .text-box-content {\n  font-size: 100%;\n}\n<\/style>\n    <\/div>\n \n\n        <\/div>\n      <\/div>\n\n            \n<style>\n#banner-2084919324 {\n  padding-top: 99.99%;\n}\n#banner-2084919324 .overlay {\n  background-color: rgba(0, 0, 0, 0);\n}\n#banner-2084919324 .banner-bg img {\n  object-position: 40% 35%;\n}\n<\/style>\n  <\/div>\n\n\n\n\t\t<\/div>\n\t\t\t\t\t<\/div>\n\n\t\n\n\t<div id=\"col-1928394456\" class=\"col medium-3 small-6 large-3\"  >\n\t\t\t\t<div class=\"col-inner\"  >\n\t\t\t\n\t\t\t\n\n\n  <div class=\"banner has-hover\" id=\"banner-2004926920\">\n          <div class=\"banner-inner fill\">\n        <div class=\"banner-bg fill\" >\n            <img data-recalc-dims=\"1\" loading=\"lazy\" decoding=\"async\" width=\"1000\" height=\"1000\" src=\"https:\/\/i0.wp.com\/antcube.shop\/wp-content\/uploads\/2021\/07\/Atta-mexicana.jpg?resize=1000%2C1000&#038;ssl=1\" class=\"bg attachment-original size-original\" alt=\"Atta mexicana Pilz mit Arbeiterinnen und Ameisenk\u00f6nigin Blattschneiderameise ANTCUBE ANTSTORE\" \/>                        <div class=\"overlay\"><\/div>            \n                    <\/div>\n\t\t\n        <div class=\"banner-layers container\">\n            <a class=\"fill\" href=\"https:\/\/antcube.shop\/formicarium-finder\/leafcutter-formicarium\/\"><div class=\"fill banner-link\"><\/div><\/a>            \n\n   <div id=\"text-box-1439059863\" class=\"text-box banner-layer x50 md-x50 lg-x50 y0 md-y0 lg-y0 res-text\">\n                                <div class=\"text-box-content text dark text-shadow-5\">\n              \n              <div class=\"text-inner text-center\">\n                  \n\n\t<div id=\"text-3904511975\" class=\"text\">\n\t\t\n\n<h5 class=\"uppercase\" data-line-height=\"xs\"><strong>Blattschneiderameise<\/strong><\/h5>\n<h5 data-line-height=\"xs\"><strong>Atta oder Acromyrmex<\/strong><\/h5>\n\t\t\n<style>\n#text-3904511975 {\n  font-size: 0.75rem;\n  line-height: 0.75;\n  text-align: center;\n  color: rgb(0,0,0);\n}\n#text-3904511975 > * {\n  color: rgb(0,0,0);\n}\n@media (min-width:550px) {\n  #text-3904511975 {\n    font-size: 0.75rem;\n  }\n}\n@media (min-width:850px) {\n  #text-3904511975 {\n    font-size: 1.15rem;\n  }\n}\n<\/style>\n\t<\/div>\n\t\n\n              <\/div>\n           <\/div>\n                            \n<style>\n#text-box-1439059863 {\n  width: 100%;\n}\n#text-box-1439059863 .text-box-content {\n  font-size: 100%;\n}\n<\/style>\n    <\/div>\n \n\n        <\/div>\n      <\/div>\n\n              <div class=\"height-fix is-invisible\"><img data-recalc-dims=\"1\" loading=\"lazy\" decoding=\"async\" width=\"1000\" height=\"1000\" src=\"https:\/\/i0.wp.com\/antcube.shop\/wp-content\/uploads\/2021\/07\/Atta-mexicana.jpg?resize=1000%2C1000&#038;ssl=1\" class=\"attachment-original size-original\" alt=\"Atta mexicana Pilz mit Arbeiterinnen und Ameisenk\u00f6nigin Blattschneiderameise ANTCUBE ANTSTORE\" srcset=\"https:\/\/i0.wp.com\/antcube.shop\/wp-content\/uploads\/2021\/07\/Atta-mexicana.jpg?w=1000&amp;ssl=1 1000w, https:\/\/i0.wp.com\/antcube.shop\/wp-content\/uploads\/2021\/07\/Atta-mexicana.jpg?resize=247%2C247&amp;ssl=1 247w, https:\/\/i0.wp.com\/antcube.shop\/wp-content\/uploads\/2021\/07\/Atta-mexicana.jpg?resize=100%2C100&amp;ssl=1 100w, https:\/\/i0.wp.com\/antcube.shop\/wp-content\/uploads\/2021\/07\/Atta-mexicana.jpg?resize=510%2C510&amp;ssl=1 510w, https:\/\/i0.wp.com\/antcube.shop\/wp-content\/uploads\/2021\/07\/Atta-mexicana.jpg?resize=400%2C400&amp;ssl=1 400w, https:\/\/i0.wp.com\/antcube.shop\/wp-content\/uploads\/2021\/07\/Atta-mexicana.jpg?resize=800%2C800&amp;ssl=1 800w, https:\/\/i0.wp.com\/antcube.shop\/wp-content\/uploads\/2021\/07\/Atta-mexicana.jpg?resize=280%2C280&amp;ssl=1 280w, https:\/\/i0.wp.com\/antcube.shop\/wp-content\/uploads\/2021\/07\/Atta-mexicana.jpg?resize=768%2C768&amp;ssl=1 768w\" sizes=\"auto, (max-width: 1000px) 100vw, 1000px\" \/><\/div>\n            \n<style>\n#banner-2004926920 .overlay {\n  background-color: rgba(0, 0, 0, 0);\n}\n#banner-2004926920 .banner-bg img {\n  object-position: 48% 30%;\n}\n<\/style>\n  <\/div>\n\n\n\n\t\t<\/div>\n\t\t\t\t\t<\/div>\n\n\t\n\n\t<div id=\"col-560672881\" class=\"col medium-3 small-6 large-3\"  >\n\t\t\t\t<div class=\"col-inner\"  >\n\t\t\t\n\t\t\t\n\n\n  <div class=\"banner has-hover\" id=\"banner-805185885\">\n          <div class=\"banner-inner fill\">\n        <div class=\"banner-bg fill\" >\n            <img data-recalc-dims=\"1\" loading=\"lazy\" decoding=\"async\" width=\"1000\" height=\"1000\" src=\"https:\/\/i0.wp.com\/antcube.shop\/wp-content\/uploads\/2021\/07\/Oecophylla-smaragdina-1.jpg?resize=1000%2C1000&#038;ssl=1\" class=\"bg attachment-original size-original\" alt=\"Oecophylla smaragdina Ameisenk\u00f6nigin mit Arbeiterinnen und Puppen Makro auf wei\u00dfem Hintergrund ANTSTORE ANTCUBE\" \/>                        <div class=\"overlay\"><\/div>            \n                    <\/div>\n\t\t\n        <div class=\"banner-layers container\">\n            <a class=\"fill\" href=\"https:\/\/antcube.shop\/formicarium-finder\/weaver-ant-formicarium\/\"><div class=\"fill banner-link\"><\/div><\/a>            \n\n   <div id=\"text-box-1643452992\" class=\"text-box banner-layer x0 md-x0 lg-x0 y0 md-y0 lg-y0 res-text\">\n                                <div class=\"text-box-content text dark text-shadow-5\">\n              \n              <div class=\"text-inner text-center\">\n                  \n\n\t<div id=\"text-623849493\" class=\"text\">\n\t\t\n\n<h5 class=\"uppercase\" data-line-height=\"xs\"><strong>Weberameise<\/strong><\/h5>\n<p data-line-height=\"xs\"><strong>Oecophylla oder Polyrhachis<\/strong><\/p>\n\t\t\n<style>\n#text-623849493 {\n  font-size: 0.75rem;\n  color: rgb(0,0,0);\n}\n#text-623849493 > * {\n  color: rgb(0,0,0);\n}\n@media (min-width:550px) {\n  #text-623849493 {\n    font-size: 0.75rem;\n  }\n}\n@media (min-width:850px) {\n  #text-623849493 {\n    font-size: 1.15rem;\n  }\n}\n<\/style>\n\t<\/div>\n\t\n\n              <\/div>\n           <\/div>\n                            \n<style>\n#text-box-1643452992 {\n  width: 96%;\n}\n#text-box-1643452992 .text-box-content {\n  font-size: 100%;\n}\n<\/style>\n    <\/div>\n \n\n        <\/div>\n      <\/div>\n\n              <div class=\"height-fix is-invisible\"><img data-recalc-dims=\"1\" loading=\"lazy\" decoding=\"async\" width=\"1000\" height=\"1000\" src=\"https:\/\/i0.wp.com\/antcube.shop\/wp-content\/uploads\/2021\/07\/Oecophylla-smaragdina-1.jpg?resize=1000%2C1000&#038;ssl=1\" class=\"attachment-original size-original\" alt=\"Oecophylla smaragdina Ameisenk\u00f6nigin mit Arbeiterinnen und Puppen Makro auf wei\u00dfem Hintergrund ANTSTORE ANTCUBE\" srcset=\"https:\/\/i0.wp.com\/antcube.shop\/wp-content\/uploads\/2021\/07\/Oecophylla-smaragdina-1.jpg?w=1000&amp;ssl=1 1000w, https:\/\/i0.wp.com\/antcube.shop\/wp-content\/uploads\/2021\/07\/Oecophylla-smaragdina-1.jpg?resize=247%2C247&amp;ssl=1 247w, https:\/\/i0.wp.com\/antcube.shop\/wp-content\/uploads\/2021\/07\/Oecophylla-smaragdina-1.jpg?resize=100%2C100&amp;ssl=1 100w, https:\/\/i0.wp.com\/antcube.shop\/wp-content\/uploads\/2021\/07\/Oecophylla-smaragdina-1.jpg?resize=510%2C510&amp;ssl=1 510w, https:\/\/i0.wp.com\/antcube.shop\/wp-content\/uploads\/2021\/07\/Oecophylla-smaragdina-1.jpg?resize=400%2C400&amp;ssl=1 400w, https:\/\/i0.wp.com\/antcube.shop\/wp-content\/uploads\/2021\/07\/Oecophylla-smaragdina-1.jpg?resize=800%2C800&amp;ssl=1 800w, https:\/\/i0.wp.com\/antcube.shop\/wp-content\/uploads\/2021\/07\/Oecophylla-smaragdina-1.jpg?resize=280%2C280&amp;ssl=1 280w, https:\/\/i0.wp.com\/antcube.shop\/wp-content\/uploads\/2021\/07\/Oecophylla-smaragdina-1.jpg?resize=768%2C768&amp;ssl=1 768w\" sizes=\"auto, (max-width: 1000px) 100vw, 1000px\" \/><\/div>\n            \n<style>\n#banner-805185885 .overlay {\n  background-color: rgba(0, 0, 0, 0);\n}\n#banner-805185885 .banner-bg img {\n  object-position: 48% 53%;\n}\n<\/style>\n  <\/div>\n\n\n\n\t\t<\/div>\n\t\t\t\t\t<\/div>\n\n\t\n\n\t<div id=\"col-127879444\" class=\"col medium-3 small-6 large-3\"  >\n\t\t\t\t<div class=\"col-inner\"  >\n\t\t\t\n\t\t\t\n\n\n  <div class=\"banner has-hover\" id=\"banner-1871419103\">\n          <div class=\"banner-inner fill\">\n        <div class=\"banner-bg fill\" >\n            <img data-recalc-dims=\"1\" loading=\"lazy\" decoding=\"async\" width=\"1020\" height=\"765\" src=\"https:\/\/i0.wp.com\/antcube.shop\/wp-content\/uploads\/2021\/07\/Lasius-brunneus-Startbild.jpg?resize=1020%2C765&#038;ssl=1\" class=\"bg attachment-original size-original\" alt=\"Lasius brunneus Ameisenk\u00f6nigin mit Arbeiterinnen Makro auf wei\u00dfem Hintergrund ANTSTORE ANTCUBE\" \/>                        <div class=\"overlay\"><\/div>            \n                    <\/div>\n\t\t\n        <div class=\"banner-layers container\">\n            <a class=\"fill\" href=\"https:\/\/antcube.shop\/formicarium-finder\/nest-type\/\"><div class=\"fill banner-link\"><\/div><\/a>            \n\n   <div id=\"text-box-851255707\" class=\"text-box banner-layer x0 md-x0 lg-x0 y0 md-y0 lg-y0 res-text\">\n                                <div class=\"text-box-content text dark text-shadow-5\">\n              \n              <div class=\"text-inner text-center\">\n                  \n\n\t<div id=\"text-1500727676\" class=\"text\">\n\t\t\n\n<h5 class=\"uppercase\" data-line-height=\"xs\"><strong>Keine dieser Gattungen<\/strong><\/h5>\n<p>\u00a0<\/p>\n\t\t\n<style>\n#text-1500727676 {\n  font-size: 0.75rem;\n  color: rgb(0,0,0);\n}\n#text-1500727676 > * {\n  color: rgb(0,0,0);\n}\n@media (min-width:550px) {\n  #text-1500727676 {\n    font-size: 0.9rem;\n  }\n}\n@media (min-width:850px) {\n  #text-1500727676 {\n    font-size: 1.15rem;\n  }\n}\n<\/style>\n\t<\/div>\n\t\n\n              <\/div>\n           <\/div>\n                            \n<style>\n#text-box-851255707 {\n  width: 100%;\n}\n#text-box-851255707 .text-box-content {\n  font-size: 100%;\n}\n<\/style>\n    <\/div>\n \n\n        <\/div>\n      <\/div>\n\n            \n<style>\n#banner-1871419103 {\n  padding-top: 99.99%;\n}\n#banner-1871419103 .overlay {\n  background-color: rgba(0, 0, 0, 0);\n}\n#banner-1871419103 .banner-bg img {\n  object-position: 21% 59%;\n}\n<\/style>\n  <\/div>\n\n\n\n\t\t<\/div>\n\t\t\t\t\t<\/div>\n\n\t\n\n<\/div>","protected":false},"excerpt":{"rendered":"","protected":false},"author":1,"featured_media":0,"parent":0,"menu_order":0,"comment_status":"closed","ping_status":"closed","template":"","meta":{"_acf_changed":false,"content-type":"","_monsterinsights_skip_tracking":false,"_monsterinsights_sitenote_active":false,"_monsterinsights_sitenote_note":"","_monsterinsights_sitenote_category":0,"footnotes":""},"class_list":["post-727","page","type-page","status-publish","hentry"],"acf":[],"aioseo_notices":[],"jetpack_sharing_enabled":true,"_links":{"self":[{"href":"https:\/\/antcube.shop\/de\/wp-json\/wp\/v2\/pages\/727","targetHints":{"allow":["GET"]}}],"collection":[{"href":"https:\/\/antcube.shop\/de\/wp-json\/wp\/v2\/pages"}],"about":[{"href":"https:\/\/antcube.shop\/de\/wp-json\/wp\/v2\/types\/page"}],"author":[{"embeddable":true,"href":"https:\/\/antcube.shop\/de\/wp-json\/wp\/v2\/users\/1"}],"replies":[{"embeddable":true,"href":"https:\/\/antcube.shop\/de\/wp-json\/wp\/v2\/comments?post=727"}],"version-history":[{"count":10,"href":"https:\/\/antcube.shop\/de\/wp-json\/wp\/v2\/pages\/727\/revisions"}],"predecessor-version":[{"id":6799,"href":"https:\/\/antcube.shop\/de\/wp-json\/wp\/v2\/pages\/727\/revisions\/6799"}],"wp:attachment":[{"href":"https:\/\/antcube.shop\/de\/wp-json\/wp\/v2\/media?parent=727"}],"curies":[{"name":"wp","href":"https:\/\/api.w.org\/{rel}","templated":true}]}}