{"id":702,"date":"2021-08-17T10:58:14","date_gmt":"2021-08-17T08:58:14","guid":{"rendered":"https:\/\/antcube.shop\/?page_id=702"},"modified":"2024-09-09T17:06:06","modified_gmt":"2024-09-09T15:06:06","slug":"fangende-queen-ants","status":"publish","type":"page","link":"https:\/\/antcube.shop\/de\/fangende-queen-ants\/","title":{"rendered":"Fangen von Ameisenk\u00f6niginnen"},"content":{"rendered":"<div id=\"gap-1241469834\" class=\"gap-element clearfix\" style=\"display:block; height:auto;\">\n\t\t\n<style>\n#gap-1241469834 {\n  padding-top: 177px;\n}\n@media (min-width:550px) {\n  #gap-1241469834 {\n    padding-top: 178px;\n  }\n}\n@media (min-width:850px) {\n  #gap-1241469834 {\n    padding-top: 75px;\n  }\n}\n<\/style>\n\t<\/div>\n\t\n\n\n  <div class=\"banner has-hover\" id=\"banner-2056761742\">\n          <div class=\"banner-inner fill\">\n        <div class=\"banner-bg fill\" >\n            <img loading=\"lazy\" decoding=\"async\" width=\"1020\" height=\"571\" src=\"https:\/\/i0.wp.com\/antcube.shop\/wp-content\/uploads\/2021\/09\/Screenshot-2021-09-16-150304.png?fit=1020%2C571&amp;ssl=1\" class=\"bg attachment-large size-large\" alt=\"Wie man eine Ameisenk\u00f6nigin mit Reagenzglas und Federstahlpinzette f\u00e4ngt\" \/>                        <div class=\"overlay\"><\/div>            \n                    <\/div>\n\t\t\n        <div class=\"banner-layers container\">\n            <div class=\"fill banner-link\"><\/div>            \n\n   <div id=\"text-box-1780666738\" class=\"text-box banner-layer x50 md-x50 lg-x50 y50 md-y50 lg-y50 res-text\">\n                                <div class=\"text-box-content text dark text-shadow-3\">\n              \n              <div class=\"text-inner text-center\">\n                  \n\n<h3 class=\"uppercase\"><strong>WIE SIE IHRE EIGENE Ameisenk\u00f6nigin fangen k\u00f6nnen<\/strong><\/h3>\n\n              <\/div>\n           <\/div>\n                            \n<style>\n#text-box-1780666738 {\n  width: 60%;\n}\n#text-box-1780666738 .text-box-content {\n  font-size: 100%;\n}\n<\/style>\n    <\/div>\n \n\n        <\/div>\n      <\/div>\n\n            \n<style>\n#banner-2056761742 {\n  padding-top: 400px;\n}\n#banner-2056761742 .overlay {\n  background-color: rgba(0, 0, 0, 0.17);\n}\n#banner-2056761742 .banner-bg img {\n  object-position: 56% 82%;\n}\n@media (min-width:550px) {\n  #banner-2056761742 {\n    padding-top: 500px;\n  }\n}\n<\/style>\n  <\/div>\n\n\n\t<div id=\"gap-1412771493\" class=\"gap-element clearfix\" style=\"display:block; height:auto;\">\n\t\t\n<style>\n#gap-1412771493 {\n  padding-top: 30px;\n}\n<\/style>\n\t<\/div>\n\t\n\n<div class=\"row\"  id=\"row-2143789716\">\n\n\n\t<div id=\"col-1757783551\" class=\"col medium-6 small-12 large-6\"  >\n\t\t\t\t<div class=\"col-inner\"  >\n\t\t\t\n\t\t\t\n\n<h3>Fangen Sie Ihre eigene Ameisenk\u00f6nigin<\/h3>\n<p>Wenn Sie Ihre eigene Ameisenk\u00f6nigin fangen wollen, brauchen Sie entweder Gl\u00fcck oder etwas Vorbereitung und Recherche.\u00a0<\/p>\n<p>Ameisen haben normalerweise einmal im Jahr ihren Hochzeitsflug. Nur zu diesem Zeitpunkt bildet die Kolonie so genannte Fortpflanzungstiere, d. h. junge K\u00f6niginnen und Drohnen (m\u00e4nnliche Ameisen). Sie sind die einzigen Ameisen, die fliegen k\u00f6nnen. Die K\u00f6niginnen werfen ihre Fl\u00fcgel ab, nachdem sie sich mit einem oder mehreren M\u00e4nnchen gepaart haben. Die M\u00e4nnchen sterben nach kurzer Zeit (h\u00f6chstens ein paar Tage), unabh\u00e4ngig davon, ob sie sich gepaart haben oder nicht. <br \/>Nachdem die jungen K\u00f6niginnen ihren Hochzeitsflug absolviert haben, suchen sie einen geeigneten Platz, um ihre Kolonie zu gr\u00fcnden. Sie werfen ihre Fl\u00fcgel ab und beginnen zu graben. Dies ist der perfekte Zeitpunkt, um sie einzusammeln. Wenn sie keine Fl\u00fcgel mehr haben, kann man sicher sein, dass sie begattet sind.<\/p>\n<p>Am besten sammelt man sie mit einer Federstahlpinzette. Mit dieser kann man die Tiere greifen, ohne sie zu verletzen.<\/p>\n<p>Setzen Sie sie in ein Reagenzglas oder eine kleine Box mit Bel\u00fcftungsl\u00f6chern. Einige Arten sollten einzeln transportiert werden, andere k\u00f6nnen f\u00fcr kurze Zeit zusammen in einem Beh\u00e4lter gehalten werden, da sie untereinander weniger aggressiv sind. Verschiedene Arten sollten immer getrennt gehalten werden.<\/p>\n<p>Um herauszufinden, wann und wo Sie Ihre Ameisenk\u00f6nigin finden k\u00f6nnen, gibt es inzwischen viele \"Hochzeitsflugkarten\" im Internet. Wir haben zwei Beispiele weiter unten auf dieser Seite verlinkt.<\/p>\n<p>Bitte stellen Sie sicher, dass Sie keine gesch\u00fctzten oder gef\u00e4hrdeten Arten sammeln. Es gibt in allen L\u00e4ndern der Welt mehr als genug Arten, deren Populationen sehr gesund sind.<\/p>\n<p><strong>Nuptialflugkarte in deutscher Sprache:<\/strong><\/p>\n<p><a href=\"https:\/\/www.ameisenforum.de\/schwarmflug.php\">Ameisenforum.de<\/a><\/p>\n<p><strong>Nuptial Flight Chart in englischer Sprache:<\/strong><\/p>\n<p><a href=\"https:\/\/antflights.com\/stats\/flights\">Antfl\u00fcge.de<\/a><\/p>\n\n\t\t<\/div>\n\t\t\t\t\t<\/div>\n\n\t\n\n\t<div id=\"col-778732634\" class=\"col medium-6 small-12 large-6\"  >\n\t\t\t\t<div class=\"col-inner\"  >\n\t\t\t\n\t\t\t\n\n\t<div class=\"img has-hover x md-x lg-x y md-y lg-y\" id=\"image_829540737\">\n\t\t<a class=\"image-lightbox lightbox-gallery\" title=\"\" href=\"https:\/\/i0.wp.com\/antcube.shop\/wp-content\/uploads\/2021\/07\/Lasius-niger.jpg?ssl=1\">\t\t\t\t\t\t<div class=\"img-inner dark\" >\n\t\t\t<img data-recalc-dims=\"1\" loading=\"lazy\" decoding=\"async\" width=\"1000\" height=\"1000\" src=\"https:\/\/i0.wp.com\/antcube.shop\/wp-content\/uploads\/2021\/07\/Lasius-niger.jpg?resize=1000%2C1000&#038;ssl=1\" class=\"attachment-original size-original\" alt=\"Lasius niger Ameisenk\u00f6nigin Makro auf wei\u00dfem Hintergrund\" srcset=\"https:\/\/i0.wp.com\/antcube.shop\/wp-content\/uploads\/2021\/07\/Lasius-niger.jpg?w=1000&amp;ssl=1 1000w, https:\/\/i0.wp.com\/antcube.shop\/wp-content\/uploads\/2021\/07\/Lasius-niger.jpg?resize=247%2C247&amp;ssl=1 247w, https:\/\/i0.wp.com\/antcube.shop\/wp-content\/uploads\/2021\/07\/Lasius-niger.jpg?resize=100%2C100&amp;ssl=1 100w, https:\/\/i0.wp.com\/antcube.shop\/wp-content\/uploads\/2021\/07\/Lasius-niger.jpg?resize=510%2C510&amp;ssl=1 510w, https:\/\/i0.wp.com\/antcube.shop\/wp-content\/uploads\/2021\/07\/Lasius-niger.jpg?resize=400%2C400&amp;ssl=1 400w, https:\/\/i0.wp.com\/antcube.shop\/wp-content\/uploads\/2021\/07\/Lasius-niger.jpg?resize=800%2C800&amp;ssl=1 800w, https:\/\/i0.wp.com\/antcube.shop\/wp-content\/uploads\/2021\/07\/Lasius-niger.jpg?resize=280%2C280&amp;ssl=1 280w, https:\/\/i0.wp.com\/antcube.shop\/wp-content\/uploads\/2021\/07\/Lasius-niger.jpg?resize=768%2C768&amp;ssl=1 768w\" sizes=\"auto, (max-width: 1000px) 100vw, 1000px\" \/>\t\t\t\t\t\t\n\t\t\t\t\t<\/div>\n\t\t\t\t\t\t<\/a>\t\t\n<style>\n#image_829540737 {\n  width: 100%;\n}\n<\/style>\n\t<\/div>\n\t\n\n\t<div id=\"text-191131775\" class=\"text\">\n\t\t\n\n<p>Lasius niger K\u00f6nigin<\/p>\n\t\t\n<style>\n#text-191131775 {\n  text-align: center;\n}\n<\/style>\n\t<\/div>\n\t\n\n\t\t<\/div>\n\t\t\t\t\t<\/div>\n\n\t\n\n<\/div>","protected":false},"excerpt":{"rendered":"","protected":false},"author":1,"featured_media":0,"parent":0,"menu_order":0,"comment_status":"closed","ping_status":"closed","template":"","meta":{"_acf_changed":false,"content-type":"","_monsterinsights_skip_tracking":false,"_monsterinsights_sitenote_active":false,"_monsterinsights_sitenote_note":"","_monsterinsights_sitenote_category":0,"footnotes":""},"class_list":["post-702","page","type-page","status-publish","hentry"],"acf":[],"aioseo_notices":[],"jetpack_sharing_enabled":true,"_links":{"self":[{"href":"https:\/\/antcube.shop\/de\/wp-json\/wp\/v2\/pages\/702","targetHints":{"allow":["GET"]}}],"collection":[{"href":"https:\/\/antcube.shop\/de\/wp-json\/wp\/v2\/pages"}],"about":[{"href":"https:\/\/antcube.shop\/de\/wp-json\/wp\/v2\/types\/page"}],"author":[{"embeddable":true,"href":"https:\/\/antcube.shop\/de\/wp-json\/wp\/v2\/users\/1"}],"replies":[{"embeddable":true,"href":"https:\/\/antcube.shop\/de\/wp-json\/wp\/v2\/comments?post=702"}],"version-history":[{"count":10,"href":"https:\/\/antcube.shop\/de\/wp-json\/wp\/v2\/pages\/702\/revisions"}],"predecessor-version":[{"id":9149,"href":"https:\/\/antcube.shop\/de\/wp-json\/wp\/v2\/pages\/702\/revisions\/9149"}],"wp:attachment":[{"href":"https:\/\/antcube.shop\/de\/wp-json\/wp\/v2\/media?parent=702"}],"curies":[{"name":"wp","href":"https:\/\/api.w.org\/{rel}","templated":true}]}}