{"id":643,"date":"2021-07-30T13:36:12","date_gmt":"2021-07-30T11:36:12","guid":{"rendered":"https:\/\/antcube.shop\/?page_id=643"},"modified":"2024-11-29T15:31:27","modified_gmt":"2024-11-29T14:31:27","slug":"elektrische-gerate-act","status":"publish","type":"page","link":"https:\/\/antcube.shop\/de\/elektrische-gerate-act\/","title":{"rendered":"Gesetz \u00fcber elektrische Ger\u00e4te"},"content":{"rendered":"<div id=\"gap-19443058\" class=\"gap-element clearfix\" style=\"display:block; height:auto;\">\n\t\t\n<style>\n#gap-19443058 {\n  padding-top: 190px;\n}\n<\/style>\n\t<\/div>\n\t\n\n<div class=\"row\"  id=\"row-1626536418\">\n\n\n\t<div id=\"col-926829813\" class=\"col small-12 large-12\"  >\n\t\t\t\t<div class=\"col-inner\"  >\n\t\t\t\n\t\t\t\n\n\t<div id=\"text-4217576591\" class=\"text\">\n\t\t\n\n<h3><b>Informationen nach dem deutschen Elektro- und Elektronikger\u00e4tegesetz (ElektroG)<\/b><\/h3>\n<p><span style=\"font-weight: 400;\">Unsere WEEE-Registrierungsnummer: <\/span><b>DE 54590387<\/b><\/p>\n<p><b>1 Einleitung <\/b><b><br \/><\/b><span style=\"font-weight: 400;\">Das ElektroG regelt die <\/span><b>Inverkehrbringen<\/b><span style=\"font-weight: 400;\">, <\/span><b>R\u00fccknahme <\/b><span style=\"font-weight: 400;\">und <\/span><b>umweltgerechte Entsorgung <\/b><span style=\"font-weight: 400;\">von Elektro- und Elektronikger\u00e4ten. Ziel ist es, den Umweltschutz zu f\u00f6rdern und das Recycling wertvoller Rohstoffe zu gew\u00e4hrleisten.<\/span><\/p>\n<ol start=\"2\">\n<li><b> rechtliche Verpflichtungen f\u00fcr Verbraucher<\/b><\/li>\n<\/ol>\n<ul>\n<li style=\"font-weight: 400;\" aria-level=\"1\"><b>Verbot der Entsorgung im Restm\u00fcll<\/b><span style=\"font-weight: 400;\">: Elektroaltger\u00e4te d\u00fcrfen nicht im Restm\u00fcll entsorgt werden.<\/span><\/li>\n<li style=\"font-weight: 400;\" aria-level=\"1\"><b>Verpflichtung zur R\u00fcckkehr<\/b><span style=\"font-weight: 400;\">: Die Verbraucher sind gesetzlich verpflichtet, Elektro- und Elektronik-Altger\u00e4te bei kommunalen Sammelstellen (\u00d6RE - \u00f6ffentlich-rechtliche Entsorgungstr\u00e4ger) oder in entsprechenden R\u00fccknahmesystemen zu entsorgen.<\/span><\/li>\n<li style=\"font-weight: 400;\" aria-level=\"1\"><b>Schadstoffe und Recycling<\/b><span style=\"font-weight: 400;\">:<\/span>\n<ul>\n<li style=\"font-weight: 400;\" aria-level=\"2\"><span style=\"font-weight: 400;\">Alte Elektroger\u00e4te k\u00f6nnen Schadstoffe enthalten, die die Umwelt und die Gesundheit sch\u00e4digen k\u00f6nnen, wenn sie nicht ordnungsgem\u00e4\u00df gelagert oder entsorgt werden.<\/span><\/li>\n<li style=\"font-weight: 400;\" aria-level=\"2\"><span style=\"font-weight: 400;\">Zugleich enthalten sie wertvolle Rohstoffe wie Eisen, Kunststoff, Silber oder Glas, die wiederverwertet werden k\u00f6nnen.<\/span><\/li>\n<\/ul>\n<\/li>\n<\/ul>\n<p><b>3 Welche Ger\u00e4te sind betroffen? <\/b><b><br \/><\/b><span style=\"font-weight: 400;\">Das ElektroG gilt f\u00fcr die meisten elektrischen und elektronischen Ger\u00e4te, die mit Strom oder elektromagnetischen Feldern betrieben werden. Dazu geh\u00f6ren unter anderem:<\/span><\/p>\n<ul>\n<li style=\"font-weight: 400;\" aria-level=\"1\"><span style=\"font-weight: 400;\">Klimacomputer<\/span><\/li>\n<li style=\"font-weight: 400;\" aria-level=\"1\"><span style=\"font-weight: 400;\">Heizmatten und -kabel<\/span><\/li>\n<li style=\"font-weight: 400;\" aria-level=\"1\"><span style=\"font-weight: 400;\">Digitales Thermometer und Hygrometer<\/span><\/li>\n<li style=\"font-weight: 400;\" aria-level=\"1\"><span style=\"font-weight: 400;\">Luftbefeuchter (Nebler)<\/span><\/li>\n<li style=\"font-weight: 400;\" aria-level=\"1\"><span style=\"font-weight: 400;\">Fan<\/span><\/li>\n<\/ul>\n<p><span style=\"font-weight: 400;\">Eine vollst\u00e4ndige Liste der betroffenen Kategorien ist in der aktuellen Richtlinie enthalten.<\/span><\/p>\n<p><b>4 Kennzeichnung der betroffenen Produkte <\/b><b><br \/><\/b><span style=\"font-weight: 400;\">Produkte, die unter das ElektroG fallen, sind mit dem Symbol einer <\/span><b>durchgestrichene M\u00fclltonne<\/b><span style=\"font-weight: 400;\">. Dies bedeutet, dass das Ger\u00e4t nicht \u00fcber den Restm\u00fcll entsorgt werden darf, sondern \u00fcber Sammelstellen oder R\u00fccknahmesysteme entsorgt werden muss.<\/span><\/p>\n<p><b>5 Die Verpflichtungen von ANTSTORE nach dem ElektroG <\/b><b><br \/><\/b><span style=\"font-weight: 400;\">ANTSTORE hat alle Verpflichtungen aus dem ElektroG umgesetzt, um eine umweltgerechte Entsorgung zu gew\u00e4hrleisten:<\/span><\/p>\n<ul>\n<li style=\"font-weight: 400;\" aria-level=\"1\"><b>Registrierung bei der EAR<\/b><span style=\"font-weight: 400;\">:<\/span>\n<ul>\n<li style=\"font-weight: 400;\" aria-level=\"2\"><span style=\"font-weight: 400;\">ANTSTORE ist bei der Stiftung EAR (Waste Electrical and Electronic Equipment Register) registriert.<\/span><\/li>\n<li style=\"font-weight: 400;\" aria-level=\"2\"><span style=\"font-weight: 400;\">Unsere WEEE-Registrierungsnummer: <\/span><b>DE <\/b><span style=\"font-weight: 400;\">54590387.<\/span><\/li>\n<\/ul>\n<\/li>\n<li style=\"font-weight: 400;\" aria-level=\"1\"><b>\u00dcberpr\u00fcfung der Lieferanten<\/b><span style=\"font-weight: 400;\">:<\/span>\n<ul>\n<li style=\"font-weight: 400;\" aria-level=\"2\"><span style=\"font-weight: 400;\">Alle Lieferanten wurden und werden kontinuierlich auf die Einhaltung der Registrierungspflichten \u00fcberpr\u00fcft.<\/span><\/li>\n<\/ul>\n<\/li>\n<li style=\"font-weight: 400;\" aria-level=\"1\"><b>Kennzeichnungspflicht<\/b><span style=\"font-weight: 400;\">:<\/span>\n<ul>\n<li style=\"font-weight: 400;\" aria-level=\"2\"><span style=\"font-weight: 400;\">Alle in der EU hergestellten und eingef\u00fchrten Produkte sind ordnungsgem\u00e4\u00df gekennzeichnet.<\/span><\/li>\n<\/ul>\n<\/li>\n<\/ul>\n<ol start=\"6\">\n<li><b> R\u00fcckgabeoptionen im ANTSTORE-Zweig <\/b><b><br \/><\/b><span style=\"font-weight: 400;\">Zus\u00e4tzlich zu den kommunalen Sammelstellen bietet ANTSTORE seinen Kunden ein <\/span><b>freiwillige R\u00fcckkehr <\/b><span style=\"font-weight: 400;\">von Altger\u00e4ten:<\/span><\/li>\n<\/ol>\n<ul>\n<li style=\"font-weight: 400;\" aria-level=\"1\"><span style=\"font-weight: 400;\">Kunden k\u00f6nnen ihre alten Ger\u00e4te zur\u00fcckgeben <\/span><b>unentgeltlich <\/b><span style=\"font-weight: 400;\">wenn Sie in unserem Shop einkaufen.<\/span><\/li>\n<li style=\"font-weight: 400;\" aria-level=\"1\"><span style=\"font-weight: 400;\">Auf diese Weise unterst\u00fctzen wir die bequeme und umweltfreundliche Entsorgung von Elektroaltger\u00e4ten.<\/span><\/li>\n<\/ul>\n<p><b>Zusammenfassung f\u00fcr Verbraucher<\/b><\/p>\n<ul>\n<li style=\"font-weight: 400;\" aria-level=\"1\"><span style=\"font-weight: 400;\">Nutzen Sie kommunale Sammelstellen (\u00d6RE) oder unsere R\u00fccknahmesysteme im Gesch\u00e4ft.<\/span><\/li>\n<li style=\"font-weight: 400;\" aria-level=\"1\"><span style=\"font-weight: 400;\">Entsorgen Sie alte Elektroger\u00e4te niemals \u00fcber den Restm\u00fcll.<\/span><\/li>\n<li style=\"font-weight: 400;\" aria-level=\"1\"><span style=\"font-weight: 400;\">Helfen Sie mit, die Umwelt und die Ressourcen zu sch\u00fctzen, indem Sie Ihren Abfall ordnungsgem\u00e4\u00df entsorgen.<\/span><\/li>\n<\/ul>\n<p><span style=\"font-weight: 400;\">Wenn Sie weitere Fragen zu unseren R\u00fccknahme- und Entsorgungsdienstleistungen haben, z\u00f6gern Sie bitte nicht, uns zu kontaktieren.<\/span><\/p>\n<p><b>Weitere Informationen:<\/b><\/p>\n<p><a href=\"https:\/\/www.stiftung-ear.de\/de\/home\"><span style=\"font-weight: 400;\">www.stiftung-ear.de<\/span><\/a><\/p>\n<p><a href=\"https:\/\/www.bmuv.de\/themen\/kreislaufwirtschaft\/abfallarten-und-abfallstroeme\/uebersicht-abfallarten-und-abfallstroeme\"><span style=\"font-weight: 400;\">www.bmu.de<\/span><\/a><\/p>\n\n\t\t\n<style>\n#text-4217576591 {\n  text-align: left;\n}\n<\/style>\n\t<\/div>\n\t\n\n\t\t<\/div>\n\t\t\t\t\t<\/div>\n\n\t\n\n<\/div>","protected":false},"excerpt":{"rendered":"","protected":false},"author":1,"featured_media":0,"parent":0,"menu_order":0,"comment_status":"closed","ping_status":"closed","template":"","meta":{"_acf_changed":false,"content-type":"","_monsterinsights_skip_tracking":false,"_monsterinsights_sitenote_active":false,"_monsterinsights_sitenote_note":"","_monsterinsights_sitenote_category":0,"footnotes":""},"class_list":["post-643","page","type-page","status-publish","hentry"],"acf":[],"aioseo_notices":[],"jetpack_sharing_enabled":true,"_links":{"self":[{"href":"https:\/\/antcube.shop\/de\/wp-json\/wp\/v2\/pages\/643","targetHints":{"allow":["GET"]}}],"collection":[{"href":"https:\/\/antcube.shop\/de\/wp-json\/wp\/v2\/pages"}],"about":[{"href":"https:\/\/antcube.shop\/de\/wp-json\/wp\/v2\/types\/page"}],"author":[{"embeddable":true,"href":"https:\/\/antcube.shop\/de\/wp-json\/wp\/v2\/users\/1"}],"replies":[{"embeddable":true,"href":"https:\/\/antcube.shop\/de\/wp-json\/wp\/v2\/comments?post=643"}],"version-history":[{"count":6,"href":"https:\/\/antcube.shop\/de\/wp-json\/wp\/v2\/pages\/643\/revisions"}],"predecessor-version":[{"id":10641,"href":"https:\/\/antcube.shop\/de\/wp-json\/wp\/v2\/pages\/643\/revisions\/10641"}],"wp:attachment":[{"href":"https:\/\/antcube.shop\/de\/wp-json\/wp\/v2\/media?parent=643"}],"curies":[{"name":"wp","href":"https:\/\/api.w.org\/{rel}","templated":true}]}}