{"id":641,"date":"2021-07-30T13:35:42","date_gmt":"2021-07-30T11:35:42","guid":{"rendered":"https:\/\/antcube.shop\/?page_id=641"},"modified":"2024-11-29T15:44:57","modified_gmt":"2024-11-29T14:44:57","slug":"batterie-gesetz","status":"publish","type":"page","link":"https:\/\/antcube.shop\/de\/batterie-gesetz\/","title":{"rendered":"Batteriegesetz"},"content":{"rendered":"<div id=\"gap-454182988\" class=\"gap-element clearfix\" style=\"display:block; height:auto;\">\n\t\t\n<style>\n#gap-454182988 {\n  padding-top: 190px;\n}\n<\/style>\n\t<\/div>\n\t\n\n<div class=\"row\"  id=\"row-223798485\">\n\n\n\t<div id=\"col-1967885757\" class=\"col small-12 large-12\"  >\n\t\t\t\t<div class=\"col-inner\"  >\n\t\t\t\n\t\t\t\n\n<h3><b>Hinweise zum Batteriegesetz (BattG)<\/b><\/h3>\n<ol>\n<li><b> Batterien und wiederaufladbare Batterien in Ger\u00e4ten <\/b><b><br \/><\/b><span style=\"font-weight: 400;\">Viele unserer Produkte enthalten Batterien oder Akkus, die z.B. zum Betrieb von Fernbedienungen oder als fest eingebaute Komponenten in Ger\u00e4ten verwendet werden. Im Zusammenhang mit dem Verkauf dieser Batterien oder Akkus m\u00f6chten wir Sie auf Folgendes aufmerksam machen:<\/span><\/li>\n<li><b> rechtliche Verpflichtung zur R\u00fcckgabe<\/b><\/li>\n<\/ol>\n<ul>\n<li style=\"font-weight: 400;\" aria-level=\"1\"><b>Entsorgung von Altbatterien<\/b><span style=\"font-weight: 400;\"><br \/><\/span><span style=\"font-weight: 400;\"> Nach dem Batteriegesetz m\u00fcssen Altbatterien bei einer kommunalen Sammelstelle, in speziellen Altbatteriecontainern oder im \u00f6rtlichen Handel unentgeltlich abgegeben werden.<\/span><\/li>\n<li style=\"font-weight: 400;\" aria-level=\"1\"><b>Verbot der Entsorgung im Hausm\u00fcll<\/b><span style=\"font-weight: 400;\"><br \/><\/span><span style=\"font-weight: 400;\">Die Entsorgung von Batterien im Hausm\u00fcll ist ausdr\u00fccklich verboten.<\/span><\/li>\n<\/ul>\n<ol start=\"3\">\n<li><b> R\u00fcckgabeoptionen bei ANTSTORE <\/b><b><br \/><\/b><span style=\"font-weight: 400;\">Wenn Sie keine kommunale Sammelstelle oder Ihren H\u00e4ndler vor Ort nutzen m\u00f6chten, bieten wir Ihnen folgende M\u00f6glichkeiten zur R\u00fcckgabe der von uns gelieferten Batterien:<\/span><\/li>\n<\/ol>\n<ul>\n<li style=\"font-weight: 400;\" aria-level=\"1\"><b>Kostenlose R\u00fcckgabe vor Ort<\/b><span style=\"font-weight: 400;\"><br \/><\/span><span style=\"font-weight: 400;\">Sie k\u00f6nnen Batterien direkt in unserem Gesch\u00e4ft zur\u00fcckgeben.<\/span><\/li>\n<li style=\"font-weight: 400;\" aria-level=\"1\"><b>R\u00fccksendung per Post<\/b><span style=\"font-weight: 400;\"><br \/><\/span><span style=\"font-weight: 400;\">Schicken Sie die Batterien an:<\/span><span style=\"font-weight: 400;\"><br \/><\/span><b>ANTSTORE<\/b><b><br \/><\/b><b>Selerweg 41<\/b><b><br \/><\/b><b>D-12169 Berlin<\/b><\/li>\n<\/ul>\n<ol start=\"4\">\n<li><b> Kennzeichnung von schadstoffhaltigen Batterien <\/b><b><br \/><\/b><span style=\"font-weight: 400;\">Batterien, die Schadstoffe enthalten, sind mit dem Symbol eines <\/span><b>durchgestrichene M\u00fclltonne<\/b><span style=\"font-weight: 400;\">. Unter diesem Symbol finden Sie chemische Abk\u00fcrzungen f\u00fcr die enthaltenen Schadstoffe:<\/span><\/li>\n<\/ol>\n<ul>\n<li style=\"font-weight: 400;\" aria-level=\"1\"><b>Pb <\/b><span style=\"font-weight: 400;\">= Batterie enth\u00e4lt Blei<\/span><\/li>\n<li style=\"font-weight: 400;\" aria-level=\"1\"><b>Cd <\/b><span style=\"font-weight: 400;\">= Batterie enth\u00e4lt Cadmium<\/span><\/li>\n<li style=\"font-weight: 400;\" aria-level=\"1\"><b>Hg <\/b><span style=\"font-weight: 400;\">= Batterie enth\u00e4lt Quecksilber<\/span><\/li>\n<\/ul>\n<ol start=\"5\">\n<li><b> weitere Informationen<\/b><\/li>\n<\/ol>\n<ul>\n<li style=\"font-weight: 400;\" aria-level=\"1\"><span style=\"font-weight: 400;\">Hier finden Sie ausf\u00fchrliche Informationen:<\/span>\n<ul>\n<li style=\"font-weight: 400;\" aria-level=\"2\"><span style=\"font-weight: 400;\">In den Begleitpapieren Ihrer Warenlieferung.<\/span><\/li>\n<li style=\"font-weight: 400;\" aria-level=\"2\"><span style=\"font-weight: 400;\">In den Bedienungsanleitungen der jeweiligen Ger\u00e4tehersteller.<\/span><\/li>\n<\/ul>\n<\/li>\n<li style=\"font-weight: 400;\" aria-level=\"1\"><span style=\"font-weight: 400;\">Weitere Informationen erhalten Sie \u00fcber das Batteriegesetz:<\/span>\n<ul>\n<li style=\"font-weight: 400;\" aria-level=\"2\"><span style=\"font-weight: 400;\">Im Bundesministerium f\u00fcr Umwelt, Naturschutz und Reaktorsicherheit <\/span><a href=\"http:\/\/www.bmu.de\/abfallwirtschaft\"><span style=\"font-weight: 400;\">(<\/span><span style=\"font-weight: 400;\">www.bmu.de)<\/span><\/a><\/li>\n<li style=\"font-weight: 400;\" aria-level=\"2\"><span style=\"font-weight: 400;\">Im Umweltbundesamt <\/span><a href=\"http:\/\/www.uba.de\"><span style=\"font-weight: 400;\">(<\/span><span style=\"font-weight: 400;\">www.uba.de)<\/span><\/a><\/li>\n<\/ul>\n<\/li>\n<\/ul>\n<p><b>Zusammenfassung<\/b><\/p>\n<ul>\n<li style=\"font-weight: 400;\" aria-level=\"1\"><span style=\"font-weight: 400;\">Batterien geh\u00f6ren nicht in den Hausm\u00fcll.<\/span><\/li>\n<li style=\"font-weight: 400;\" aria-level=\"1\"><span style=\"font-weight: 400;\">Nutzen Sie kommunale Sammelstellen, Altbatteriecontainer oder die R\u00fcckgabem\u00f6glichkeiten bei ANTSTORE.<\/span><\/li>\n<li style=\"font-weight: 400;\" aria-level=\"1\"><span style=\"font-weight: 400;\">Achten Sie auf das Symbol der durchgestrichenen M\u00fclltonne und die Schadstoffkennzeichnung.<\/span><\/li>\n<\/ul>\n<p><span style=\"font-weight: 400;\">Danke, dass Sie durch die richtige Entsorgung von Batterien aktiv zum Umweltschutz beitragen!<\/span><\/p>\n<h3><br \/><br \/><br \/><br \/><br \/><br \/><\/h3>\n\n\t\t<\/div>\n\t\t\t\t\t<\/div>\n\n\t\n\n<\/div>","protected":false},"excerpt":{"rendered":"","protected":false},"author":1,"featured_media":0,"parent":0,"menu_order":0,"comment_status":"closed","ping_status":"closed","template":"","meta":{"_acf_changed":false,"content-type":"","_monsterinsights_skip_tracking":false,"_monsterinsights_sitenote_active":false,"_monsterinsights_sitenote_note":"","_monsterinsights_sitenote_category":0,"footnotes":""},"class_list":["post-641","page","type-page","status-publish","hentry"],"acf":[],"aioseo_notices":[],"jetpack_sharing_enabled":true,"_links":{"self":[{"href":"https:\/\/antcube.shop\/de\/wp-json\/wp\/v2\/pages\/641","targetHints":{"allow":["GET"]}}],"collection":[{"href":"https:\/\/antcube.shop\/de\/wp-json\/wp\/v2\/pages"}],"about":[{"href":"https:\/\/antcube.shop\/de\/wp-json\/wp\/v2\/types\/page"}],"author":[{"embeddable":true,"href":"https:\/\/antcube.shop\/de\/wp-json\/wp\/v2\/users\/1"}],"replies":[{"embeddable":true,"href":"https:\/\/antcube.shop\/de\/wp-json\/wp\/v2\/comments?post=641"}],"version-history":[{"count":3,"href":"https:\/\/antcube.shop\/de\/wp-json\/wp\/v2\/pages\/641\/revisions"}],"predecessor-version":[{"id":10643,"href":"https:\/\/antcube.shop\/de\/wp-json\/wp\/v2\/pages\/641\/revisions\/10643"}],"wp:attachment":[{"href":"https:\/\/antcube.shop\/de\/wp-json\/wp\/v2\/media?parent=641"}],"curies":[{"name":"wp","href":"https:\/\/api.w.org\/{rel}","templated":true}]}}