{"id":628,"date":"2021-07-30T13:29:33","date_gmt":"2021-07-30T11:29:33","guid":{"rendered":"https:\/\/antcube.shop\/?page_id=628"},"modified":"2025-11-17T11:20:38","modified_gmt":"2025-11-17T10:20:38","slug":"wiederverkaufer","status":"publish","type":"page","link":"https:\/\/antcube.shop\/de\/wiederverkaufer\/","title":{"rendered":"Wiederverk\u00e4ufer werden"},"content":{"rendered":"<div id=\"gap-924210458\" class=\"gap-element clearfix\" style=\"display:block; height:auto;\">\n\t\t\n<style>\n#gap-924210458 {\n  padding-top: 181px;\n}\n@media (min-width:550px) {\n  #gap-924210458 {\n    padding-top: 185px;\n  }\n}\n@media (min-width:850px) {\n  #gap-924210458 {\n    padding-top: 137px;\n  }\n}\n<\/style>\n\t<\/div>\n\t\n\n\n  <div class=\"banner has-hover\" id=\"banner-172736767\">\n          <div class=\"banner-inner fill\">\n        <div class=\"banner-bg fill\" >\n            <img loading=\"lazy\" decoding=\"async\" width=\"900\" height=\"600\" src=\"https:\/\/i0.wp.com\/antcube.shop\/wp-content\/uploads\/2021\/09\/pexels-thirdman-5684382-scaled.jpg?fit=900%2C600&amp;ssl=1\" class=\"bg attachment-large size-large\" alt=\"\" \/>                        <div class=\"overlay\"><\/div>            \n                    <\/div>\n\t\t\n        <div class=\"banner-layers container\">\n            <div class=\"fill banner-link\"><\/div>            \n\n   <div id=\"text-box-645142762\" class=\"text-box banner-layer x0 md-x50 lg-x50 y50 md-y85 lg-y35 res-text\">\n                                <div class=\"text-box-content text dark text-shadow-3\">\n              \n              <div class=\"text-inner text-center\">\n                  \n\n\t<div id=\"text-85426419\" class=\"text\">\n\t\t\n\n<h1><strong>Wir suchen Wiederverk\u00e4ufer!<\/strong><\/h1>\n<p>Wir suchen Wiederverk\u00e4ufer und Partner, die unsere ANTCUBE Produkte an Ameisenhalter auf der ganzen Welt verkaufen. Wenn Sie sich uns anschlie\u00dfen und an der Schaffung einer weltweiten Gemeinschaft von Ameisen- und Naturliebhabern teilnehmen m\u00f6chten<\/p>\n\t\t\n<style>\n#text-85426419 {\n  font-size: 0.75rem;\n  line-height: 1;\n  text-align: center;\n}\n@media (min-width:550px) {\n  #text-85426419 {\n    font-size: 0.95rem;\n  }\n}\n@media (min-width:850px) {\n  #text-85426419 {\n    font-size: 1.25rem;\n  }\n}\n<\/style>\n\t<\/div>\n\t\n\t<div id=\"text-1138253803\" class=\"text\">\n\t\t\n\n<p>Kontaktieren Sie uns unter\u00a0<\/p>\n\t\t\n<style>\n#text-1138253803 {\n  font-size: 1.05rem;\n  line-height: 0.75;\n}\n@media (min-width:550px) {\n  #text-1138253803 {\n    font-size: 2.25rem;\n  }\n}\n<\/style>\n\t<\/div>\n\t\n\t<div id=\"text-3553490809\" class=\"text\">\n\t\t\n\n<p>sales@antcube.de<\/p>\n\t\t\n<style>\n#text-3553490809 {\n  font-size: 0.75rem;\n  line-height: 0.75;\n}\n@media (min-width:550px) {\n  #text-3553490809 {\n    font-size: 2.25rem;\n  }\n}\n<\/style>\n\t<\/div>\n\t\n\n              <\/div>\n           <\/div>\n                            \n<style>\n#text-box-645142762 {\n  width: 100%;\n}\n#text-box-645142762 .text-box-content {\n  font-size: 100%;\n}\n@media (min-width:550px) {\n  #text-box-645142762 {\n    width: 87%;\n  }\n}\n<\/style>\n    <\/div>\n \n\n        <\/div>\n      <\/div>\n\n              <div class=\"height-fix is-invisible\"><img loading=\"lazy\" decoding=\"async\" width=\"900\" height=\"600\" src=\"https:\/\/i0.wp.com\/antcube.shop\/wp-content\/uploads\/2021\/09\/pexels-thirdman-5684382-scaled.jpg?fit=900%2C600&amp;ssl=1\" class=\"attachment-large size-large\" alt=\"\" srcset=\"https:\/\/i0.wp.com\/antcube.shop\/wp-content\/uploads\/2021\/09\/pexels-thirdman-5684382-scaled.jpg?w=2560&amp;ssl=1 2560w, https:\/\/i0.wp.com\/antcube.shop\/wp-content\/uploads\/2021\/09\/pexels-thirdman-5684382-scaled.jpg?resize=510%2C340&amp;ssl=1 510w, https:\/\/i0.wp.com\/antcube.shop\/wp-content\/uploads\/2021\/09\/pexels-thirdman-5684382-scaled.jpg?resize=600%2C400&amp;ssl=1 600w, https:\/\/i0.wp.com\/antcube.shop\/wp-content\/uploads\/2021\/09\/pexels-thirdman-5684382-scaled.jpg?resize=1200%2C800&amp;ssl=1 1200w, https:\/\/i0.wp.com\/antcube.shop\/wp-content\/uploads\/2021\/09\/pexels-thirdman-5684382-scaled.jpg?resize=768%2C512&amp;ssl=1 768w, https:\/\/i0.wp.com\/antcube.shop\/wp-content\/uploads\/2021\/09\/pexels-thirdman-5684382-scaled.jpg?resize=1536%2C1024&amp;ssl=1 1536w, https:\/\/i0.wp.com\/antcube.shop\/wp-content\/uploads\/2021\/09\/pexels-thirdman-5684382-scaled.jpg?resize=2048%2C1365&amp;ssl=1 2048w\" sizes=\"auto, (max-width: 900px) 100vw, 900px\" \/><\/div>\n            \n<style>\n#banner-172736767 .overlay {\n  background-color: rgba(0, 0, 0, 0.174);\n}\n#banner-172736767 .banner-bg img {\n  object-position: 50% 45%;\n}\n<\/style>\n  <\/div>\n\n\n\t<div id=\"gap-635669346\" class=\"gap-element clearfix\" style=\"display:block; height:auto;\">\n\t\t\n<style>\n#gap-635669346 {\n  padding-top: 30px;\n}\n<\/style>\n\t<\/div>\n\t\n\n<div class=\"row\"  id=\"row-1121888145\">\n\n\n\t<div id=\"col-249987899\" class=\"col small-12 large-12\"  >\n\t\t\t\t<div class=\"col-inner\"  >\n\t\t\t\n\t\t\t\n\n<div class=\"wp-block-cover alignfull has-nv-site-bg-background-color has-background-dim\">\n<div class=\"wp-block-cover__inner-container\">\n<h2 class=\"has-text-align-center has-neve-text-color-color has-text-color\">Sind Sie daran interessiert, unsere Produkte zu verkaufen?<\/h2>\n<\/div>\n<\/div>\n<h2 class=\"has-text-align-center has-medium-font-size\">Unser Ziel<\/h2>\n<p class=\"has-text-align-center\">Wir suchen Wiederverk\u00e4ufer und Partner, die unsere ANTCUBE Produkte an Ameisenhalter auf der ganzen Welt verkaufen. Wir wollen eine internationale Gemeinschaft von Ladenbesitzern und Hobbyisten aufbauen, um die Ameisenhaltung popul\u00e4rer und professioneller zu machen. Wenn Sie bereits einen Laden besitzen oder nach einer neuen Gesch\u00e4ftsm\u00f6glichkeit suchen, k\u00f6nnen Sie uns gerne kontaktieren.<\/p>\n<h2 class=\"has-text-align-center has-medium-font-size\">Ameisenhaltung ist ein wachsendes Gesch\u00e4ft<\/h2>\n<p class=\"has-text-align-center\">Die Ameisenhaltung ist in den letzten Jahren sehr popul\u00e4r geworden. Wir beobachten eine wachsende Gemeinschaft von leidenschaftlichen Ameisenliebhabern aus der ganzen Welt. Au\u00dferdem erhalten wir immer mehr Anfragen von Unternehmen, Zoos, Museen, Universit\u00e4ten, wissenschaftlichen Einrichtungen usw.<\/p>\n<h2 class=\"has-text-align-center has-medium-font-size\" style=\"font-size: 23.04px;\">\u00a0<\/h2>\n<p><img data-recalc-dims=\"1\" loading=\"lazy\" decoding=\"async\" class=\"size-medium wp-image-3944 aligncenter\" src=\"https:\/\/i0.wp.com\/antcube.shop\/wp-content\/uploads\/2021\/11\/Palette-Beispiel-mit-Export-600x400.jpg?resize=600%2C400&#038;ssl=1\" alt=\"\" width=\"600\" height=\"400\" srcset=\"https:\/\/i0.wp.com\/antcube.shop\/wp-content\/uploads\/2021\/11\/Palette-Beispiel-mit-Export-scaled.jpg?resize=600%2C400&amp;ssl=1 600w, https:\/\/i0.wp.com\/antcube.shop\/wp-content\/uploads\/2021\/11\/Palette-Beispiel-mit-Export-scaled.jpg?resize=1200%2C800&amp;ssl=1 1200w, https:\/\/i0.wp.com\/antcube.shop\/wp-content\/uploads\/2021\/11\/Palette-Beispiel-mit-Export-scaled.jpg?resize=768%2C512&amp;ssl=1 768w, https:\/\/i0.wp.com\/antcube.shop\/wp-content\/uploads\/2021\/11\/Palette-Beispiel-mit-Export-scaled.jpg?resize=1536%2C1024&amp;ssl=1 1536w, https:\/\/i0.wp.com\/antcube.shop\/wp-content\/uploads\/2021\/11\/Palette-Beispiel-mit-Export-scaled.jpg?resize=2048%2C1365&amp;ssl=1 2048w, https:\/\/i0.wp.com\/antcube.shop\/wp-content\/uploads\/2021\/11\/Palette-Beispiel-mit-Export-scaled.jpg?resize=18%2C12&amp;ssl=1 18w, https:\/\/i0.wp.com\/antcube.shop\/wp-content\/uploads\/2021\/11\/Palette-Beispiel-mit-Export-scaled.jpg?resize=510%2C340&amp;ssl=1 510w\" sizes=\"auto, (max-width: 600px) 100vw, 600px\" \/><\/p>\n<h2 class=\"has-text-align-center has-medium-font-size\">Warum ANTCUBE?<\/h2>\n<p class=\"has-text-align-center\">Wir sind einer der gr\u00f6\u00dften und am l\u00e4ngsten bestehenden Ameisenh\u00e4ndler der Welt. Mehr als 20 Jahre Erfahrung in der Ameisenhaltung und im Bau von Formicarien haben uns zu dem gemacht, was wir heute sind. Wir sind der \u00dcberzeugung, dass Qualit\u00e4t, Langlebigkeit und Nachhaltigkeit immer mehr an Bedeutung gewinnen. Deshalb setzen wir auf Glas als Material f\u00fcr unsere Formikarien. Im Gegensatz zu Acryl und Kunststoff hinterl\u00e4sst Glas einen viel kleineren \u00f6kologischen Fu\u00dfabdruck. Dar\u00fcber hinaus arbeiten wir an vollst\u00e4ndig recycelbaren Verpackungen.<\/p>\n<p class=\"has-text-align-center\">Glas hat au\u00dferdem den Vorteil, dass es bei keiner f\u00fcr die Ameisenhaltung geeigneten Temperatur oder Luftfeuchtigkeit besch\u00e4digt wird. Glasscheiben werden nicht so schnell zerkratzt, verformen sich nicht und verf\u00e4rben sich nicht. Die Reinigung und Bedienung sind einfach, die Optik ist sehr nat\u00fcrlich und schick. Unser Ausbruchsschutz ist sehr effektiv, auch bei besonders kleinen Ameisenarten, und es gibt unendlich viele M\u00f6glichkeiten der Anpassung und Erweiterung.<\/p>\n<h2 class=\"has-text-align-center has-medium-font-size\">Warum Ameisenhaltung?<\/h2>\n<p class=\"has-text-align-center\">Ameisen sind sehr einfach zu halten, je nach Art. Man braucht wenig Platz und kann sie mit so ziemlich allem f\u00fcttern. Ameisen verursachen kaum Ger\u00fcche, sind sehr saubere Tiere, machen keinen L\u00e4rm und verursachen nach der Anschaffung der Kolonie und des Formicariums fast keine Kosten. Au\u00dferdem m\u00fcssen sie nie zum Tierarzt gehen.<\/p>\n<p class=\"has-text-align-center\">Ameisen sind unglaublich faszinierend. Es ist ein einzigartiges Erlebnis, eine einzelne K\u00f6nigin dabei zu beobachten, wie sie \u00fcber Jahre hinweg ihre ersten Arbeiterinnen aufzieht und dann zusieht, wie ihre Kolonie im Laufe der Jahre durch perfekte Zusammenarbeit und Nutzung der Ressourcen auf Tausende von Mitgliedern anw\u00e4chst. Ameisen sind \u00e4u\u00dferst soziale Tiere, und einige Arten bilden verschiedene Kasten wie Arbeiterinnen, Soldaten, Bauern oder sogar Krankenschwestern - und raten Sie mal, es sind alles Weibchen. Ameisen sind auch unglaublich wichtig f\u00fcr unsere Umwelt. Sie sind nicht nur in jedem bewohnbaren \u00d6kosystem der Welt zu finden, sondern sie sind auch spezialisierter und vielseitiger als jede andere Art. Ameisen sind uns auch in ihrer Lebensweise \u00e4hnlich. Die Arbeitsteilung, das Zusammenleben in gro\u00dfen Kolonien auf engem Raum und die Nutzung der verschiedenen Ebenen der Nahrungskette in allen \u00d6kosystemen machen sie so erfolgreich, genau wie uns Menschen. Der einzige Unterschied besteht darin, dass wir bei weitem nicht so effizient sind, und dass es Ameisen seit mehr als 130 Millionen Jahren gibt, w\u00e4hrend der Mensch erst seit etwa 300.000 Jahren existiert.<\/p>\n\n\t\t<\/div>\n\t\t\t\t\t<\/div>\n\n\t\n\n<\/div>\n<div class=\"row\"  id=\"row-1670253757\">\n\n\n\t<div id=\"col-1817335182\" class=\"col medium-6 large-6\"  >\n\t\t\t\t<div class=\"col-inner\" style=\"background-color:#61ca9f;\" >\n\t\t\t\n\t\t\t\n\n<div class=\"container section-title-container\" ><h3 class=\"section-title section-title-normal\"><b aria-hidden=\"true\"><\/b><span class=\"section-title-main\" ><i class=\"icon-envelop\" aria-hidden=\"true\"><\/i>Kontakt<\/span><b aria-hidden=\"true\"><\/b><\/h3><\/div>\n\n\t<div id=\"text-2092186331\" class=\"text\">\n\t\t\n\n<\/p>\n<ul>\n<li><strong>E-Mail<\/strong>: sales@antcube.de<\/li>\n<li><strong>Telefon<\/strong>: +49 30 439703870<\/li>\n<\/ul>\n<p><strong>Arbeitszeiten <\/strong>(UTC\/GMT +1):<\/p>\n<ul>\n<li>Dienstag bis Freitag von 10:00 - 18:00<\/li>\n<\/ul>\n\n\t\t\n<style>\n#text-2092186331 {\n  font-size: 0.75rem;\n}\n@media (min-width:550px) {\n  #text-2092186331 {\n    font-size: 1.5rem;\n  }\n}\n<\/style>\n\t<\/div>\n\t\n\t<div id=\"gap-744595187\" class=\"gap-element clearfix\" style=\"display:block; height:auto;\">\n\t\t\n<style>\n#gap-744595187 {\n  padding-top: 60px;\n}\n<\/style>\n\t<\/div>\n\t\n\n\t<div class=\"img has-hover x md-x lg-x y md-y lg-y\" id=\"image_1181622212\">\n\t\t\t\t\t\t\t\t<div class=\"img-inner dark\" >\n\t\t\t<img data-recalc-dims=\"1\" loading=\"lazy\" decoding=\"async\" width=\"900\" height=\"900\" src=\"https:\/\/i0.wp.com\/antcube.shop\/wp-content\/uploads\/2021\/09\/Firmeneingang.jpg?resize=900%2C900&#038;ssl=1\" class=\"attachment-original size-original\" alt=\"ANTSTORE Eingang\" srcset=\"https:\/\/i0.wp.com\/antcube.shop\/wp-content\/uploads\/2021\/09\/Firmeneingang.jpg?w=900&amp;ssl=1 900w, https:\/\/i0.wp.com\/antcube.shop\/wp-content\/uploads\/2021\/09\/Firmeneingang.jpg?resize=247%2C247&amp;ssl=1 247w, https:\/\/i0.wp.com\/antcube.shop\/wp-content\/uploads\/2021\/09\/Firmeneingang.jpg?resize=100%2C100&amp;ssl=1 100w, https:\/\/i0.wp.com\/antcube.shop\/wp-content\/uploads\/2021\/09\/Firmeneingang.jpg?resize=510%2C510&amp;ssl=1 510w, https:\/\/i0.wp.com\/antcube.shop\/wp-content\/uploads\/2021\/09\/Firmeneingang.jpg?resize=400%2C400&amp;ssl=1 400w, https:\/\/i0.wp.com\/antcube.shop\/wp-content\/uploads\/2021\/09\/Firmeneingang.jpg?resize=800%2C800&amp;ssl=1 800w, https:\/\/i0.wp.com\/antcube.shop\/wp-content\/uploads\/2021\/09\/Firmeneingang.jpg?resize=280%2C280&amp;ssl=1 280w, https:\/\/i0.wp.com\/antcube.shop\/wp-content\/uploads\/2021\/09\/Firmeneingang.jpg?resize=768%2C768&amp;ssl=1 768w\" sizes=\"auto, (max-width: 900px) 100vw, 900px\" \/>\t\t\t\t\t\t\n\t\t\t\t\t<\/div>\n\t\t\t\t\t\t\t\t\n<style>\n#image_1181622212 {\n  width: 100%;\n}\n<\/style>\n\t<\/div>\n\t\n\n\n\t\t<\/div>\n\t\t\t\t\t<\/div>\n\n\t\n\n\t<div id=\"col-1317247636\" class=\"col medium-6 large-6\"  >\n\t\t\t\t<div class=\"col-inner\"  >\n\t\t\t\n\t\t\t\n\n<div class=\"container section-title-container\" ><h3 class=\"section-title section-title-normal\"><b aria-hidden=\"true\"><\/b><span class=\"section-title-main\" >Besuchen Sie unser Gesch\u00e4ft<\/span><b aria-hidden=\"true\"><\/b><\/h3><\/div>\n\n\t<div id=\"text-1630707847\" class=\"text\">\n\t\t\n\n<p><strong>Adresse:<\/strong><\/p>\n<ul>\n<li>Stra\u00dfe: Selerweg 41<\/li>\n<li>Postleitzahl: D - 12169<\/li>\n<li>Stadt: Berlin<\/li>\n<li>Land: Deutschland<\/li>\n<li>Bezirk: Steglitz-Zehlendorf<\/li>\n<\/ul>\n<p><strong>\u00d6ffnungszeit<\/strong> (UTC\/GMT +1)<\/p>\n<ul>\n<li>Dienstag bis Freitag 13:00 - 18:00<\/li>\n<\/ul>\n<p><strong>COVID-19 ANMERKUNG:<\/strong> Unser Einzelhandelsgesch\u00e4ft ist <strong>geschlossen seit M\u00e4rz 2020<\/strong> oder f\u00fcr Besucher noch nicht zug\u00e4nglich. Sie k\u00f6nnen jedoch unsere Produkte online bestellen und bezahlen und dann entweder alles an unserer Haust\u00fcr abholen oder wir schicken Ihnen die Produkte per Paketdienst nach Hause. Unser Support-Team ist nach wie vor f\u00fcr Ihre Anfragen per E-Mail oder Telefon erreichbar! Wir werden Sie auf dem Laufenden halten.<\/p>\n<p><iframe loading=\"lazy\" style=\"border: 0;\" src=\"https:\/\/www.google.com\/maps\/embed?pb=!1m18!1m12!1m3!1d2431.3708399886823!2d13.335121715997175!3d52.454311048847416!2m3!1f0!2f0!3f0!3m2!1i1024!2i768!4f13.1!3m3!1m2!1s0x47a85a9242e5bc07%3A0xc44ee1d5a0728440!2sANTSTORE!5e0!3m2!1sde!2sde!4v1632470583913!5m2!1sde!2sde\" width=\"600\" height=\"450\" allowfullscreen=\"allowfullscreen\"><\/iframe><\/p>\n\t\t\n<style>\n#text-1630707847 {\n  font-size: 0.75rem;\n}\n<\/style>\n\t<\/div>\n\t\n\n\t\t<\/div>\n\t\t\t\t\t<\/div>\n\n\t\n\n<\/div>","protected":false},"excerpt":{"rendered":"","protected":false},"author":1,"featured_media":0,"parent":0,"menu_order":0,"comment_status":"closed","ping_status":"closed","template":"","meta":{"_acf_changed":false,"content-type":"","_monsterinsights_skip_tracking":false,"_monsterinsights_sitenote_active":false,"_monsterinsights_sitenote_note":"","_monsterinsights_sitenote_category":0,"footnotes":""},"class_list":["post-628","page","type-page","status-publish","hentry"],"acf":[],"aioseo_notices":[],"jetpack_sharing_enabled":true,"_links":{"self":[{"href":"https:\/\/antcube.shop\/de\/wp-json\/wp\/v2\/pages\/628","targetHints":{"allow":["GET"]}}],"collection":[{"href":"https:\/\/antcube.shop\/de\/wp-json\/wp\/v2\/pages"}],"about":[{"href":"https:\/\/antcube.shop\/de\/wp-json\/wp\/v2\/types\/page"}],"author":[{"embeddable":true,"href":"https:\/\/antcube.shop\/de\/wp-json\/wp\/v2\/users\/1"}],"replies":[{"embeddable":true,"href":"https:\/\/antcube.shop\/de\/wp-json\/wp\/v2\/comments?post=628"}],"version-history":[{"count":10,"href":"https:\/\/antcube.shop\/de\/wp-json\/wp\/v2\/pages\/628\/revisions"}],"predecessor-version":[{"id":12738,"href":"https:\/\/antcube.shop\/de\/wp-json\/wp\/v2\/pages\/628\/revisions\/12738"}],"wp:attachment":[{"href":"https:\/\/antcube.shop\/de\/wp-json\/wp\/v2\/media?parent=628"}],"curies":[{"name":"wp","href":"https:\/\/api.w.org\/{rel}","templated":true}]}}