{"id":616,"date":"2021-07-30T13:10:43","date_gmt":"2021-07-30T11:10:43","guid":{"rendered":"https:\/\/antcube.shop\/?page_id=616"},"modified":"2023-12-15T13:09:49","modified_gmt":"2023-12-15T12:09:49","slug":"herunterladen","status":"publish","type":"page","link":"https:\/\/antcube.shop\/de\/herunterladen\/","title":{"rendered":"Herunterladen"},"content":{"rendered":"<div id=\"gap-469346782\" class=\"gap-element clearfix\" style=\"display:block; height:auto;\">\n\t\t\n<style>\n#gap-469346782 {\n  padding-top: 196px;\n}\n@media (min-width:850px) {\n  #gap-469346782 {\n    padding-top: 171px;\n  }\n}\n<\/style>\n\t<\/div>\n\t\n\n<div class=\"row\"  id=\"row-490608198\">\n\n\n\t<div id=\"col-405655727\" class=\"col small-12 large-12\"  >\n\t\t\t\t<div class=\"col-inner\"  >\n\t\t\t\n\t\t\t\n\n<h1 style=\"text-align: center;\">Herunterladen<\/h1>\n<p style=\"text-align: center;\">Hier finden Sie eine \u00dcbersicht \u00fcber unsere kostenlos herunterladbaren Inhalte.<\/p>\n<h3 class=\"accordion_title\">Bedienungsanleitungen f\u00fcr unsere Starter-Sets<\/h3><div class=\"accordion\">\n\n\t<div id=\"accordion-1548129185\" class=\"accordion-item\">\n\t\t<a id=\"accordion-1548129185-label\" class=\"accordion-title plain\" href=\"#accordion-item-german-user-manuals\" aria-expanded=\"false\" aria-controls=\"accordion-1548129185-content\">\n\t\t\t<button class=\"toggle\" aria-label=\"Umschalten\"><i class=\"icon-angle-down\" aria-hidden=\"true\"><\/i><\/button>\n\t\t\t<span>Deutsche Bedienungsanleitungen<\/span>\n\t\t<\/a>\n\t\t<div id=\"accordion-1548129185-content\" class=\"accordion-inner\" aria-labelledby=\"accordion-1548129185-label\">\n\t\t\t\n\n<p><a href=\"https:\/\/antcube.shop\/wp-content\/uploads\/2021\/10\/Gebrauchsanweisung-Starter-Set-Combi-1.pdf\">Gebrauchsanweisung Starter Set Combi<\/a><\/p>\n<p><a href=\"https:\/\/antcube.shop\/wp-content\/uploads\/2021\/10\/Gebrauchsanweisung-Starter-Set-Digfix-1.pdf\">Gebrauchsanweisung Starter Set Digfix<\/a><\/p>\n<p><a href=\"https:\/\/antcube.shop\/wp-content\/uploads\/2021\/10\/Gebrauchsanweisung-Starter-Set-Gips.pdf\">Gebrauchsanweisung Starter Set Gips<\/a><\/p>\n<p><a href=\"https:\/\/antcube.shop\/wp-content\/uploads\/2021\/10\/Gebrauchsanweisung-Starter-Set-Habitat-1.pdf\">Gebrauchsanweisung Starter Set Habitat<\/a><\/p>\n<p><a href=\"https:\/\/antcube.shop\/wp-content\/uploads\/2021\/10\/Gebrauchsanweisung-Starter-Set-Kork.pdf\">Gebrauchsanweisung Starter Set Kork<\/a><\/p>\n<p><a href=\"https:\/\/antcube.shop\/wp-content\/uploads\/2021\/10\/Gebrauchsanweisung-Starter-Set-Ernteameisen.pdf\">Gebrauchsanweisung Starter Set Ernteameisen<\/a><\/p>\n\n\t\t<\/div>\n\t<\/div>\n\t\n\t<div id=\"accordion-830064831\" class=\"accordion-item\">\n\t\t<a id=\"accordion-830064831-label\" class=\"accordion-title plain\" href=\"#accordion-item-english-user-manuals\" aria-expanded=\"false\" aria-controls=\"accordion-830064831-content\">\n\t\t\t<button class=\"toggle\" aria-label=\"Umschalten\"><i class=\"icon-angle-down\" aria-hidden=\"true\"><\/i><\/button>\n\t\t\t<span>Englische Benutzerhandb\u00fccher<\/span>\n\t\t<\/a>\n\t\t<div id=\"accordion-830064831-content\" class=\"accordion-inner\" aria-labelledby=\"accordion-830064831-label\">\n\t\t\t\n\n<p><a href=\"https:\/\/antcube.shop\/wp-content\/uploads\/2021\/10\/User-manual-Starter-Set-Combi.docx1_.pdf\">Benutzerhandbuch - Starter Set Combi<\/a><\/p>\n<p><a href=\"https:\/\/antcube.shop\/wp-content\/uploads\/2021\/10\/User-manual-Starter-Set-Digfix-.docx1_.pdf\">Benutzerhandbuch - Starter Set Digfix<\/a><\/p>\n<p><a href=\"https:\/\/antcube.shop\/wp-content\/uploads\/2021\/10\/User-manual-Starter-Set-Plaster.docx1_.pdf\">Benutzerhandbuch - Starter Set Gips\/Putz<\/a><\/p>\n<p><a href=\"https:\/\/antcube.shop\/wp-content\/uploads\/2021\/10\/User-manual-Starter-Set-Habitat.docx1_.pdf\">Benutzerhandbuch - Starter Set Habitat<\/a><\/p>\n<p><a href=\"https:\/\/antcube.shop\/wp-content\/uploads\/2021\/10\/User-manual-Starter-Set-Cork-.docx1_.pdf\">Benutzerhandbuch - Starter Set Kork<\/a><\/p>\n<p><a href=\"https:\/\/antcube.shop\/wp-content\/uploads\/2021\/10\/User-manual-Starter-Set-for-Harvester-Ants.docx1_.pdf\">Benutzerhandbuch - Starter Set f\u00fcr Harvester Ameisen<\/a><\/p>\n\n\t\t<\/div>\n\t<\/div>\n\t\n\t<div id=\"accordion-1834963538\" class=\"accordion-item\">\n\t\t<a id=\"accordion-1834963538-label\" class=\"accordion-title plain\" href=\"#accordion-item-spanish-user-manuals\" aria-expanded=\"false\" aria-controls=\"accordion-1834963538-content\">\n\t\t\t<button class=\"toggle\" aria-label=\"Umschalten\"><i class=\"icon-angle-down\" aria-hidden=\"true\"><\/i><\/button>\n\t\t\t<span>Spanisch Benutzerhandb\u00fccher<\/span>\n\t\t<\/a>\n\t\t<div id=\"accordion-1834963538-content\" class=\"accordion-inner\" aria-labelledby=\"accordion-1834963538-label\">\n\t\t\t\n\n<p><a href=\"https:\/\/antcube.shop\/wp-content\/uploads\/2021\/10\/Manual-de-instrucciones-Set-de-inicio-Combi.docx1_.pdf\">Bedienungsanleitung - Einf\u00fchrungsset Combi<\/a><\/p>\n<p><a href=\"https:\/\/antcube.shop\/wp-content\/uploads\/2021\/10\/Manual-de-instrucciones-Set-de-inicio-Digfix.docx1_.pdf\">Gebrauchsanweisung - Einf\u00fchrungsset Digfix<\/a><\/p>\n<p><a href=\"https:\/\/antcube.shop\/wp-content\/uploads\/2021\/10\/Manual-de-instrucciones-Set-de-inicio-de-yeso-.docx1_.pdf\">Gebrauchsanweisung - Einf\u00fchrungsset<\/a><\/p>\n<p><a href=\"https:\/\/antcube.shop\/wp-content\/uploads\/2021\/10\/Manual-de-instrucciones-Set-de-inicio-Habitat.docx1_.pdf\">Bedienungsanleitung - Einf\u00fchrungsset H\u00e1bitat<\/a><\/p>\n<p><a href=\"https:\/\/antcube.shop\/wp-content\/uploads\/2021\/10\/Manual-de-instrucciones-Set-de-inicio-de-corcho-.docx1_.pdf\">Gebrauchsanweisung - Einf\u00fchrungsset von corcho<\/a><\/p>\n<p><a href=\"https:\/\/antcube.shop\/wp-content\/uploads\/2021\/10\/Manual-de-instrucciones-Set-de-inicio-para-las-hormigas-de-la-cosecha-_-messor.docx1_.pdf\">Gebrauchsanweisung - Einf\u00fchrungsset f\u00fcr Hormonpr\u00e4parate - Messor<\/a><\/p>\n\n\t\t<\/div>\n\t<\/div>\n\t\n\t<div id=\"accordion-2719284992\" class=\"accordion-item\">\n\t\t<a id=\"accordion-2719284992-label\" class=\"accordion-title plain\" href=\"#accordion-item-french-user-manuals\" aria-expanded=\"false\" aria-controls=\"accordion-2719284992-content\">\n\t\t\t<button class=\"toggle\" aria-label=\"Umschalten\"><i class=\"icon-angle-down\" aria-hidden=\"true\"><\/i><\/button>\n\t\t\t<span>Franz\u00f6sisch Benutzerhandb\u00fccher<\/span>\n\t\t<\/a>\n\t\t<div id=\"accordion-2719284992-content\" class=\"accordion-inner\" aria-labelledby=\"accordion-2719284992-label\">\n\t\t\t\n\n<p><a href=\"https:\/\/antcube.shop\/wp-content\/uploads\/2021\/10\/Manuel-dinstruction-Kit-de-demarrage-Combi.docx1_.pdf\">Gebrauchsanweisung - Kit de d\u00e9marrage Combi<\/a><\/p>\n<p><a href=\"https:\/\/antcube.shop\/wp-content\/uploads\/2021\/10\/Manuel-dinstruction-Kit-de-demarrage-Digfix.docx1_.pdf\">Gebrauchsanweisung - Kit de d\u00e9marrage Digfix<\/a><\/p>\n<p><a href=\"https:\/\/antcube.shop\/wp-content\/uploads\/2021\/10\/Manuel-dinstruction-Set-de-demarrage-platre.docx1_.pdf\">Gebrauchsanweisung - Set de d\u00e9marrage pl\u00e2tre<\/a><\/p>\n<p><a href=\"https:\/\/antcube.shop\/wp-content\/uploads\/2021\/10\/Manuel-dinstruction-Kit-de-demarrage-Habitat.docx1_.pdf\">Bedienungsanleitung - Kit de d\u00e9marrage Habitat<\/a><\/p>\n<p><a href=\"https:\/\/antcube.shop\/wp-content\/uploads\/2021\/10\/Manuel-dinstruction-Kit-de-demarrage-en-liege.docx1_.pdf\">Gebrauchsanweisung - Bausatz f\u00fcr die Demontage im Freien<\/a><\/p>\n<p><a href=\"https:\/\/antcube.shop\/wp-content\/uploads\/2021\/10\/Manuel-dinstruction-Kit-de-demarrage-pour-les-fourmis-moissonneuses_-Messor.docx2_.pdf\">Gebrauchsanweisung - Ausr\u00fcstungssatz f\u00fcr Moosgummis_ Messor<\/a><\/p>\n\n\t\t<\/div>\n\t<\/div>\n\t\n\n<\/div>\n\n\t\t<\/div>\n\t\t\t\t\t<\/div>\n\n\t\n\n<\/div>","protected":false},"excerpt":{"rendered":"","protected":false},"author":1,"featured_media":0,"parent":0,"menu_order":0,"comment_status":"closed","ping_status":"closed","template":"","meta":{"_acf_changed":false,"content-type":"","_monsterinsights_skip_tracking":false,"_monsterinsights_sitenote_active":false,"_monsterinsights_sitenote_note":"","_monsterinsights_sitenote_category":0,"footnotes":""},"class_list":["post-616","page","type-page","status-publish","hentry"],"acf":[],"aioseo_notices":[],"jetpack_sharing_enabled":true,"_links":{"self":[{"href":"https:\/\/antcube.shop\/de\/wp-json\/wp\/v2\/pages\/616","targetHints":{"allow":["GET"]}}],"collection":[{"href":"https:\/\/antcube.shop\/de\/wp-json\/wp\/v2\/pages"}],"about":[{"href":"https:\/\/antcube.shop\/de\/wp-json\/wp\/v2\/types\/page"}],"author":[{"embeddable":true,"href":"https:\/\/antcube.shop\/de\/wp-json\/wp\/v2\/users\/1"}],"replies":[{"embeddable":true,"href":"https:\/\/antcube.shop\/de\/wp-json\/wp\/v2\/comments?post=616"}],"version-history":[{"count":10,"href":"https:\/\/antcube.shop\/de\/wp-json\/wp\/v2\/pages\/616\/revisions"}],"predecessor-version":[{"id":6886,"href":"https:\/\/antcube.shop\/de\/wp-json\/wp\/v2\/pages\/616\/revisions\/6886"}],"wp:attachment":[{"href":"https:\/\/antcube.shop\/de\/wp-json\/wp\/v2\/media?parent=616"}],"curies":[{"name":"wp","href":"https:\/\/api.w.org\/{rel}","templated":true}]}}