{"id":500,"date":"2021-07-21T10:22:03","date_gmt":"2021-07-21T08:22:03","guid":{"rendered":"https:\/\/antcube.shop\/?page_id=500"},"modified":"2024-12-03T12:41:56","modified_gmt":"2024-12-03T11:41:56","slug":"bedingungen-und-konditionen","status":"publish","type":"page","link":"https:\/\/antcube.shop\/de\/bedingungen-und-konditionen\/","title":{"rendered":"Bedingungen und Konditionen"},"content":{"rendered":"<div id=\"gap-1345524356\" class=\"gap-element clearfix\" style=\"display:block; height:auto;\">\n\t\t\n<style>\n#gap-1345524356 {\n  padding-top: 196px;\n}\n@media (min-width:850px) {\n  #gap-1345524356 {\n    padding-top: 190px;\n  }\n}\n<\/style>\n\t<\/div>\n\t\n\n<div class=\"row\"  id=\"row-205453916\">\n\n\n\t<div id=\"col-860126909\" class=\"col small-12 large-12\"  >\n\t\t\t\t<div class=\"col-inner\"  >\n\t\t\t\n\t\t\t\n\n<h1><b>Allgemeine Bedingungen und Konditionen <\/b><\/h1>\n<p><b>f\u00fcr <\/b><a href=\"http:\/\/www.antcube.shop\"><b>www.antcube.shop<\/b><\/a><span style=\"font-weight: 400;\"> ANTSTORE, Martin Sebesta, Selerweg 41, 12169 Berlin, im Folgenden \"Verk\u00e4ufer\" genannt.<\/span><\/p>\n<h2><b>\u00a7 1 Anwendungsbereich, allgemeine Informationen, Definitionen<\/b><\/h2>\n<p><span style=\"font-weight: 400;\">(1) Diese Allgemeinen Gesch\u00e4ftsbedingungen (AGB) gelten f\u00fcr alle Bestellungen von Waren und Dienstleistungen \u00fcber den Online-Shop auf der Website <\/span><b>antcube.shop<\/b><span style=\"font-weight: 400;\">, betrieben von ANTSTORE, Martin Sebesta, Selerweg 41, 12169 Berlin. E-Mail: <\/span><a href=\"mailto:verkauf@antstore.de\"><span style=\"font-weight: 400;\">verkauf@antstore.de<\/span><\/a><span style=\"font-weight: 400;\"> \/ law@ants.de\u00a0<\/span><\/p>\n<p><span style=\"font-weight: 400;\">(2) Der Verk\u00e4ufer bietet \u00fcber seinen Online-Shop insbesondere Produkte zur Ameisenhaltung und Zubeh\u00f6r an. F\u00fcr die Gesch\u00e4ftsbeziehung zwischen dem Verk\u00e4ufer und dem Kunden gelten die AGB in ihrer zum Zeitpunkt der Bestellung g\u00fcltigen Fassung.<\/span><\/p>\n<p><span style=\"font-weight: 400;\">(3) Verbraucher im Sinne dieser AGB ist jede nat\u00fcrliche Person, die ein Rechtsgesch\u00e4ft zu Zwecken abschlie\u00dft, die \u00fcberwiegend weder ihrer gewerblichen noch ihrer beruflichen T\u00e4tigkeit zugerechnet werden k\u00f6nnen. Unternehmer sind nat\u00fcrliche oder juristische Personen oder Personengesellschaften, die bei Abschluss eines Rechtsgesch\u00e4ftes in Aus\u00fcbung ihrer gewerblichen oder selbst\u00e4ndigen beruflichen T\u00e4tigkeit handeln.<\/span><\/p>\n<p><span style=\"font-weight: 400;\">(4) Individuelle vertragliche Vereinbarungen haben Vorrang vor diesen AGB. Abweichende Bedingungen des Auftraggebers werden nur anerkannt, wenn der Verk\u00e4ufer ihnen ausdr\u00fccklich zugestimmt hat.<\/span><\/p>\n<h2><b>\u00a7 2 Vertragsabschluss<\/b><\/h2>\n<p><span style=\"font-weight: 400;\">(1) Sofern auf der jeweiligen Produktseite nicht anders angegeben, umfasst das Liefergebiet die Europ\u00e4ische Union.<\/span><\/p>\n<p><span style=\"font-weight: 400;\">(2) Die Darstellung der Waren auf der Website des Verk\u00e4ufers stellt ein bindendes Angebot dar. Die bestellte Ware kann aufgrund der technischen Darstellungsm\u00f6glichkeiten im Rahmen des Zumutbaren geringf\u00fcgig von der im Internet dargestellten Ware abweichen, insbesondere kann es zu Farbabweichungen kommen, soweit dies zumutbar ist.<\/span><\/p>\n<p><span style=\"font-weight: 400;\">(3) Durch Ankreuzen des blauen K\u00e4stchens \"<\/span><span style=\"font-weight: 400;\">Mit Ihrer Bestellung erkl\u00e4ren Sie, dass Sie unser Angebot gelesen und verstanden haben<\/span><b>&#8221; <\/b><span style=\"font-weight: 400;\">und dann <\/span><span style=\"font-weight: 400;\">Mit dem Anklicken des Buttons \"Jetzt kaufen\" oder der Weiterleitung zu PayPal \u00fcber den Button \"Mit PayPal bezahlen\" und dem dortigen Abschluss des Zahlungsvorgangs gibt der Kunde ein verbindliches Angebot zum Kauf der im Warenkorb befindlichen Waren ab und akzeptiert die Geltung dieser AGB.<\/span><\/p>\n<p><span style=\"font-weight: 400;\">(4) Der Verk\u00e4ufer best\u00e4tigt den Eingang der Bestellung per E-Mail (Bestellbest\u00e4tigung). Diese Bestellbest\u00e4tigung stellt jedoch noch keine Annahme des Angebots dar. Der Vertrag kommt erst mit der Zusendung einer Bestell- oder Versandbest\u00e4tigung zustande.<\/span><\/p>\n<p><span style=\"font-weight: 400;\">(5) Der Verk\u00e4ufer beh\u00e4lt sich das Recht vor, Bestellungen innerhalb von f\u00fcnf Werktagen anzunehmen oder abzulehnen. Wenn die Bestellung nicht angenommen wird, wird der Kunde per E-Mail informiert.<\/span><\/p>\n<p><span style=\"font-weight: 400;\">(6) Im Falle von unvorhersehbaren Lieferschwierigkeiten oder einer vom Verk\u00e4ufer nicht zu vertretenden Nichtverf\u00fcgbarkeit der Ware k\u00f6nnen sowohl der Verk\u00e4ufer als auch der Kunde vom Vertrag zur\u00fccktreten. Der Kunde wird unverz\u00fcglich informiert und geleistete Zahlungen werden unverz\u00fcglich zur\u00fcckerstattet.<\/span><\/p>\n<p><span style=\"font-weight: 400;\">(7) Sofern der Kunde die Ware auf elektronischem Wege bestellt, wird der Vertragstext vom Verk\u00e4ufer gespeichert und dem Kunden nebst den rechtswirksamen AGB per E-Mail nach Vertragsschluss zugesandt.<\/span><\/p>\n<h2><b>\u00a7 3 Kundenkonto<\/b><\/h2>\n<p><span style=\"font-weight: 400;\">(1) Der Einkauf \u00fcber unsere Website ist grunds\u00e4tzlich nur mit Registrierung m\u00f6glich. F\u00fcr den Zugang zu bestimmten Funktionen kann es jedoch erforderlich sein, ein Kundenkonto anzulegen.<\/span><\/p>\n<p><span style=\"font-weight: 400;\">(2) Ein Anspruch auf ein Kundenkonto besteht nicht. Anmelden k\u00f6nnen sich nur vollj\u00e4hrige nat\u00fcrliche Personen, die das Konto zu privaten Zwecken nutzen oder Unternehmer und juristische Personen oder rechtsf\u00e4hige Personengesellschaften, die bei Abschluss des Rechtsgesch\u00e4fts in Aus\u00fcbung ihrer gewerblichen oder selbst\u00e4ndigen beruflichen T\u00e4tigkeit handeln. Die Zugangsdaten sind vertraulich zu behandeln und d\u00fcrfen nicht an Dritte weitergegeben werden.<\/span><\/p>\n<p><span style=\"font-weight: 400;\">(3) Mehrfachregistrierungen sind nicht zul\u00e4ssig. Kunden k\u00f6nnen ihr Konto jederzeit \u00fcber die Kontoverwaltung l\u00f6schen.<\/span><\/p>\n<h2><b>\u00a7 4 Eigentumsvorbehalt<\/b><\/h2>\n<p><span style=\"font-weight: 400;\">(1) Bei Verbrauchern beh\u00e4lt sich der Verk\u00e4ufer das Eigentum an der Ware bis zur vollst\u00e4ndigen Zahlung des Kaufpreises vor. Bei Unternehmern gilt dies bis zur Begleichung aller Forderungen aus der laufenden Gesch\u00e4ftsbeziehung.<\/span><\/p>\n<p><span style=\"font-weight: 400;\">(2) Der Verk\u00e4ufer ist berechtigt, bei vertragswidrigem Verhalten des Kunden, insbesondere bei Zahlungsverzug, falschen Angaben des Kunden \u00fcber seine Kreditw\u00fcrdigkeit oder wenn ein Antrag auf Er\u00f6ffnung eines Insolvenzverfahrens gestellt wird, gegebenenfalls nach Fristsetzung, vom Vertrag zur\u00fcckzutreten und die Ware herauszuverlangen, sofern der Kunde die Gegenleistung noch nicht oder nicht vollst\u00e4ndig erbracht hat.<\/span><\/p>\n<p><span style=\"font-weight: 400;\">(3) Der Unternehmer ist berechtigt, die Ware im ordentlichen Gesch\u00e4ftsgang weiter zu ver\u00e4u\u00dfern. Er tritt hiermit alle Forderungen in H\u00f6he des Rechnungsbetrages an den Verk\u00e4ufer ab, die ihm durch die Weiterver\u00e4u\u00dferung gegen einen Dritten erwachsen. Der Verk\u00e4ufer nimmt die Abtretung an. Nach der Abtretung ist der Unternehmer zur Einziehung der Forderung erm\u00e4chtigt. Der Verk\u00e4ufer beh\u00e4lt sich vor, die Forderung selbst einzuziehen, sobald der Unternehmer seinen Zahlungsverpflichtungen nicht ordnungsgem\u00e4\u00df nachkommt und in Zahlungsverzug ger\u00e4t.<\/span><\/p>\n<p><span style=\"font-weight: 400;\">(4) Der Verk\u00e4ufer verpflichtet sich, die ihm zustehenden Sicherheiten auf Verlangen des Bestellers insoweit freizugeben, als der realisierbare Wert der Sicherheiten die zu sichernde Forderung um mehr als 10% \u00fcbersteigt. Die Auswahl der freizugebenden Sicherheiten obliegt dem Verk\u00e4ufer.<\/span><\/p>\n<h2><b>\u00a7 5 Preise und Zahlungsbedingungen<\/b><\/h2>\n<p><span style=\"font-weight: 400;\">(1) Die angegebenen Preise sind Bruttopreise, sie sind verbindlich und enthalten die gesetzliche Mehrwertsteuer und verstehen sich zuz\u00fcglich etwaiger <a href=\"https:\/\/antcube.shop\/en\/shipping-costs-delivery-restrictions\/\">Transportkosten<\/a> einschlie\u00dflich der Mehrwertsteuer. Ma\u00dfgeblich ist der zum Zeitpunkt der Bestellung ausgewiesene Betrag. Der Preis einschlie\u00dflich Mehrwertsteuer und Versandkosten wird auch im Bestellformular angezeigt, bevor der Kunde die Bestellung absendet. Die Versandkosten finden Sie auch in unserem <\/span><a href=\"https:\/\/antcube.shop\/en\/shipping-costs-delivery-restrictions\/\"><b>\u00dcbersicht der Versandkosten.<\/b><\/a><\/p>\n<p><span style=\"font-weight: 400;\">(2) Der Kunde verpflichtet sich, den Gesamtpreis innerhalb von 14 Tagen nach Erhalt der Auftragsbest\u00e4tigung per E-Mail oder der Rechnung zu zahlen. Nach Ablauf dieser Frist ger\u00e4t der Kunde in Zahlungsverzug. W\u00e4hrend des Verzuges hat der Verbraucher die Geldschuld in H\u00f6he von 5 Prozentpunkten \u00fcber dem Basiszinssatz zu verzinsen. Der Unternehmer hat w\u00e4hrend des Verzuges die Geldschuld in H\u00f6he von 9 Prozentpunkten \u00fcber dem Basiszinssatz zu verzinsen. Bei Verzug mit einer Zahlungsforderung schuldet der Unternehmer zus\u00e4tzlich eine Pauschale von 40 Euro. Dies gilt auch, wenn der Unternehmer mit einer Abschlagszahlung oder sonstigen Ratenzahlung in Verzug ist. Die Geltendmachung eines h\u00f6heren Verzugsschadens gegen\u00fcber dem Unternehmer bleibt vorbehalten. Die Pauschale nach Satz 5 ist auf einen geschuldeten Schadensersatzanspruch anzurechnen, soweit der Schaden auf den Kosten der Rechtsverfolgung beruht.<\/span><\/p>\n<p><span style=\"font-weight: 400;\">(3) Ein Recht zur Aufrechnung steht dem Kunden nur zu, wenn seine Gegenanspr\u00fcche rechtskr\u00e4ftig festgestellt, anerkannt oder von der Verk\u00e4uferin nicht bestritten sind. Das Recht des Kunden zur Aufrechnung mit vertraglichen und sonstigen Anspr\u00fcchen aus der Anbahnung oder Durchf\u00fchrung dieses Vertragsverh\u00e4ltnisses bleibt hiervon unber\u00fchrt. Ein Zur\u00fcckbehaltungsrecht kann der Kunde nur aus\u00fcben, wenn sein Gegenanspruch auf demselben Vertragsverh\u00e4ltnis beruht.<\/span><\/p>\n<p><span style=\"font-weight: 400;\">(4) \u00c4nderungen, Erweiterungen und Einschr\u00e4nkungen der Bestellung nach Vertragsschluss werden vom Verk\u00e4ufer nach M\u00f6glichkeit ber\u00fccksichtigt. Hierf\u00fcr berechnet der Verk\u00e4ufer eine Bearbeitungsgeb\u00fchr von 10,00 \u20ac inkl. MwSt., es sei denn, es handelt sich um Storno- oder Gew\u00e4hrleistungsf\u00e4lle. F\u00fcr manuell zu bearbeitende Auftr\u00e4ge, die nicht \u00fcber den Online-Shop abgewickelt werden, erheben wir eine Bearbeitungsgeb\u00fchr von 20,00 \u20ac. Ausgenommen hiervon sind Auftr\u00e4ge mit Waren, die nicht \u00fcber den Online-Shop bestellt werden k\u00f6nnen, z.B. Sonderanfertigungen.<\/span><\/p>\n<p><span style=\"font-weight: 400;\">(5) Bestellte Tiere, die auf Wunsch des Kunden zu einem sp\u00e4teren als dem vertraglich vereinbarten Zeitpunkt versendet werden sollen, werden mit \u20ac 2,00 inkl. MwSt. pro Tag &amp; Gyne (Betreuungsaufwand) vom Tag der Bestellung bis zum Tag des Versandes berechnet. Es sind maximal 30 Tage m\u00f6glich.<\/span><\/p>\n<h2><b>\u00a7 6 <a href=\"https:\/\/antcube.shop\/en\/payment-methods-and-conditions\/\">Zahlungsm\u00f6glichkeiten<\/a><\/b><\/h2>\n<p><span style=\"font-weight: 400;\">(1) Der Kaufpreis kann per Vorkasse, Bank\u00fcberweisung, Kreditkarte oder PayPal bezahlt werden. Bei Zahlung per PayPal gelten die Nutzungsbedingungen von PayPal. Weitere Informationen finden Sie in unseren Datenschutzbestimmungen. <a href=\"https:\/\/antcube.shop\/en\/privacy-policy\/\">Datenschutzbestimmungen<\/a>.<\/span><\/p>\n<h2><b>\u00a7 7 Versand- und Lieferbedingungen<\/b><\/h2>\n<p><span style=\"font-weight: 400;\">(1) Wir liefern nur in Mitgliedsstaaten der Europ\u00e4ischen Union mit Ausnahme der europ\u00e4ischen \u00dcberseegebiete oder Exklaven und Regionen mit Steuerautonomie (von der Europ\u00e4ischen Union als \"Regionen in \u00e4u\u00dferster Randlage\" bezeichnet). Die voraussichtliche Lieferzeit f\u00fcr Deutschland und andere L\u00e4nder finden Sie in unserer <\/span><a href=\"https:\/\/antcube.shop\/en\/shipping-costs-delivery-restrictions\/\"><b>\u00dcbersicht der Versandkosten.<\/b><\/a><\/p>\n<p><span style=\"font-weight: 400;\">(2) Die Lieferfrist beginnt bei Zahlung per Vorkasse\/Bank\u00fcberweisung oder PayPal einen Tag nach Zahlungsfreigabe zu laufen. Bei anderen Zahlungsarten beginnt die Frist einen Tag nach der Bestellung.<\/span><\/p>\n<p><span style=\"font-weight: 400;\">(3) F\u00e4llt der Beginn oder das Ende der Frist auf einen Samstag, Sonntag oder gesetzlichen Feiertag, so verschiebt sich der Beginn oder das Ende der Frist auf den folgenden Werktag.<\/span><\/p>\n<p><span style=\"font-weight: 400;\">(4) Der Verk\u00e4ufer ist zu Teillieferungen berechtigt, wenn dies f\u00fcr den Kunden zumutbar ist. Hierdurch entstehen dem Kunden keine zus\u00e4tzlichen Kosten.<\/span><\/p>\n<p><span style=\"font-weight: 400;\">(5) W\u00e4hlt der Kunde die Abholung seiner Bestellung in unserem Shop, wird er per E-Mail dar\u00fcber informiert, dass die Bestellung zur Abholung bereit steht.<\/span><\/p>\n<h2><b>\u00a7 8 Gefahr\u00fcbergang<\/b><\/h2>\n<p><span style=\"font-weight: 400;\">(1) Bei Verbrauchern geht die Gefahr des zuf\u00e4lligen Untergangs und der zuf\u00e4lligen Verschlechterung der Ware mit der \u00dcbergabe auf den Kunden \u00fcber.<\/span><\/p>\n<p><span style=\"font-weight: 400;\">(2) Bei Unternehmern geht die Gefahr mit \u00dcbergabe an das Transportunternehmen auf den Kunden \u00fcber.<\/span><\/p>\n<p><span style=\"font-weight: 400;\">(3) Der \u00dcbergabe steht es gleich, wenn der Kunde im Verzug der Annahme ist.<\/span><\/p>\n<h2><b>\u00a7 9 Gew\u00e4hrleistung<\/b><\/h2>\n<p><span style=\"font-weight: 400;\">(1) Die Gew\u00e4hrleistung richtet sich nach den gesetzlichen Bestimmungen. Die Gew\u00e4hrleistungsfrist f\u00fcr Verbraucher betr\u00e4gt 2 Jahre ab Ablieferung der Ware. Abweichend hiervon betr\u00e4gt die Gew\u00e4hrleistungsfrist f\u00fcr Unternehmer 1 Jahr ab Ablieferung. Die Gew\u00e4hrleistungsfrist f\u00fcr gebrauchte Waren betr\u00e4gt ebenfalls 1 Jahr ab Ablieferung der Ware. Die einj\u00e4hrige Gew\u00e4hrleistungsfrist gilt nicht, wenn dem Verk\u00e4ufer grobes Verschulden vorwerfbar ist, sowie im Falle von dem Verk\u00e4ufer zurechenbaren K\u00f6rper- und Gesundheitssch\u00e4den und bei Verlust des Lebens des Kunden, im Falle einer Garantie und im Falle des Lieferregresses nach \u00a7\u00a7 478, 479 BGB. Die Haftung des Verk\u00e4ufers nach dem Produkthaftungsgesetz bleibt hiervon unber\u00fchrt.<\/span><\/p>\n<p><span style=\"font-weight: 400;\">(2) Ungeachtet des Absatzes. 1 gilt die regelm\u00e4\u00dfige Verj\u00e4hrungsfrist, wenn der Verk\u00e4ufer einen Mangel arglistig verschwiegen hat<\/span><\/p>\n<p><span style=\"font-weight: 400;\">(3) Die bestellte Ware kann von der im Internet dargestellten Ware in zumutbarem Umfang abweichen. Auf \u00a7 2 Abs. 2 dieser AGB wird verwiesen.<\/span><\/p>\n<p><span style=\"font-weight: 400;\">(4) Der Verbraucher hat die Wahl zwischen Nachbesserung und Ersatzlieferung. Der Verk\u00e4ufer kann die gew\u00e4hlte Art der Nacherf\u00fcllung verweigern, wenn sie nur mit unverh\u00e4ltnism\u00e4\u00dfigen Kosten m\u00f6glich ist.<\/span><\/p>\n<p><span style=\"font-weight: 400;\">(5) Offensichtliche M\u00e4ngel m\u00fcssen von Unternehmern innerhalb von zwei Wochen nach Erhalt der Ware ger\u00fcgt werden. Andernfalls ist die Geltendmachung des Gew\u00e4hrleistungsanspruchs ausgeschlossen. Zur Fristwahrung gen\u00fcgt die rechtzeitige Absendung oder Anzeige. F\u00fcr Kaufleute gilt \u00a7 377 HGB.<\/span><\/p>\n<p><span style=\"font-weight: 400;\">(6) Die Garantie erstreckt sich nicht auf Sch\u00e4den, die durch unsachgem\u00e4\u00dfe Behandlung entstanden sind. Herstellergarantien bleiben hiervon unber\u00fchrt.<\/span><\/p>\n<h2><b>\u00a7 10 Haftungsbeschr\u00e4nkungen<\/b><\/h2>\n<p><span style=\"font-weight: 400;\">(1) Im Falle leichter Fahrl\u00e4ssigkeit haftet der Verk\u00e4ufer nur f\u00fcr den vertragstypischen, vorhersehbaren Schaden. Diese Beschr\u00e4nkung gilt auch f\u00fcr Erf\u00fcllungsgehilfen des Verk\u00e4ufers.<\/span><\/p>\n<p><span style=\"font-weight: 400;\">(2) Die Haftungsbeschr\u00e4nkungen gelten nicht bei Arglist, bei Verletzung wesentlicher Vertragspflichten oder bei Sch\u00e4den an Leben, K\u00f6rper oder Gesundheit.<\/span><\/p>\n<p><span style=\"font-weight: 400;\">(3) Der Kunde ist verpflichtet, angemessene Ma\u00dfnahmen zur Schadensabwehr und -minderung zu treffen.<\/span><\/p>\n<p><span style=\"font-weight: 400;\">(4) Der Verk\u00e4ufer ist nur f\u00fcr die eigenen Inhalte auf der Website seines Online-Shops verantwortlich. Soweit Links den Zugang zu anderen Websites erm\u00f6glichen, ist der Verk\u00e4ufer f\u00fcr die dort enthaltenen fremden Inhalte nicht verantwortlich. Er macht sich die fremden Inhalte nicht zu eigen. Erlangt der Verk\u00e4ufer Kenntnis von rechtswidrigen Inhalten auf fremden Websites, wird er den Zugang zu diesen Seiten unverz\u00fcglich sperren.<\/span><\/p>\n<h2><b>\u00a7 11 Datenschutz<\/b><\/h2>\n<p><span style=\"font-weight: 400;\">Die im Rahmen des Bestellvorgangs erhobenen Daten werden zur Erf\u00fcllung des Vertrages verarbeitet. Weitere Informationen, insbesondere zur Weitergabe von Daten an Dritte, finden Sie in der <a href=\"https:\/\/antcube.shop\/en\/privacy-policy\/\">Datenschutzbestimmungen<\/a> auf unserer Website.<\/span><\/p>\n<h2><b>\u00a7 12 Schlussbestimmungen und Streitbeilegung<\/b><\/h2>\n<p><span style=\"font-weight: 400;\">(1) Es gilt das Recht der Bundesrepublik Deutschland. F\u00fcr Verbraucher gilt dies nur insoweit, als nicht der gew\u00e4hrte Schutz durch zwingende Bestimmungen des Staates, in dem der Verbraucher seinen gew\u00f6hnlichen Aufenthalt hat, eingeschr\u00e4nkt wird. Die Bestimmungen des UN-\u00dcbereinkommens \u00fcber Vertr\u00e4ge \u00fcber den internationalen Warenkauf finden keine Anwendung. \u00a7 16 Abs.. 14 Satz 2 Nr. 6 TDSG bleibt unber\u00fchrt.<\/span><\/p>\n<p><span style=\"font-weight: 400;\">(2) Die Europ\u00e4ische Kommission stellt eine Plattform f\u00fcr die Online-Streitbeilegung (OS) zur Verf\u00fcgung, die unter https:\/\/ec.europa.eu\/consumers\/odr abgerufen werden kann. Unsere E-Mail Adresse lautet: law@ants.de\u00a0<\/span><\/p>\n<p><a href=\"https:\/\/antcube.shop\/en\/shipping-costs-delivery-restrictions\/\"><b>Versandkosten\/Versandbedingungen<\/b><\/a><\/p>\n<p><a href=\"https:\/\/antcube.shop\/en\/privacy-policy\/\"><b>Datenschutzbestimmungen<\/b><\/a><\/p>\n<p><a href=\"https:\/\/antcube.shop\/en\/payment-methods-and-conditions\/\"><b>Zahlungsm\u00f6glichkeiten<\/b><\/a><\/p>\n<p><a href=\"https:\/\/antcube.shop\/en\/refund-policy\/\"><b>Recht auf Widerruf<\/b><\/a><\/p>\n\n\t\t<\/div>\n\t\t\t\t\t<\/div>\n\n\t\n\n<\/div>","protected":false},"excerpt":{"rendered":"","protected":false},"author":1,"featured_media":0,"parent":0,"menu_order":0,"comment_status":"closed","ping_status":"closed","template":"","meta":{"_acf_changed":false,"content-type":"","_monsterinsights_skip_tracking":false,"_monsterinsights_sitenote_active":false,"_monsterinsights_sitenote_note":"","_monsterinsights_sitenote_category":0,"footnotes":""},"class_list":["post-500","page","type-page","status-publish","hentry"],"acf":[],"aioseo_notices":[],"jetpack_sharing_enabled":true,"_links":{"self":[{"href":"https:\/\/antcube.shop\/de\/wp-json\/wp\/v2\/pages\/500","targetHints":{"allow":["GET"]}}],"collection":[{"href":"https:\/\/antcube.shop\/de\/wp-json\/wp\/v2\/pages"}],"about":[{"href":"https:\/\/antcube.shop\/de\/wp-json\/wp\/v2\/types\/page"}],"author":[{"embeddable":true,"href":"https:\/\/antcube.shop\/de\/wp-json\/wp\/v2\/users\/1"}],"replies":[{"embeddable":true,"href":"https:\/\/antcube.shop\/de\/wp-json\/wp\/v2\/comments?post=500"}],"version-history":[{"count":10,"href":"https:\/\/antcube.shop\/de\/wp-json\/wp\/v2\/pages\/500\/revisions"}],"predecessor-version":[{"id":10710,"href":"https:\/\/antcube.shop\/de\/wp-json\/wp\/v2\/pages\/500\/revisions\/10710"}],"wp:attachment":[{"href":"https:\/\/antcube.shop\/de\/wp-json\/wp\/v2\/media?parent=500"}],"curies":[{"name":"wp","href":"https:\/\/api.w.org\/{rel}","templated":true}]}}