{"id":2479,"date":"2021-09-30T10:43:05","date_gmt":"2021-09-30T08:43:05","guid":{"rendered":"https:\/\/antcube.shop\/?page_id=2479"},"modified":"2023-12-14T13:31:40","modified_gmt":"2023-12-14T12:31:40","slug":"stufe-4","status":"publish","type":"page","link":"https:\/\/antcube.shop\/de\/ameisensucher\/zwischenbericht\/stufe-4\/","title":{"rendered":"Schritt 4"},"content":{"rendered":"<div id=\"gap-603384081\" class=\"gap-element clearfix\" style=\"display:block; height:auto;\">\n\t\t\n<style>\n#gap-603384081 {\n  padding-top: 200px;\n}\n@media (min-width:850px) {\n  #gap-603384081 {\n    padding-top: 175px;\n  }\n}\n<\/style>\n\t<\/div>\n\t\n\n<div class=\"row\"  id=\"row-74579456\">\n\n\n\t<div id=\"col-340047954\" class=\"col small-12 large-12\"  >\n\t\t\t\t<div class=\"col-inner\"  >\n\t\t\t\n\t\t\t\n\n\t<div id=\"text-2338297512\" class=\"text\">\n\t\t\n\n<h3>Ameisen f\u00fcr erfahrene Ameisenhalter<\/h3>\n<p>Da Ameisen in sehr unterschiedlichen Lebensr\u00e4umen mit sehr unterschiedlichen klimatischen Bedingungen leben, m\u00fcssen Sie sicherstellen, dass Sie die richtige Temperatur und Luftfeuchtigkeit gew\u00e4hrleisten k\u00f6nnen.<\/p>\n<p>Um die richtige Luftfeuchtigkeit aufrechtzuerhalten, m\u00fcssen Sie Ihre Ameisenfarm zum Beispiel einfach mit einer Spr\u00fchflasche befeuchten. Wenn es um die richtige Temperatur geht, wird es allerdings ein wenig komplizierter. Man braucht entweder eine W\u00e4rmelampe, eine Heizmatte oder ein Heizkabel oder man heizt den Raum, in dem man die Ameisen h\u00e4lt, auf die richtige Temperatur.<\/p>\n<p>Dennoch gibt es viele Arten, die man bei Zimmertemperatur halten kann. Selbst wenn sie 1-3 \u00b0C unter der empfohlenen Temperatur liegt, ist das in der Regel nicht problematisch.\u00a0<\/p>\n\t\t\n<style>\n#text-2338297512 {\n  text-align: center;\n}\n<\/style>\n\t<\/div>\n\t\n\n\t\t<\/div>\n\t\t\t\t\t<\/div>\n\n\t\n\n<\/div>\n\t<div id=\"text-1551942994\" class=\"text\">\n\t\t\n\n<p><strong>Frage: Sind Sie auf der Suche nach einer Ameisenart, die Sie bei Zimmertemperatur halten k\u00f6nnen?<\/strong><\/p>\n\t\t\n<style>\n#text-1551942994 {\n  font-size: 1.8rem;\n  text-align: center;\n}\n<\/style>\n\t<\/div>\n\t\n<div class=\"row\"  id=\"row-669095238\">\n\n\n\t<div id=\"col-396416665\" class=\"col medium-6 small-12 large-6\"  >\n\t\t\t\t<div class=\"col-inner\"  >\n\t\t\t\n\t\t\t\n\n<a href=\"https:\/\/antcube.shop\/ant-finder\/intermediate\/step-4\/step-7\/\" class=\"button secondary expand\" >\n\t\t<span>Ja, ich m\u00f6chte sie bei Zimmertemperatur aufbewahren.<\/span>\n\t<\/a>\n\n\n\n\t\t<\/div>\n\t\t\t\t\t<\/div>\n\n\t\n\n\t<div id=\"col-618458181\" class=\"col medium-6 small-12 large-6\"  >\n\t\t\t\t<div class=\"col-inner\"  >\n\t\t\t\n\t\t\t\n\n<a href=\"https:\/\/antcube.shop\/ant-finder\/intermediate\/step-4\/step-8\/\" class=\"button secondary expand\" >\n\t\t<span>Nein, ich werde f\u00fcr die n\u00f6tige Temperatur sorgen.<\/span>\n\t<\/a>\n\n\n\n\t\t<\/div>\n\t\t\t\t\t<\/div>\n\n\t\n\n<\/div>","protected":false},"excerpt":{"rendered":"","protected":false},"author":1,"featured_media":0,"parent":2468,"menu_order":0,"comment_status":"closed","ping_status":"closed","template":"","meta":{"_acf_changed":false,"content-type":"","_monsterinsights_skip_tracking":false,"_monsterinsights_sitenote_active":false,"_monsterinsights_sitenote_note":"","_monsterinsights_sitenote_category":0,"footnotes":""},"class_list":["post-2479","page","type-page","status-publish","hentry"],"acf":[],"aioseo_notices":[],"jetpack_sharing_enabled":true,"_links":{"self":[{"href":"https:\/\/antcube.shop\/de\/wp-json\/wp\/v2\/pages\/2479","targetHints":{"allow":["GET"]}}],"collection":[{"href":"https:\/\/antcube.shop\/de\/wp-json\/wp\/v2\/pages"}],"about":[{"href":"https:\/\/antcube.shop\/de\/wp-json\/wp\/v2\/types\/page"}],"author":[{"embeddable":true,"href":"https:\/\/antcube.shop\/de\/wp-json\/wp\/v2\/users\/1"}],"replies":[{"embeddable":true,"href":"https:\/\/antcube.shop\/de\/wp-json\/wp\/v2\/comments?post=2479"}],"version-history":[{"count":10,"href":"https:\/\/antcube.shop\/de\/wp-json\/wp\/v2\/pages\/2479\/revisions"}],"predecessor-version":[{"id":6793,"href":"https:\/\/antcube.shop\/de\/wp-json\/wp\/v2\/pages\/2479\/revisions\/6793"}],"up":[{"embeddable":true,"href":"https:\/\/antcube.shop\/de\/wp-json\/wp\/v2\/pages\/2468"}],"wp:attachment":[{"href":"https:\/\/antcube.shop\/de\/wp-json\/wp\/v2\/media?parent=2479"}],"curies":[{"name":"wp","href":"https:\/\/api.w.org\/{rel}","templated":true}]}}