{"id":2468,"date":"2021-09-30T10:04:30","date_gmt":"2021-09-30T08:04:30","guid":{"rendered":"https:\/\/antcube.shop\/?page_id=2468"},"modified":"2023-12-15T12:50:52","modified_gmt":"2023-12-15T11:50:52","slug":"zwischenbericht","status":"publish","type":"page","link":"https:\/\/antcube.shop\/de\/ameisensucher\/zwischenbericht\/","title":{"rendered":"Zwischenbericht"},"content":{"rendered":"<div id=\"gap-375215133\" class=\"gap-element clearfix\" style=\"display:block; height:auto;\">\n\t\t\n<style>\n#gap-375215133 {\n  padding-top: 200px;\n}\n@media (min-width:850px) {\n  #gap-375215133 {\n    padding-top: 175px;\n  }\n}\n<\/style>\n\t<\/div>\n\t\n\n<div class=\"row\"  id=\"row-595712421\">\n\n\n\t<div id=\"col-1782586676\" class=\"col small-12 large-12\"  >\n\t\t\t\t<div class=\"col-inner\"  >\n\t\t\t\n\t\t\t\n\n\t<div id=\"text-1841699170\" class=\"text\">\n\t\t\n\n<h3>Ameisen f\u00fcr erfahrene Ameisenhalter<\/h3>\n<p>Viele Ameisenarten aus k\u00e4lteren Regionen m\u00fcssen einen Winterschlaf halten. Dies h\u00e4ngt von der Herkunft der Art ab. Ameisen, die in der freien Natur Winterschlaf halten, sollten dies auch bei Ihnen zu Hause tun. Wenn Sie den Tieren nicht ihre nat\u00fcrliche Ruhepause g\u00f6nnen, kann sich das Wachstum der Kolonie verlangsamen oder die K\u00f6nigin kann sehr fr\u00fch sterben.\u00a0<\/p>\n<p>Einige Ameisen halten nur drei Monate Winterschlaf, w\u00e4hrend andere einen Zeitraum von vier bis f\u00fcnf Monaten ben\u00f6tigen (in der Regel zwischen November und M\u00e4rz). Auch die Temperatur, die einige Arten f\u00fcr den Winterschlaf ben\u00f6tigen, ist unterschiedlich. So ben\u00f6tigen die nordeurop\u00e4ischen Arten Temperaturen zwischen 5 \u00b0C und 8 \u00b0C, w\u00e4hrend die s\u00fcdeurop\u00e4ischen Arten Temperaturen um 15 \u00b0C ben\u00f6tigen. Nordeurop\u00e4ische Arten stellen ihre Aktivit\u00e4t w\u00e4hrend des Winterschlafs vollst\u00e4ndig ein, w\u00e4hrend s\u00fcdeurop\u00e4ische Arten noch leicht aktiv sind.<\/p>\n\t\t\n<style>\n#text-1841699170 {\n  text-align: center;\n}\n<\/style>\n\t<\/div>\n\t\n\n\t\t<\/div>\n\t\t\t\t\t<\/div>\n\n\t\n\n<\/div>\n\t<div id=\"text-231813621\" class=\"text\">\n\t\t\n\n<p><strong>Frage: Sind Sie auf der Suche nach einer Ameisenart mit oder ohne Winterschlaf?<\/strong><\/p>\n\t\t\n<style>\n#text-231813621 {\n  font-size: 1.8rem;\n  text-align: center;\n}\n<\/style>\n\t<\/div>\n\t\n<div class=\"row\" style=\"max-width:650px\" id=\"row-1375140425\">\n\n\n\t<div id=\"col-768612548\" class=\"col medium-6 small-12 large-6\"  >\n\t\t\t\t<div class=\"col-inner\"  >\n\t\t\t\n\t\t\t\n\n<a href=\"https:\/\/antcube.shop\/ant-finder\/intermediate\/step-3\/\" class=\"button secondary expand\" >\n\t\t<span>Ameisen, die einen Winterschlaf brauchen<\/span>\n\t<\/a>\n\n\n\n\t\t<\/div>\n\t\t\t\t\t<\/div>\n\n\t\n\n\t<div id=\"col-877423092\" class=\"col medium-6 small-12 large-6\"  >\n\t\t\t\t<div class=\"col-inner\"  >\n\t\t\t\n\t\t\t\n\n<a href=\"https:\/\/antcube.shop\/ant-finder\/intermediate\/step-4\/\" class=\"button secondary expand\" >\n\t\t<span>kein Winterschlaf<\/span>\n\t<\/a>\n\n\n\n\t\t<\/div>\n\t\t\t\t\t<\/div>\n\n\t\n\n<\/div>","protected":false},"excerpt":{"rendered":"","protected":false},"author":1,"featured_media":0,"parent":721,"menu_order":0,"comment_status":"closed","ping_status":"closed","template":"","meta":{"_acf_changed":false,"content-type":"","_monsterinsights_skip_tracking":false,"_monsterinsights_sitenote_active":false,"_monsterinsights_sitenote_note":"","_monsterinsights_sitenote_category":0,"footnotes":""},"class_list":["post-2468","page","type-page","status-publish","hentry"],"acf":[],"aioseo_notices":[],"jetpack_sharing_enabled":true,"_links":{"self":[{"href":"https:\/\/antcube.shop\/de\/wp-json\/wp\/v2\/pages\/2468","targetHints":{"allow":["GET"]}}],"collection":[{"href":"https:\/\/antcube.shop\/de\/wp-json\/wp\/v2\/pages"}],"about":[{"href":"https:\/\/antcube.shop\/de\/wp-json\/wp\/v2\/types\/page"}],"author":[{"embeddable":true,"href":"https:\/\/antcube.shop\/de\/wp-json\/wp\/v2\/users\/1"}],"replies":[{"embeddable":true,"href":"https:\/\/antcube.shop\/de\/wp-json\/wp\/v2\/comments?post=2468"}],"version-history":[{"count":10,"href":"https:\/\/antcube.shop\/de\/wp-json\/wp\/v2\/pages\/2468\/revisions"}],"predecessor-version":[{"id":6870,"href":"https:\/\/antcube.shop\/de\/wp-json\/wp\/v2\/pages\/2468\/revisions\/6870"}],"up":[{"embeddable":true,"href":"https:\/\/antcube.shop\/de\/wp-json\/wp\/v2\/pages\/721"}],"wp:attachment":[{"href":"https:\/\/antcube.shop\/de\/wp-json\/wp\/v2\/media?parent=2468"}],"curies":[{"name":"wp","href":"https:\/\/api.w.org\/{rel}","templated":true}]}}