{"id":1260,"date":"2021-09-09T14:22:26","date_gmt":"2021-09-09T12:22:26","guid":{"rendered":"https:\/\/antcube.shop\/?page_id=1260"},"modified":"2023-12-14T17:02:05","modified_gmt":"2023-12-14T16:02:05","slug":"weber-ant-formicarium","status":"publish","type":"page","link":"https:\/\/antcube.shop\/de\/formicarium-finder\/weber-ant-formicarium\/","title":{"rendered":"Weberameise Formicarium"},"content":{"rendered":"<div id=\"gap-1031817872\" class=\"gap-element clearfix\" style=\"display:block; height:auto;\">\n\t\t\n<style>\n#gap-1031817872 {\n  padding-top: 197px;\n}\n@media (min-width:550px) {\n  #gap-1031817872 {\n    padding-top: 199px;\n  }\n}\n@media (min-width:850px) {\n  #gap-1031817872 {\n    padding-top: 172px;\n  }\n}\n<\/style>\n\t<\/div>\n\t\n\n\n  <div class=\"banner has-hover\" id=\"banner-650784261\">\n          <div class=\"banner-inner fill\">\n        <div class=\"banner-bg fill\" >\n            <img data-recalc-dims=\"1\" loading=\"lazy\" decoding=\"async\" width=\"1020\" height=\"372\" src=\"https:\/\/i0.wp.com\/antcube.shop\/wp-content\/uploads\/2021\/09\/Unbenannt-1-1-scaled.jpg?resize=1020%2C372&#038;ssl=1\" class=\"bg attachment-original size-original\" alt=\"ANTCUBE Starter Set f\u00fcr Weberameisen\" \/>                        <div class=\"overlay\"><\/div>            \n                    <\/div>\n\t\t\n        <div class=\"banner-layers container\">\n            <a class=\"fill\" href=\"https:\/\/antcube.shop\/de\/produkt\/antcube-starter-set-fur-weberameisen\/\"><div class=\"fill banner-link\"><\/div><\/a>            \n\n   <div id=\"text-box-1587456880\" class=\"text-box banner-layer x95 md-x95 lg-x95 y20 md-y20 lg-y20 res-text\">\n                                <div class=\"text-box-content text dark\">\n              \n              <div class=\"text-inner text-center\">\n                  \n\n\t<div id=\"text-311345527\" class=\"text\">\n\t\t\n\n<h3 class=\"uppercase\"><strong>Starter-Set f\u00fcr Weberameisen<\/strong><\/h3>\n\t\t\n<style>\n#text-311345527 {\n  color: rgb(0, 0, 0);\n}\n#text-311345527 > * {\n  color: rgb(0, 0, 0);\n}\n<\/style>\n\t<\/div>\n\t\n\n              <\/div>\n           <\/div>\n                            \n<style>\n#text-box-1587456880 {\n  width: 60%;\n}\n#text-box-1587456880 .text-box-content {\n  font-size: 100%;\n}\n<\/style>\n    <\/div>\n \n\n        <\/div>\n      <\/div>\n\n            \n<style>\n#banner-650784261 {\n  padding-top: 38%;\n}\n#banner-650784261 .overlay {\n  background-color: rgba(0, 0, 0, 0);\n}\n#banner-650784261 .banner-bg img {\n  object-position: 33% 58%;\n}\n<\/style>\n  <\/div>\n\n\n<div class=\"row\"  id=\"row-1860886459\">\n\n\n\t<div id=\"col-1603102133\" class=\"col medium-6 small-12 large-6\"  >\n\t\t\t\t<div class=\"col-inner\"  >\n\t\t\t\n\t\t\t\n\n<h3>Weberameisen und wie man sie h\u00e4lt<\/h3>\n<p>Zun\u00e4chst einmal m\u00fcssen Sie wissen, welche Art von Weberameisen Sie halten wollen. Weberameisen brauchen kein klassisches Formaicarium mit einem Nestbereich und einer Arena. In der Natur nisten sie in den Baumkronen oder in B\u00fcschen, aber niemals auf dem Boden oder unter der Erde.<\/p>\n<p><strong>Oecophylla-Ameisenarten<\/strong><\/p>\n<p>Wenn Sie Oecophylla halten m\u00f6chten, ben\u00f6tigen sie echte Pflanzen in ihrer Einrichtung, um ihre Kolonie zu bilden. Wir empfehlen daher ein Formicarium, das mindestens 40 cm hoch ist. Sie sollten ihnen eine Pflanze mit relativ gro\u00dfen Bl\u00e4ttern anbieten, da sie ihre Lavaseide benutzen, um die Bl\u00e4tter einer lebenden Pflanze zu einem kokonartigen Nest zu verweben. Die Pflanze muss frei von jeglichen Pestiziden oder D\u00fcngemitteln sein. In Frage kommen zum Beispiel Pflanzen aus einer Bio-G\u00e4rtnerei oder aus dem Terraristik-Fachhandel. Alternativ k\u00f6nnen Sie auch jede Pflanze verwenden, die mindestens ein Jahr bei Ihnen zu Hause gestanden hat, ohne mit Pestiziden oder D\u00fcnger behandelt worden zu sein.<\/p>\n\n\t\t<\/div>\n\t\t\t\t\t<\/div>\n\n\t\n\n\t<div id=\"col-910646101\" class=\"col medium-6 small-12 large-6\"  >\n\t\t\t\t<div class=\"col-inner\"  >\n\t\t\t\n\t\t\t\n\n\t<div class=\"img has-hover x md-x lg-x y md-y lg-y\" id=\"image_2112304214\">\n\t\t<a class=\"image-lightbox lightbox-gallery\" title=\"\" href=\"https:\/\/i0.wp.com\/antcube.shop\/wp-content\/uploads\/2021\/07\/Oecophylla-smaragdina.jpg?fit=600%2C600&#038;ssl=1\">\t\t\t\t\t\t<div class=\"img-inner dark\" >\n\t\t\t<img data-recalc-dims=\"1\" loading=\"lazy\" decoding=\"async\" width=\"720\" height=\"720\" src=\"https:\/\/i0.wp.com\/antcube.shop\/wp-content\/uploads\/2021\/07\/Oecophylla-smaragdina.jpg?resize=720%2C720&#038;ssl=1\" class=\"attachment-original size-original\" alt=\"Oecophylla smaragdina Arbeiterameisen auf Nestblatt\" srcset=\"https:\/\/i0.wp.com\/antcube.shop\/wp-content\/uploads\/2021\/07\/Oecophylla-smaragdina.jpg?w=720&amp;ssl=1 720w, https:\/\/i0.wp.com\/antcube.shop\/wp-content\/uploads\/2021\/07\/Oecophylla-smaragdina.jpg?resize=247%2C247&amp;ssl=1 247w, https:\/\/i0.wp.com\/antcube.shop\/wp-content\/uploads\/2021\/07\/Oecophylla-smaragdina.jpg?resize=100%2C100&amp;ssl=1 100w, https:\/\/i0.wp.com\/antcube.shop\/wp-content\/uploads\/2021\/07\/Oecophylla-smaragdina.jpg?resize=510%2C510&amp;ssl=1 510w, https:\/\/i0.wp.com\/antcube.shop\/wp-content\/uploads\/2021\/07\/Oecophylla-smaragdina.jpg?resize=400%2C400&amp;ssl=1 400w, https:\/\/i0.wp.com\/antcube.shop\/wp-content\/uploads\/2021\/07\/Oecophylla-smaragdina.jpg?resize=280%2C280&amp;ssl=1 280w\" sizes=\"auto, (max-width: 720px) 100vw, 720px\" \/>\t\t\t\t\t\t\n\t\t\t\t\t<\/div>\n\t\t\t\t\t\t<\/a>\t\t\n<style>\n#image_2112304214 {\n  width: 100%;\n}\n<\/style>\n\t<\/div>\n\t\n\n\n\t\t<\/div>\n\t\t\t\t\t<\/div>\n\n\t\n\n<\/div>\n\t<div id=\"gap-550033919\" class=\"gap-element clearfix\" style=\"display:block; height:auto;\">\n\t\t\n<style>\n#gap-550033919 {\n  padding-top: 30px;\n}\n<\/style>\n\t<\/div>\n\t\n\n<div class=\"row\"  id=\"row-627638257\">\n\n\n\t<div id=\"col-926879007\" class=\"col medium-6 small-12 large-6\"  >\n\t\t\t\t<div class=\"col-inner\"  >\n\t\t\t\n\t\t\t\n\n<h3>Polyrhachis-Ameisenarten<\/h3>\n<p>Wenn Sie Polyrhachis-Ameisen halten wollen, brauchen sie entweder ein flaches oder ein hohes Formicarium. Einige dieser Ameisenarten nisten in h\u00f6her gelegenen Gebieten, andere in Bodenn\u00e4he.\u00a0<\/p>\n<p>Sie unterscheiden sich von Oecophylla, weil sie keine lebenden Pflanzen zum Nestbau ben\u00f6tigen. Stattdessen sammeln sie alles, von herabgefallenen Bl\u00e4ttern oder Nadeln von Nadelb\u00e4umen bis hin zu kleinen St\u00f6cken und Steinen, und verweben es zu einer soliden, kokonartigen Struktur. Wir empfehlen die Verwendung unserer \"Nistkugeln\", da sie sich f\u00fcr den Nestbau durch Polyrhachis-Ameisenarten als sehr gut geeignet erwiesen haben.<\/p>\n\n\t\t<\/div>\n\t\t\t\t\t<\/div>\n\n\t\n\n\t<div id=\"col-1973957318\" class=\"col medium-6 small-12 large-6\"  >\n\t\t\t\t<div class=\"col-inner text-center\"  >\n\t\t\t\n\t<div class=\"is-border\"\n\t\tstyle=\"border-width:0px 0px 0px 0px;\">\n\t<\/div>\n\t\t\t\n\n\t<div class=\"img has-hover x md-x lg-x y md-y lg-y\" id=\"image_778287740\">\n\t\t<a class=\"image-lightbox lightbox-gallery\" title=\"\" href=\"https:\/\/i0.wp.com\/antcube.shop\/wp-content\/uploads\/2021\/09\/Stock-Polyrhachis-dives-Futter-8.jpg?ssl=1\">\t\t\t\t\t\t<div class=\"img-inner image-cover dark\" style=\"padding-top:100%;\">\n\t\t\t<img data-recalc-dims=\"1\" loading=\"lazy\" decoding=\"async\" width=\"960\" height=\"540\" src=\"https:\/\/i0.wp.com\/antcube.shop\/wp-content\/uploads\/2021\/09\/Stock-Polyrhachis-dives-Futter-8.jpg?resize=960%2C540&#038;ssl=1\" class=\"attachment-original size-original\" alt=\"Polyrhachis taucht und tr\u00e4gt Beute zu ihrem Nest\" srcset=\"https:\/\/i0.wp.com\/antcube.shop\/wp-content\/uploads\/2021\/09\/Stock-Polyrhachis-dives-Futter-8.jpg?w=960&amp;ssl=1 960w, https:\/\/i0.wp.com\/antcube.shop\/wp-content\/uploads\/2021\/09\/Stock-Polyrhachis-dives-Futter-8.jpg?resize=510%2C287&amp;ssl=1 510w, https:\/\/i0.wp.com\/antcube.shop\/wp-content\/uploads\/2021\/09\/Stock-Polyrhachis-dives-Futter-8.jpg?resize=711%2C400&amp;ssl=1 711w, https:\/\/i0.wp.com\/antcube.shop\/wp-content\/uploads\/2021\/09\/Stock-Polyrhachis-dives-Futter-8.jpg?resize=768%2C432&amp;ssl=1 768w\" sizes=\"auto, (max-width: 960px) 100vw, 960px\" \/>\t\t\t\t\t\t\n\t\t\t\t\t<\/div>\n\t\t\t\t\t\t<\/a>\t\t\n<style>\n#image_778287740 {\n  width: 100%;\n}\n<\/style>\n\t<\/div>\n\t\n\n\n\t\t<\/div>\n\t\t\t\t\n<style>\n#col-1973957318 > .col-inner {\n  max-width: 564px;\n}\n<\/style>\n\t<\/div>\n\n\t\n\n<\/div>\n\t<div id=\"gap-1849379975\" class=\"gap-element clearfix\" style=\"display:block; height:auto;\">\n\t\t\n<style>\n#gap-1849379975 {\n  padding-top: 30px;\n}\n<\/style>\n\t<\/div>\n\t\n\n<div class=\"row row-large align-equal align-center\"  id=\"row-965517005\">\n\n\n\t<div id=\"col-1999822969\" class=\"col small-12 large-12\"  >\n\t\t\t\t<div class=\"col-inner text-center\"  >\n\t\t\t\n\t<div class=\"is-border\"\n\t\tstyle=\"border-width:0px 0px 1px 0px;margin:0px 0px 7px 0px;\">\n\t<\/div>\n\t\t\t\n\n<h3>Holen Sie sich Ihr Weaver Ameisen Starter Set<\/h3>\n\n            <div class=\"row\"><div class=\"large-12 col\">\n          <div style=\"background-color:#FFF;\" class=\"slider flipContainer slider-nav-circle slide box-shadow-2\"\n            data-flickity-options='{              \"cellAlign\": \"center\",              \"wrapAround\": true,              \"percentPosition\": true,              \"imagesLoaded\": true,              \"pageDots\": true,              \"contain\": true          }'>\n                        <div class=\"slide\" style=\"background-color:#FFF;\">  <div class=\"row row-collapse align-middle flip-slide\" style=\"width:100%\">\n        <div class=\"large-6 col flip-page-one\">\n        <div class=\"featured-product col-inner\">\n          <a href=\"https:\/\/antcube.shop\/de\/produkt\/antcube-starter-set-fur-weberameisen\/\">\n                <div class=\"product-image relative\">\n                   <div class=\"front-image\">\n                    <img loading=\"lazy\" decoding=\"async\" width=\"510\" height=\"286\" src=\"https:\/\/i0.wp.com\/antcube.shop\/wp-content\/uploads\/2021\/09\/IMG_9046-scaled.jpg?fit=510%2C286&amp;ssl=1\" class=\"attachment-woocommerce_single size-woocommerce_single wp-post-image\" alt=\"ANTCUBE Starter Set f\u00fcr Weberameisen\" srcset=\"https:\/\/i0.wp.com\/antcube.shop\/wp-content\/uploads\/2021\/09\/IMG_9046-scaled.jpg?w=2560&amp;ssl=1 2560w, https:\/\/i0.wp.com\/antcube.shop\/wp-content\/uploads\/2021\/09\/IMG_9046-scaled.jpg?resize=510%2C286&amp;ssl=1 510w, https:\/\/i0.wp.com\/antcube.shop\/wp-content\/uploads\/2021\/09\/IMG_9046-scaled.jpg?resize=713%2C400&amp;ssl=1 713w, https:\/\/i0.wp.com\/antcube.shop\/wp-content\/uploads\/2021\/09\/IMG_9046-scaled.jpg?resize=1400%2C786&amp;ssl=1 1400w, https:\/\/i0.wp.com\/antcube.shop\/wp-content\/uploads\/2021\/09\/IMG_9046-scaled.jpg?resize=768%2C431&amp;ssl=1 768w, https:\/\/i0.wp.com\/antcube.shop\/wp-content\/uploads\/2021\/09\/IMG_9046-scaled.jpg?resize=1536%2C862&amp;ssl=1 1536w, https:\/\/i0.wp.com\/antcube.shop\/wp-content\/uploads\/2021\/09\/IMG_9046-scaled.jpg?resize=2048%2C1150&amp;ssl=1 2048w\" sizes=\"auto, (max-width: 510px) 100vw, 510px\" \/>                  <\/div>\n                  \n<div class=\"badge-container absolute left top z-1\">\n\n<\/div>\n                <\/div>\n          <\/a>\n        <\/div>\n        <\/div>\n       <div class=\"large-6 col flip-page-two\">\n        <div class=\"product-info col-inner inner-padding\">\n              <h1 class=\"entry-title\"><a href=\"https:\/\/antcube.shop\/de\/produkt\/antcube-starter-set-fur-weberameisen\/\">ANTCUBE - Starter Set f\u00fcr Weberameisen - klein<\/a><\/h1>\n              <div class=\"is-divider medium\"><\/div>\n              <div class=\"price-wrapper\">\n\t<p class=\"price product-page-price\">\n  <span class=\"woocommerce-Price-amount amount\"><bdi>149,90&nbsp;<span class=\"woocommerce-Price-currencySymbol\">\u20ac<\/span><\/bdi><\/span><\/p>\n<\/div>\n<div class=\"product-short-description\">\n\t<p>The set consists of 20 parts.<br \/>\nGr\u00f6\u00dfe: <span style=\"color: #ed1c24;\"><strong>XL<\/strong><\/span><\/p>\n<\/div>\n<div class=\"product_meta\">\n\n\t\n\n\t\n\t\t<span class=\"sku_wrapper\">Artikelnummer: <span class=\"sku\">1002849<\/span><\/span>\n\n\t\n\t<span class=\"posted_in\">Kategorien: <a href=\"https:\/\/antcube.shop\/de\/produkt-kategorie\/starter-sets\/\" rel=\"tag\">Starter-Sets<\/a>, <a href=\"https:\/\/antcube.shop\/de\/produkt-kategorie\/starter-sets\/startersets-fur-weberameisen\/\" rel=\"tag\">Starter-Sets f\u00fcr Weberameisen<\/a><\/span>\n\t\n\t\n<\/div>\n              <a href=\"https:\/\/antcube.shop\/de\/produkt\/antcube-starter-set-fur-weberameisen\/\" class=\"button\">Weiterlesen<\/a>\n         <\/div>\n        <\/div>\n<\/div>\n<\/div>\n                        <div class=\"slide\" style=\"background-color:#FFF;\">  <div class=\"row row-collapse align-middle flip-slide\" style=\"width:100%\">\n        <div class=\"large-6 col flip-page-one\">\n        <div class=\"featured-product col-inner\">\n          <a href=\"https:\/\/antcube.shop\/de\/produkt\/starterset-fur-weberameisen-gros\/\">\n                <div class=\"product-image relative\">\n                   <div class=\"front-image\">\n                    <img loading=\"lazy\" decoding=\"async\" width=\"510\" height=\"510\" src=\"https:\/\/i0.wp.com\/antcube.shop\/wp-content\/uploads\/2023\/12\/1005649-ANTCUBE-Starter-Set-fur-Weberameisen-gros-Shop.jpg?fit=510%2C510&amp;ssl=1\" class=\"attachment-woocommerce_single size-woocommerce_single wp-post-image\" alt=\"ANTCUBE - Starterset f\u00fcr Weberameisen - gro\u00dfes 1005649 Glasformikarium mit Schiebet\u00fcr und Riforest-Fotor\u00fcckwand\" srcset=\"https:\/\/i0.wp.com\/antcube.shop\/wp-content\/uploads\/2023\/12\/1005649-ANTCUBE-Starter-Set-fur-Weberameisen-gros-Shop.jpg?w=2048&amp;ssl=1 2048w, https:\/\/i0.wp.com\/antcube.shop\/wp-content\/uploads\/2023\/12\/1005649-ANTCUBE-Starter-Set-fur-Weberameisen-gros-Shop.jpg?resize=400%2C400&amp;ssl=1 400w, https:\/\/i0.wp.com\/antcube.shop\/wp-content\/uploads\/2023\/12\/1005649-ANTCUBE-Starter-Set-fur-Weberameisen-gros-Shop.jpg?resize=800%2C800&amp;ssl=1 800w, https:\/\/i0.wp.com\/antcube.shop\/wp-content\/uploads\/2023\/12\/1005649-ANTCUBE-Starter-Set-fur-Weberameisen-gros-Shop.jpg?resize=280%2C280&amp;ssl=1 280w, https:\/\/i0.wp.com\/antcube.shop\/wp-content\/uploads\/2023\/12\/1005649-ANTCUBE-Starter-Set-fur-Weberameisen-gros-Shop.jpg?resize=768%2C768&amp;ssl=1 768w, https:\/\/i0.wp.com\/antcube.shop\/wp-content\/uploads\/2023\/12\/1005649-ANTCUBE-Starter-Set-fur-Weberameisen-gros-Shop.jpg?resize=1536%2C1536&amp;ssl=1 1536w, https:\/\/i0.wp.com\/antcube.shop\/wp-content\/uploads\/2023\/12\/1005649-ANTCUBE-Starter-Set-fur-Weberameisen-gros-Shop.jpg?resize=12%2C12&amp;ssl=1 12w, https:\/\/i0.wp.com\/antcube.shop\/wp-content\/uploads\/2023\/12\/1005649-ANTCUBE-Starter-Set-fur-Weberameisen-gros-Shop.jpg?resize=247%2C247&amp;ssl=1 247w, https:\/\/i0.wp.com\/antcube.shop\/wp-content\/uploads\/2023\/12\/1005649-ANTCUBE-Starter-Set-fur-Weberameisen-gros-Shop.jpg?resize=510%2C510&amp;ssl=1 510w, https:\/\/i0.wp.com\/antcube.shop\/wp-content\/uploads\/2023\/12\/1005649-ANTCUBE-Starter-Set-fur-Weberameisen-gros-Shop.jpg?resize=100%2C100&amp;ssl=1 100w\" sizes=\"auto, (max-width: 510px) 100vw, 510px\" \/>                  <\/div>\n                  \n<div class=\"badge-container absolute left top z-1\">\n\n<\/div>\n                <\/div>\n          <\/a>\n        <\/div>\n        <\/div>\n       <div class=\"large-6 col flip-page-two\">\n        <div class=\"product-info col-inner inner-padding\">\n              <h1 class=\"entry-title\"><a href=\"https:\/\/antcube.shop\/de\/produkt\/starterset-fur-weberameisen-gros\/\">ANTCUBE - Starterset f\u00fcr Weberameisen - gro\u00df<\/a><\/h1>\n              <div class=\"is-divider medium\"><\/div>\n              <div class=\"price-wrapper\">\n\t<p class=\"price product-page-price\">\n  <span class=\"woocommerce-Price-amount amount\"><bdi>339,90&nbsp;<span class=\"woocommerce-Price-currencySymbol\">\u20ac<\/span><\/bdi><\/span><\/p>\n<\/div>\n<div class=\"product-short-description\">\n\t<p>The set consists of 22 parts.<br \/>\nGr\u00f6\u00dfe: <span style=\"color: #ed1c24;\"><strong>XL<\/strong><\/span><\/p>\n<\/div>\n<div class=\"product_meta\">\n\n\t\n\n\t\n\t\t<span class=\"sku_wrapper\">Artikelnummer: <span class=\"sku\">1005649<\/span><\/span>\n\n\t\n\t<span class=\"posted_in\">Kategorien: <a href=\"https:\/\/antcube.shop\/de\/produkt-kategorie\/starter-sets\/\" rel=\"tag\">Starter-Sets<\/a>, <a href=\"https:\/\/antcube.shop\/de\/produkt-kategorie\/starter-sets\/startersets-fur-weberameisen\/\" rel=\"tag\">Starter-Sets f\u00fcr Weberameisen<\/a><\/span>\n\t\n\t\n<\/div>\n              <a href=\"https:\/\/antcube.shop\/de\/produkt\/starterset-fur-weberameisen-gros\/\" class=\"button\">Weiterlesen<\/a>\n         <\/div>\n        <\/div>\n<\/div>\n<\/div>\n                    <\/div>\n          <\/div><\/div>\n          \n\n\n\t\t<\/div>\n\t\t\t\t\n<style>\n#col-1999822969 > .col-inner {\n  padding: 0px 0px 5px 0px;\n  margin: 0px 0px 1px 0px;\n}\n<\/style>\n\t<\/div>\n\n\t\n\n\n<style>\n#row-965517005 > .col > .col-inner {\n  padding: 0px 0px 30px 0px;\n}\n<\/style>\n<\/div>\n<div class=\"row row-large align-equal align-center\"  id=\"row-910283782\">\n\n\n\t<div id=\"col-857405910\" class=\"col small-12 large-12\"  >\n\t\t\t\t<div class=\"col-inner text-center\"  >\n\t\t\t\n\t<div class=\"is-border\"\n\t\tstyle=\"border-width:0px 0px 1px 0px;margin:0px 0px 7px 0px;\">\n\t<\/div>\n\t\t\t\n\n<h3>Bundle-Angebot mit Starter Set und Weberameisenvolk<\/h3>\n\n            <div class=\"row\"><div class=\"large-12 col\">\n          <div style=\"background-color:#FFF;\" class=\"slider flipContainer slider-nav-circle slide box-shadow-2\"\n            data-flickity-options='{              \"cellAlign\": \"center\",              \"wrapAround\": true,              \"percentPosition\": true,              \"imagesLoaded\": true,              \"pageDots\": true,              \"contain\": true          }'>\n                        <div class=\"slide\" style=\"background-color:#FFF;\">  <div class=\"row row-collapse align-middle flip-slide\" style=\"width:100%\">\n        <div class=\"large-6 col flip-page-one\">\n        <div class=\"featured-product col-inner\">\n          <a href=\"https:\/\/antcube.shop\/de\/produkt\/bundle-offer-polyrhachis-dives\/\">\n                <div class=\"product-image relative\">\n                   <div class=\"front-image\">\n                    <img loading=\"lazy\" decoding=\"async\" width=\"510\" height=\"510\" src=\"https:\/\/i0.wp.com\/antcube.shop\/wp-content\/uploads\/2023\/12\/Starter-Set-Bundle-Polayrhachis-dives.jpg?fit=510%2C510&amp;ssl=1\" class=\"attachment-woocommerce_single size-woocommerce_single wp-post-image\" alt=\"Bundle mit Ameisenfarm Formicarium Starterset und Polyrhachis dives Weberameisenvolk ANTCUBE ANTSTORE\" srcset=\"https:\/\/i0.wp.com\/antcube.shop\/wp-content\/uploads\/2023\/12\/Starter-Set-Bundle-Polayrhachis-dives.jpg?w=2160&amp;ssl=1 2160w, https:\/\/i0.wp.com\/antcube.shop\/wp-content\/uploads\/2023\/12\/Starter-Set-Bundle-Polayrhachis-dives.jpg?resize=400%2C400&amp;ssl=1 400w, https:\/\/i0.wp.com\/antcube.shop\/wp-content\/uploads\/2023\/12\/Starter-Set-Bundle-Polayrhachis-dives.jpg?resize=800%2C800&amp;ssl=1 800w, https:\/\/i0.wp.com\/antcube.shop\/wp-content\/uploads\/2023\/12\/Starter-Set-Bundle-Polayrhachis-dives.jpg?resize=280%2C280&amp;ssl=1 280w, https:\/\/i0.wp.com\/antcube.shop\/wp-content\/uploads\/2023\/12\/Starter-Set-Bundle-Polayrhachis-dives.jpg?resize=768%2C768&amp;ssl=1 768w, https:\/\/i0.wp.com\/antcube.shop\/wp-content\/uploads\/2023\/12\/Starter-Set-Bundle-Polayrhachis-dives.jpg?resize=1536%2C1536&amp;ssl=1 1536w, https:\/\/i0.wp.com\/antcube.shop\/wp-content\/uploads\/2023\/12\/Starter-Set-Bundle-Polayrhachis-dives.jpg?resize=2048%2C2048&amp;ssl=1 2048w, https:\/\/i0.wp.com\/antcube.shop\/wp-content\/uploads\/2023\/12\/Starter-Set-Bundle-Polayrhachis-dives.jpg?resize=12%2C12&amp;ssl=1 12w, https:\/\/i0.wp.com\/antcube.shop\/wp-content\/uploads\/2023\/12\/Starter-Set-Bundle-Polayrhachis-dives.jpg?resize=247%2C247&amp;ssl=1 247w, https:\/\/i0.wp.com\/antcube.shop\/wp-content\/uploads\/2023\/12\/Starter-Set-Bundle-Polayrhachis-dives.jpg?resize=510%2C510&amp;ssl=1 510w, https:\/\/i0.wp.com\/antcube.shop\/wp-content\/uploads\/2023\/12\/Starter-Set-Bundle-Polayrhachis-dives.jpg?resize=100%2C100&amp;ssl=1 100w\" sizes=\"auto, (max-width: 510px) 100vw, 510px\" \/>                  <\/div>\n                  \n<div class=\"badge-container absolute left top z-1\">\n\n<\/div>\n                <\/div>\n          <\/a>\n        <\/div>\n        <\/div>\n       <div class=\"large-6 col flip-page-two\">\n        <div class=\"product-info col-inner inner-padding\">\n              <h1 class=\"entry-title\"><a href=\"https:\/\/antcube.shop\/de\/produkt\/bundle-offer-polyrhachis-dives\/\">B\u00fcndelangebot - Polyrhachis dives<\/a><\/h1>\n              <div class=\"is-divider medium\"><\/div>\n              <div class=\"price-wrapper\">\n\t<p class=\"price product-page-price\">\n  <span class=\"woocommerce-Price-amount amount\"><bdi>249,90&nbsp;<span class=\"woocommerce-Price-currencySymbol\">\u20ac<\/span><\/bdi><\/span><\/p>\n<\/div>\n<div class=\"product-short-description\">\n\t<p>Das Set besteht aus 31 Teilen.<br \/>\nGr\u00f6\u00dfe: <strong>XL<\/strong><\/p>\n<\/div>\n<div class=\"product_meta\">\n\n\t\n\n\t\n\t\t<span class=\"sku_wrapper\">Artikelnummer: <span class=\"sku\">1005664<\/span><\/span>\n\n\t\n\t<span class=\"posted_in\">Kategorien: <a href=\"https:\/\/antcube.shop\/de\/produkt-kategorie\/starter-sets\/bundle-angebote\/\" rel=\"tag\">Bundle-Angebote - Starter-Sets mit Ameisen<\/a>, <a href=\"https:\/\/antcube.shop\/de\/produkt-kategorie\/starter-sets\/\" rel=\"tag\">Starter-Sets<\/a>, <a href=\"https:\/\/antcube.shop\/de\/produkt-kategorie\/starter-sets\/startersets-fur-weberameisen\/\" rel=\"tag\">Starter-Sets f\u00fcr Weberameisen<\/a><\/span>\n\t\n\t\n<\/div>\n              <a href=\"https:\/\/antcube.shop\/de\/produkt\/bundle-offer-polyrhachis-dives\/\" class=\"button\">Weiterlesen<\/a>\n         <\/div>\n        <\/div>\n<\/div>\n<\/div>\n                    <\/div>\n          <\/div><\/div>\n          \n\n\n\t\t<\/div>\n\t\t\t\t\n<style>\n#col-857405910 > .col-inner {\n  padding: 0px 0px 5px 0px;\n  margin: 0px 0px 1px 0px;\n}\n<\/style>\n\t<\/div>\n\n\t\n\n\n<style>\n#row-910283782 > .col > .col-inner {\n  padding: 0px 0px 30px 0px;\n}\n<\/style>\n<\/div>\n\t<div id=\"gap-420193275\" class=\"gap-element clearfix\" style=\"display:block; height:auto;\">\n\t\t\n<style>\n#gap-420193275 {\n  padding-top: 30px;\n}\n<\/style>\n\t<\/div>","protected":false},"excerpt":{"rendered":"","protected":false},"author":1,"featured_media":0,"parent":727,"menu_order":0,"comment_status":"closed","ping_status":"closed","template":"","meta":{"_acf_changed":false,"content-type":"","_monsterinsights_skip_tracking":false,"_monsterinsights_sitenote_active":false,"_monsterinsights_sitenote_note":"","_monsterinsights_sitenote_category":0,"footnotes":""},"class_list":["post-1260","page","type-page","status-publish","hentry"],"acf":[],"aioseo_notices":[],"jetpack_sharing_enabled":true,"_links":{"self":[{"href":"https:\/\/antcube.shop\/de\/wp-json\/wp\/v2\/pages\/1260","targetHints":{"allow":["GET"]}}],"collection":[{"href":"https:\/\/antcube.shop\/de\/wp-json\/wp\/v2\/pages"}],"about":[{"href":"https:\/\/antcube.shop\/de\/wp-json\/wp\/v2\/types\/page"}],"author":[{"embeddable":true,"href":"https:\/\/antcube.shop\/de\/wp-json\/wp\/v2\/users\/1"}],"replies":[{"embeddable":true,"href":"https:\/\/antcube.shop\/de\/wp-json\/wp\/v2\/comments?post=1260"}],"version-history":[{"count":10,"href":"https:\/\/antcube.shop\/de\/wp-json\/wp\/v2\/pages\/1260\/revisions"}],"predecessor-version":[{"id":6822,"href":"https:\/\/antcube.shop\/de\/wp-json\/wp\/v2\/pages\/1260\/revisions\/6822"}],"up":[{"embeddable":true,"href":"https:\/\/antcube.shop\/de\/wp-json\/wp\/v2\/pages\/727"}],"wp:attachment":[{"href":"https:\/\/antcube.shop\/de\/wp-json\/wp\/v2\/media?parent=1260"}],"curies":[{"name":"wp","href":"https:\/\/api.w.org\/{rel}","templated":true}]}}