{"id":102,"date":"2013-08-11T19:22:53","date_gmt":"2013-08-11T19:22:53","guid":{"rendered":"http:\/\/localhost:8888\/test\/?page_id=532"},"modified":"2025-02-17T15:02:29","modified_gmt":"2025-02-17T14:02:29","slug":"kontakt","status":"publish","type":"page","link":"https:\/\/antcube.shop\/de\/kontakt\/","title":{"rendered":"Kontakt"},"content":{"rendered":"<div id=\"gap-1233222771\" class=\"gap-element clearfix\" style=\"display:block; height:auto;\">\n\t\t\n<style>\n#gap-1233222771 {\n  padding-top: 30px;\n}\n<\/style>\n\t<\/div>\n\t\n\n<div class=\"row\"  id=\"row-125159618\">\n\n\n\t<div id=\"col-58201621\" class=\"col medium-6 large-6\"  >\n\t\t\t\t<div class=\"col-inner\"  >\n\t\t\t\n\t\t\t\n\n<div class=\"container section-title-container\" ><h3 class=\"section-title section-title-normal\"><b aria-hidden=\"true\"><\/b><span class=\"section-title-main\" >H\u00e4ufig gestellte Fragen<\/span><b aria-hidden=\"true\"><\/b><\/h3><\/div>\n\n<p class=\"lead\">Bitte lesen Sie unser <a href=\"https:\/\/antcube.shop\/faq-shop\/\">FAQ<\/a> bevor Sie uns eine Nachricht schicken.<\/p>\n<div class=\"accordion\">\n\n\t<div id=\"accordion-1100467441\" class=\"accordion-item\">\n\t\t<a id=\"accordion-1100467441-label\" class=\"accordion-title plain\" href=\"#accordion-item-you-do-not-know-what-ant-species-to-keep-or-which-formicarium-you-should-use?\" aria-expanded=\"false\" aria-controls=\"accordion-1100467441-content\">\n\t\t\t<button class=\"toggle\" aria-label=\"Umschalten\"><i class=\"icon-angle-down\" aria-hidden=\"true\"><\/i><\/button>\n\t\t\t<span>Sie wissen nicht, welche Ameisenarten Sie halten sollen oder welches Formicarium Sie verwenden sollen?<\/span>\n\t\t<\/a>\n\t\t<div id=\"accordion-1100467441-content\" class=\"accordion-inner\" aria-labelledby=\"accordion-1100467441-label\">\n\t\t\t\n\n<p>Probieren Sie unseren \"Ameisen-Finder\" oder \"Formicarium-Finder\" - Unser Online-Kundendienst<\/p>\n<p><a href=\"https:\/\/antcube.shop\/ant-finder\/\">Finden Sie Ihre Ameisenart<\/a><\/p>\n<p><a href=\"https:\/\/antcube.shop\/formicarium-finder\/\">Finden Sie Ihr Formicarium<\/a><\/p>\n\n\t\t<\/div>\n\t<\/div>\n\t\n\t<div id=\"accordion-2433388920\" class=\"accordion-item\">\n\t\t<a id=\"accordion-2433388920-label\" class=\"accordion-title plain\" href=\"#accordion-item-what-are-the-delivery-times-and-charges-for-orders-from-the-online-shop?\" aria-expanded=\"false\" aria-controls=\"accordion-2433388920-content\">\n\t\t\t<button class=\"toggle\" aria-label=\"Umschalten\"><i class=\"icon-angle-down\" aria-hidden=\"true\"><\/i><\/button>\n\t\t\t<span>Wie sind die Lieferzeiten und -kosten f\u00fcr Bestellungen im Online Shop?<\/span>\n\t\t<\/a>\n\t\t<div id=\"accordion-2433388920-content\" class=\"accordion-inner\" aria-labelledby=\"accordion-2433388920-label\">\n\t\t\t\n\n<p>Informationen zu den voraussichtlichen Lieferzeiten finden Sie hier:<\/p>\n<p><a href=\"https:\/\/antcube.shop\/delivery-times\/\">Lieferzeiten<\/a><\/p>\n<p>Wenn Sie sich \u00fcber die voraussichtlichen Versandkosten und Lieferbeschr\u00e4nkungen informieren m\u00f6chten, schauen Sie bitte hier:<\/p>\n<p><a href=\"https:\/\/antcube.shop\/shipping-costs-delivery-restrictions\/\">Versandkosten\/Lieferbeschr\u00e4nkungen<\/a><\/p>\n\n\t\t<\/div>\n\t<\/div>\n\t\n\t<div id=\"accordion-1177975920\" class=\"accordion-item\">\n\t\t<a id=\"accordion-1177975920-label\" class=\"accordion-title plain\" href=\"#accordion-item-you-have-questions-about-returns-or-refunds?\" aria-expanded=\"false\" aria-controls=\"accordion-1177975920-content\">\n\t\t\t<button class=\"toggle\" aria-label=\"Umschalten\"><i class=\"icon-angle-down\" aria-hidden=\"true\"><\/i><\/button>\n\t\t\t<span>Sie haben Fragen zu R\u00fccksendungen oder Erstattungen?<\/span>\n\t\t<\/a>\n\t\t<div id=\"accordion-1177975920-content\" class=\"accordion-inner\" aria-labelledby=\"accordion-1177975920-label\">\n\t\t\t\n\n<p><a href=\"https:\/\/antcube.shop\/refund-policy\/\">Erstattungspolitik<\/a><\/p>\n<p><a href=\"https:\/\/antcube.shop\/terms-and-conditions\/\">Bedingungen und Konditionen<\/a><\/p>\n\n\t\t<\/div>\n\t<\/div>\n\t\n\t<div id=\"accordion-2904052356\" class=\"accordion-item\">\n\t\t<a id=\"accordion-2904052356-label\" class=\"accordion-title plain\" href=\"#accordion-item-which-payment-methods-are-accepted-in-the-online-shop?\" aria-expanded=\"false\" aria-controls=\"accordion-2904052356-content\">\n\t\t\t<button class=\"toggle\" aria-label=\"Umschalten\"><i class=\"icon-angle-down\" aria-hidden=\"true\"><\/i><\/button>\n\t\t\t<span>Welche Zahlungsmethoden werden im Online Shop akzeptiert?<\/span>\n\t\t<\/a>\n\t\t<div id=\"accordion-2904052356-content\" class=\"accordion-inner\" aria-labelledby=\"accordion-2904052356-label\">\n\t\t\t\n\n<p>Eine \u00dcbersicht \u00fcber die von uns akzeptierten Zahlungsarten finden Sie hier:<\/p>\n<p><a href=\"https:\/\/antcube.shop\/payment-methods\/\">Zahlungsm\u00f6glichkeiten<\/a><\/p>\n\n\t\t<\/div>\n\t<\/div>\n\t\n\t<div id=\"accordion-3447375517\" class=\"accordion-item\">\n\t\t<a id=\"accordion-3447375517-label\" class=\"accordion-title plain\" href=\"#accordion-item-you-are-looking-for-user-manuals-for-your-starter-set?\" aria-expanded=\"false\" aria-controls=\"accordion-3447375517-content\">\n\t\t\t<button class=\"toggle\" aria-label=\"Umschalten\"><i class=\"icon-angle-down\" aria-hidden=\"true\"><\/i><\/button>\n\t\t\t<span>Sie sind auf der Suche nach Bedienungsanleitungen f\u00fcr Ihr Starterset?<\/span>\n\t\t<\/a>\n\t\t<div id=\"accordion-3447375517-content\" class=\"accordion-inner\" aria-labelledby=\"accordion-3447375517-label\">\n\t\t\t\n\n<p>Hier finden Sie PDF-Benutzerhandb\u00fccher zum Ausdrucken oder Herunterladen:<\/p>\n<p><a href=\"https:\/\/antcube.shop\/download\/\">Herunterladen<\/a><\/p>\n\n\t\t<\/div>\n\t<\/div>\n\t\n\t<div id=\"accordion-1461776629\" class=\"accordion-item\">\n\t\t<a id=\"accordion-1461776629-label\" class=\"accordion-title plain\" href=\"#accordion-item-you-need-more-information-about-certain-ant-species-or-ant-keeping-in-general?\" aria-expanded=\"false\" aria-controls=\"accordion-1461776629-content\">\n\t\t\t<button class=\"toggle\" aria-label=\"Umschalten\"><i class=\"icon-angle-down\" aria-hidden=\"true\"><\/i><\/button>\n\t\t\t<span>Sie ben\u00f6tigen mehr Informationen \u00fcber bestimmte Ameisenarten oder Ameisenhaltung im Allgemeinen?<\/span>\n\t\t<\/a>\n\t\t<div id=\"accordion-1461776629-content\" class=\"accordion-inner\" aria-labelledby=\"accordion-1461776629-label\">\n\t\t\t\n\n<p>Hier finden Sie h\u00e4ufig gestellte Fragen zu Ameisen und Ameisenhaltung:<\/p>\n<p><a href=\"https:\/\/antcube.shop\/faq-ants\/\">FAQ Ameisen<\/a><\/p>\n<p><a href=\"https:\/\/antcube.shop\/catching-queen-ants\/\">Wie man eine Ameisenk\u00f6nigin f\u00e4ngt<\/a><\/p>\n<p><a href=\"https:\/\/antcube.shop\/ant-species\/\">Erfahren Sie mehr \u00fcber Ameisen<\/a><\/p>\n<p><a href=\"https:\/\/antcube.shop\/social-media\/\">Besuchen Sie unsere YouTube-Kan\u00e4le, dort finden Sie hilfreiche Tipps und Informationen.<\/a><\/p>\n\n\t\t<\/div>\n\t<\/div>\n\t\n\t<div id=\"accordion-2804486372\" class=\"accordion-item\">\n\t\t<a id=\"accordion-2804486372-label\" class=\"accordion-title plain\" href=\"#accordion-item-you-have-questions-about-our-products?\" aria-expanded=\"false\" aria-controls=\"accordion-2804486372-content\">\n\t\t\t<button class=\"toggle\" aria-label=\"Umschalten\"><i class=\"icon-angle-down\" aria-hidden=\"true\"><\/i><\/button>\n\t\t\t<span>Sie haben Fragen zu unseren Produkten?<\/span>\n\t\t<\/a>\n\t\t<div id=\"accordion-2804486372-content\" class=\"accordion-inner\" aria-labelledby=\"accordion-2804486372-label\">\n\t\t\t\n\n<p>Wenn Sie Fragen zu unseren Produkten haben, schauen Sie bitte zuerst in der jeweiligen Produktbeschreibung in unserem Shop nach.<\/p>\n<p>Ansonsten finden Sie weitere Informationen hier:<\/p>\n<p><a href=\"https:\/\/antcube.shop\/product-information\/\">Informationen zum Produkt<\/a><\/p>\n\n\t\t<\/div>\n\t<\/div>\n\t\n\n<\/div>\n\t<div id=\"gap-1187337776\" class=\"gap-element clearfix\" style=\"display:block; height:auto;\">\n\t\t\n<style>\n#gap-1187337776 {\n  padding-top: 60px;\n}\n<\/style>\n\t<\/div>\n\t\n\n\t<div class=\"img has-hover x md-x lg-x y md-y lg-y\" id=\"image_44000549\">\n\t\t\t\t\t\t\t\t<div class=\"img-inner dark\" >\n\t\t\t<img data-recalc-dims=\"1\" loading=\"lazy\" decoding=\"async\" width=\"900\" height=\"900\" src=\"https:\/\/i0.wp.com\/antcube.shop\/wp-content\/uploads\/2021\/09\/Firmeneingang.jpg?resize=900%2C900&#038;ssl=1\" class=\"attachment-original size-original\" alt=\"ANTSTORE Eingang\" srcset=\"https:\/\/i0.wp.com\/antcube.shop\/wp-content\/uploads\/2021\/09\/Firmeneingang.jpg?w=900&amp;ssl=1 900w, https:\/\/i0.wp.com\/antcube.shop\/wp-content\/uploads\/2021\/09\/Firmeneingang.jpg?resize=247%2C247&amp;ssl=1 247w, https:\/\/i0.wp.com\/antcube.shop\/wp-content\/uploads\/2021\/09\/Firmeneingang.jpg?resize=100%2C100&amp;ssl=1 100w, https:\/\/i0.wp.com\/antcube.shop\/wp-content\/uploads\/2021\/09\/Firmeneingang.jpg?resize=510%2C510&amp;ssl=1 510w, https:\/\/i0.wp.com\/antcube.shop\/wp-content\/uploads\/2021\/09\/Firmeneingang.jpg?resize=400%2C400&amp;ssl=1 400w, https:\/\/i0.wp.com\/antcube.shop\/wp-content\/uploads\/2021\/09\/Firmeneingang.jpg?resize=800%2C800&amp;ssl=1 800w, https:\/\/i0.wp.com\/antcube.shop\/wp-content\/uploads\/2021\/09\/Firmeneingang.jpg?resize=280%2C280&amp;ssl=1 280w, https:\/\/i0.wp.com\/antcube.shop\/wp-content\/uploads\/2021\/09\/Firmeneingang.jpg?resize=768%2C768&amp;ssl=1 768w\" sizes=\"auto, (max-width: 900px) 100vw, 900px\" \/>\t\t\t\t\t\t\n\t\t\t\t\t<\/div>\n\t\t\t\t\t\t\t\t\n<style>\n#image_44000549 {\n  width: 100%;\n}\n<\/style>\n\t<\/div>\n\t\n\n\n\t\t<\/div>\n\t\t\t\t\t<\/div>\n\n\t\n\n\t<div id=\"col-1510480270\" class=\"col medium-6 large-6\"  >\n\t\t\t\t<div class=\"col-inner\"  >\n\t\t\t\n\t\t\t\n\n<div class=\"container section-title-container\" ><h3 class=\"section-title section-title-normal\"><b aria-hidden=\"true\"><\/b><span class=\"section-title-main\" >Kontakt<\/span><b aria-hidden=\"true\"><\/b><\/h3><\/div>\n\n<ul>\n<li><strong>E-Mail<\/strong>: contact@antcube.de<\/li>\n<li><strong>Telefon<\/strong>: <a href=\"tel:+49 30 439703870\">+49 30 439703870<\/a><\/li>\n<\/ul>\n<p><strong>Arbeitszeiten <\/strong>(UTC\/GMT +1):<\/p>\n<ul>\n<li>Dienstag bis Freitag von 10:00 - 12:00 und 13:00 - 18:00<\/li>\n<\/ul>\n<div class=\"container section-title-container\" ><h3 class=\"section-title section-title-normal\"><b aria-hidden=\"true\"><\/b><span class=\"section-title-main\" >Besuchen Sie unser Gesch\u00e4ft<\/span><b aria-hidden=\"true\"><\/b><\/h3><\/div>\n\n<p><strong>Adresse:<\/strong><\/p>\n<ul>\n<li>Stra\u00dfe: Selerweg 41<\/li>\n<li>Postleitzahl: D - 12169<\/li>\n<li>Stadt: Berlin<\/li>\n<li>Land: Deutschland<\/li>\n<li>Bezirk: Steglitz-Zehlendorf<\/li>\n<\/ul>\n<p><strong>\u00d6ffnungszeit<\/strong> (UTC\/GMT +1)<\/p>\n<ul>\n<li>Dienstag bis Freitag 13:00 - 18:00<\/li>\n<\/ul>\n<p><iframe loading=\"lazy\" style=\"border: 0;\" src=\"https:\/\/www.google.com\/maps\/embed?pb=!1m18!1m12!1m3!1d2431.3708399886823!2d13.335121715997175!3d52.454311048847416!2m3!1f0!2f0!3f0!3m2!1i1024!2i768!4f13.1!3m3!1m2!1s0x47a85a9242e5bc07%3A0xc44ee1d5a0728440!2sANTSTORE!5e0!3m2!1sde!2sde!4v1632470583913!5m2!1sde!2sde\" width=\"600\" height=\"450\" allowfullscreen=\"allowfullscreen\"><\/iframe><\/p>\n\n\t\t<\/div>\n\t\t\t\t\t<\/div>\n\n\t\n\n<\/div>","protected":false},"excerpt":{"rendered":"","protected":false},"author":1,"featured_media":27,"parent":0,"menu_order":0,"comment_status":"closed","ping_status":"closed","template":"page-blank.php","meta":{"_acf_changed":false,"content-type":"","_monsterinsights_skip_tracking":false,"_monsterinsights_sitenote_active":false,"_monsterinsights_sitenote_note":"","_monsterinsights_sitenote_category":0,"footnotes":""},"class_list":["post-102","page","type-page","status-publish","has-post-thumbnail","hentry"],"acf":[],"aioseo_notices":[],"jetpack_sharing_enabled":true,"_links":{"self":[{"href":"https:\/\/antcube.shop\/de\/wp-json\/wp\/v2\/pages\/102","targetHints":{"allow":["GET"]}}],"collection":[{"href":"https:\/\/antcube.shop\/de\/wp-json\/wp\/v2\/pages"}],"about":[{"href":"https:\/\/antcube.shop\/de\/wp-json\/wp\/v2\/types\/page"}],"author":[{"embeddable":true,"href":"https:\/\/antcube.shop\/de\/wp-json\/wp\/v2\/users\/1"}],"replies":[{"embeddable":true,"href":"https:\/\/antcube.shop\/de\/wp-json\/wp\/v2\/comments?post=102"}],"version-history":[{"count":10,"href":"https:\/\/antcube.shop\/de\/wp-json\/wp\/v2\/pages\/102\/revisions"}],"predecessor-version":[{"id":11083,"href":"https:\/\/antcube.shop\/de\/wp-json\/wp\/v2\/pages\/102\/revisions\/11083"}],"wp:featuredmedia":[{"embeddable":true,"href":"https:\/\/antcube.shop\/de\/wp-json\/wp\/v2\/media\/27"}],"wp:attachment":[{"href":"https:\/\/antcube.shop\/de\/wp-json\/wp\/v2\/media?parent=102"}],"curies":[{"name":"wp","href":"https:\/\/api.w.org\/{rel}","templated":true}]}}