{"id":9887,"date":"2024-10-08T15:19:57","date_gmt":"2024-10-08T13:19:57","guid":{"rendered":"https:\/\/antcube.shop\/en\/product\/ameisenarena-rahmen-60x30-5cm\/"},"modified":"2026-04-12T10:29:13","modified_gmt":"2026-04-12T08:29:13","slug":"myrearena-ramme-60x30-5cm","status":"publish","type":"product","link":"https:\/\/antcube.shop\/da\/vare\/myrearena-ramme-60x30-5cm\/","title":{"rendered":"Ramme til myrearena 60\u00d730 - 5cm"},"content":{"rendered":"<p><strong>M\u00e5l (LxBxH):<\/strong> 60x30x0,4 cm<br \/>\n5 cm bred<\/p>\n<p><span data-text-color=\"alert\"><strong>OBS: Passer kun til vores glas- og gitterovertr\u00e6k 60\u00d730!<\/strong><\/span><\/p>\n<p><strong>Materiale:<\/strong> Floatglas<\/p>\n<p><strong>Farve:<\/strong> krystalklar \/ gennemsigtig<\/p>\n<p><strong>Indhold:<\/strong><br \/>\n1x ramme til myre arena<\/p>\n<p><strong>Beskrivelse:<\/strong><br \/>\nGlasramme til myrearenaen som flugtbeskyttelse<\/p>\n<p><strong>Anvendelse:<\/strong><br \/>\nMyretue-rammen er en ramme af glas, der placeres oven p\u00e5 en myretue og forsynes med en flugtbeskyttelse (olie, pulver eller lak) p\u00e5 undersiden for at forhindre myrer i at bryde ud.<\/p>\n<p><strong>Bem\u00e6rk:<\/strong><br \/>\nDa varen er lavet af glas og derfor er skr\u00f8belig, skal den h\u00e5ndteres med stor forsigtighed. Glasset er sk\u00e5ret til i henhold til DIN 1249 med en tolerance p\u00e5 +\/- 1 mm. Ekstra beskyttelse mod udbrud er afg\u00f8rende for ekstremt sm\u00e5 myrearter.<\/p>","protected":false},"excerpt":{"rendered":"<p>M\u00e5l (LxBxH): 60x30x0,4 cm 5cm bred OBS: Passer kun til vores glas+gitterovertr\u00e6k 60x30! Materiale: Floatglas Farve: krystalklar\/gennemsigtig Indhold: 1x ramme til myrearena Beskrivelse: Glasramme til myrearenaen som flugtbeskyttelse Anvendelse: Myretue-rammen er en ramme af glas, der placeres oven p\u00e5 en myretue.","protected":false},"featured_media":10125,"comment_status":"open","ping_status":"closed","template":"","meta":{"_acf_changed":false,"content-type":"","_monsterinsights_skip_tracking":false,"_monsterinsights_sitenote_active":false,"_monsterinsights_sitenote_note":"","_monsterinsights_sitenote_category":0},"product_brand":[484],"product_cat":[91,93],"product_tag":[],"class_list":{"0":"post-9887","1":"product","2":"type-product","3":"status-publish","4":"has-post-thumbnail","6":"product_brand-antcube","7":"product_cat-formicarium-modules","8":"product_cat-arena-frame","10":"first","11":"instock","12":"taxable","13":"shipping-taxable","14":"purchasable","15":"product-type-simple"},"acf":[],"aioseo_notices":[],"jetpack_sharing_enabled":true,"_links":{"self":[{"href":"https:\/\/antcube.shop\/da\/wp-json\/wp\/v2\/product\/9887","targetHints":{"allow":["GET"]}}],"collection":[{"href":"https:\/\/antcube.shop\/da\/wp-json\/wp\/v2\/product"}],"about":[{"href":"https:\/\/antcube.shop\/da\/wp-json\/wp\/v2\/types\/product"}],"replies":[{"embeddable":true,"href":"https:\/\/antcube.shop\/da\/wp-json\/wp\/v2\/comments?post=9887"}],"wp:featuredmedia":[{"embeddable":true,"href":"https:\/\/antcube.shop\/da\/wp-json\/wp\/v2\/media\/10125"}],"wp:attachment":[{"href":"https:\/\/antcube.shop\/da\/wp-json\/wp\/v2\/media?parent=9887"}],"wp:term":[{"taxonomy":"product_brand","embeddable":true,"href":"https:\/\/antcube.shop\/da\/wp-json\/wp\/v2\/product_brand?post=9887"},{"taxonomy":"product_cat","embeddable":true,"href":"https:\/\/antcube.shop\/da\/wp-json\/wp\/v2\/product_cat?post=9887"},{"taxonomy":"product_tag","embeddable":true,"href":"https:\/\/antcube.shop\/da\/wp-json\/wp\/v2\/product_tag?post=9887"}],"curies":[{"name":"wp","href":"https:\/\/api.w.org\/{rel}","templated":true}]}}