{"id":9880,"date":"2024-10-08T15:15:23","date_gmt":"2024-10-08T13:15:23","guid":{"rendered":"https:\/\/antcube.shop\/en\/product\/plantcube-vivarium-mini-nano-biologicum-tropical-domus\/"},"modified":"2026-04-03T21:16:10","modified_gmt":"2026-04-03T19:16:10","slug":"plantcube-vivarium-biom-bundle","status":"publish","type":"product","link":"https:\/\/antcube.shop\/da\/vare\/plantcube-vivarium-biom-bundle\/","title":{"rendered":"PLANTCUBE - Vivarium 20x20x20 Biom Bundle"},"content":{"rendered":"<h1><strong>F\u00c5 ET STYKKE NATUR TIL DIT HJEM<\/strong><\/h1>\n<p><strong>Indhold:<\/strong><br \/>\n1x PLANTCUBE Vivarium 20x20x20 Biom<br \/>\n1x d\u00e6ksel 20\u00d720 (2x hul 50mm)<br \/>\n1x pude 20\u00d720<br \/>\n2x Grid insert acrylic &#8211; 50 mm with sealing ring<br \/>\n2x Grid insert acrylic &#8211; 27 mm with sealing ring<br \/>\n2x propper til 10 mm hul<br \/>\n1x fastg\u00f8relsespuder til d\u00e6ksel (4 stk.)<\/p>\n<p>Glastankterning 20x20x20 cm med 2 x 27 mm hul i siden og 2 x 10 mm hul i siden<br \/>\nDet 27 mm store hul (midtpunkt) er 8,5 cm h\u00f8jt.<\/p>\n<p><strong>Dimensioner:<\/strong> 200 x 200 x 200 x 200 mm; 4 mm glastykkelse<\/p>\n<p><strong>Materiale:<\/strong> floatglas<\/p>\n<p><strong>\u00c5bninger i siden:<\/strong><br \/>\n2x hul 27 mm<br \/>\n2x hul 10 mm<\/p>\n<p>Med vores PLANTCUBE Vivariums kan du designe dit eget levende kunstv\u00e6rk til din stue. Du kan ogs\u00e5 holde sm\u00e5 dyr i en PLANTCUBE, s\u00e5 der er ingen gr\u00e6nser for din kreativitet.<\/p>\n<h2><strong>Tilpas din PLANTCUBE til dine egne eller dine planter og dyrs behov:<\/strong><\/h2>\n<p>De to 10 mm huller p\u00e5 siden, der er placeret i 2 cm h\u00f8jde (midten) fra bunden, er til at dr\u00e6ne overskydende vand. Du kan f.eks. bruge vores gennemsigtige slange 10\/06 mm til at dr\u00e6ne vandet. De to 50 mm-huller kan enten lukkes med de medf\u00f8lgende propper eller fungere som ekstra ventilation, n\u00e5r de er udstyret med gitterindsatser. Du kan endda forbinde to ops\u00e6tninger her via et akrylr\u00f8r. Hvis du har dyr i dit vivarium, kan de p\u00e5 den m\u00e5de frit bev\u00e6ge sig fra den ene opstilling til den anden.<\/p>\n<p>Med vores passende rammer, gitterindsatser eller -propper, lamper og klimaanl\u00e6g kan vivariets l\u00e5g tilpasses fleksibelt. Vores d\u00e6ksler kan via de to 50 mm huller udstyres med propper eller gitterindsatser for at opn\u00e5 den \u00f8nskede luftfugtighed eller en st\u00e6rkere ventilation. Desuden kan lampeudtag, ventilatorer eller t\u00e5geapparater ogs\u00e5 tilsluttes direkte i 50 mm-hullerne.<\/p>\n<p>Vores rammer er kun n\u00f8dvendige, n\u00e5r man holder myrer. De sikrer vivariet yderligere (n\u00e5r de er belagt med et flugtforebyggende middel) for at undg\u00e5, at dyrene flygter, og forenkler frem for alt vedligeholdelsen i det \u00e5bne vivarium. N\u00e5r man bruger en ramme, kan man desuden tage d\u00e6kslet af, hvis man \u00f8nsker det.<\/p>\n<h2><strong>Hvordan forvandler du din PLANTCUBE til et bioaktivt \u00f8kosystem?<\/strong><\/h2>\n<h3><strong>Lav et dr\u00e6nlag:<\/strong><\/h3>\n<p>For at st\u00f8tte dine planter skal du f\u00f8rst bygge et dr\u00e6nlag inde i dit vivarium. Vi anbefaler, at du bruger 2-3 cm lergranulat (4-8 mm), da det er let. S\u00f8rg for at vaske dem under rindende vand, f\u00f8r du l\u00e6gger dem i, for at fjerne st\u00f8v.<\/p>\n<p>Du kan l\u00e6gge et dr\u00e6nvlies oven p\u00e5 lergranulatet for at adskille dr\u00e6net fra underlaget.<\/p>\n<h3><strong>Hvilke planter og hvilken jord skal man bruge?<\/strong><\/h3>\n<p>Det hele afh\u00e6nger af, hvilken type \"\u00f8kosystem\" du vil skabe. Hvis du vil bygge et \u00f8rken- eller rettere t\u00f8rve-vivarium, skal du bruge planter, der trives i det klima, og bruge den rette jord, som de kan lide at vokse i. For tropiske vivarier er det selvf\u00f8lgelig det samme. Pr\u00f8v at bruge planter fra lignende regioner og\/eller klimaer, s\u00e5 de alle klarer sig godt i samme type jord og klima. En god plantebutik b\u00f8r altid have oplysninger om det klima og den jord, der passer til de planter, de s\u00e6lger.<\/p>\n<p><strong>Vigtigt:<\/strong> Hvis du vil holde planter og dyr sammen, b\u00f8r du aldrig bruge planter, hvor du ikke ved, om de har v\u00e6ret i kontakt med g\u00f8dning eller pesticider. Brug kun planter fra terrariebutikker eller lignende, som er garanteret helt fri for pesticider og g\u00f8dning. Disse kan ellers f\u00f8re til, at dine dyr d\u00f8r.<\/p>\n<h3><strong>Indf\u00f8r et \"oprydningshold\" for at g\u00f8re dit vivarium bioaktivt<\/strong><\/h3>\n<p><strong>Hvad er bioaktivt?<\/strong> Hvad er bioaktivt? Det er det t\u00e6tteste, du kommer p\u00e5 en selvforsynende ops\u00e6tning. Det handler om at tilf\u00f8re den rette jordblanding og organisk materiale, s\u00e5 der kan dannes en mikroflora og den n\u00f8dvendige mikrofauna til at skabe en n\u00e6ringscyklus i dit vivarium.<\/p>\n<p><strong>Vores tip:<\/strong> Vores tip: Tils\u00e6t altid sm\u00e5 dyr som springhaler og isopoder. De er ikke kun en god \"uendelig\" f\u00f8dekilde i sig selv, hvis du \u00f8nsker at holde andre dyr i dit vivarium. De lever is\u00e6r af skimmelsvampe, der kan dannes p\u00e5 grund af h\u00f8j luftfugtighed, og beriger jorden med n\u00e6ringsstoffer, som igen g\u00f8r det muligt for planterne at vokse sundt.<\/p>\n<p>Tils\u00e6t noget tr\u00e6kul i din jord, som hj\u00e6lper mikroberne med at kolonisere den. Mos og korkbark eller hvidt r\u00e5ddent tr\u00e6 ud over bladaffald ser ikke kun naturligt ud i din ops\u00e6tning, de giver ogs\u00e5 n\u00e6ring til dit \"oprydningshold\", giver dem skjulesteder og ynglepladser og er nemme at nedbryde til n\u00e6ringsstoffer for dine planter.<\/p>\n<p><strong>I naturen handler alt om balance<\/strong><br \/>\nDet er dog ikke tilr\u00e5deligt at bruge bestemte arter af isopoder uden at tilf\u00f8je noget, der jager dem, da en isopodpopulation uden rovdyr som for eksempel myrer gerne l\u00f8ber l\u00f8bsk, og planterne i dit vivarium s\u00e5 hurtigt bliver en u\u00f8nsket f\u00f8dekilde. I naturen handler alt om balance.<\/p>\n<p><strong>Yderligere information:<\/strong><br \/>\nGlasset er sk\u00e5ret i henhold til DIN 1249 med en tolerance p\u00e5 +\/- 1 mm. Ved ekstremt sm\u00e5 myrearter er det n\u00f8dvendigt med en ekstra udbryderbeskyttelse.<\/p>\n<div class=\"row\"  id=\"row-815480838\">\n\n\t<div id=\"col-1201181397\" class=\"col small-12 large-12\"  >\n\t\t\t\t<div class=\"col-inner\"  >\n\t\t\t\n\t\t\t\n\t<div id=\"text-29258130\" class=\"text\">\n\t\t\n<h2>Nedenfor kan du finde nogle butikker, som vi kan anbefale, og yderligere information om, hvordan du skaber en unik og bioaktiv PLANTCUBE:<\/h2>\n\t\t\n<style>\n#text-29258130 {\n  font-size: 1rem;\n  text-align: center;\n}\n<\/style>\n\t<\/div>\n\t\n\t<div id=\"gap-387431355\" class=\"gap-element clearfix\" style=\"display:block; height:auto;\">\n\t\t\n<style>\n#gap-387431355 {\n  padding-top: 40px;\n}\n<\/style>\n\t<\/div>\n\t\n\t\t<\/div>\n\t\t\t\t\n<style>\n#col-1201181397 > .col-inner {\n  padding: 30px 0px 0px 0px;\n}\n<\/style>\n\t<\/div>\n\n\t\n\n\t<div id=\"col-528065011\" class=\"col medium-6 small-12 large-6\"  >\n\t\t\t\t<div class=\"col-inner\"  >\n\t\t\t\n\t\t\t\n\n\t<section class=\"section\" id=\"section_1498342712\">\n\t\t<div class=\"section-bg fill\" >\n\t\t\t<img data-recalc-dims=\"1\" loading=\"lazy\" decoding=\"async\" width=\"1020\" height=\"574\" src=\"https:\/\/i0.wp.com\/antcube.shop\/wp-content\/uploads\/2024\/10\/2560x1440_youtube-Banner-2.png?resize=1020%2C574&#038;ssl=1\" class=\"bg attachment- size-\" alt=\"\" \/>\t\t\t\t\t\t\n\t\t\t\n\n\t\t<\/div>\n\n\t\t\n\n\t\t<div class=\"section-content relative\">\n\t\t\t\n<div class=\"row align-center\"  id=\"row-1069669298\">\n\n\t<div id=\"col-159185517\" class=\"col medium-10 small-12 large-10\"  >\n\t\t\t\t<div class=\"col-inner text-center\"  >\n\t\t\t\n\t\t\t\n<h2 class=\"uppercase\">Trin-for-trin-guide p\u00e5 vores blog<\/h2>\n<a href=\"https:\/\/antcube.shop\/en\/2024\/10\/22\/how-to-create-your-bioactive-vivarium\/\" class=\"button primary\" >\n\t\t<span>BLOG<\/span>\n\t<\/a>\n\n\t\t<\/div>\n\t\t\t\t\n<style>\n#col-159185517 > .col-inner {\n  margin: -150px 0px 0px 0px;\n}\n@media (min-width:550px) {\n  #col-159185517 > .col-inner {\n    margin: -200px 0px 0px 0px;\n  }\n}\n<\/style>\n\t<\/div>\n\n\t\n<\/div>\n\t\t<\/div>\n\n\t\t\n<style>\n#section_1498342712 {\n  padding-top: 60px;\n  padding-bottom: 60px;\n  min-height: 300px;\n  background-color: rgb(255,255,255);\n}\n#section_1498342712 .section-bg img {\n  object-position: 50% 0%;\n}\n<\/style>\n\t<\/section>\n\t\n\t\t<\/div>\n\t\t\t\t\t<\/div>\n\n\t\n\n\t<div id=\"col-904420305\" class=\"col medium-6 small-12 large-6\"  >\n\t\t\t\t<div class=\"col-inner\"  >\n\t\t\t\n\t\t\t\n\n\t<section class=\"section\" id=\"section_840300681\">\n\t\t<div class=\"section-bg fill\" >\n\t\t\t<img data-recalc-dims=\"1\" loading=\"lazy\" decoding=\"async\" width=\"1020\" height=\"680\" src=\"https:\/\/i0.wp.com\/antcube.shop\/wp-content\/uploads\/2024\/10\/Collage_FULL-HD_-2-scaled.jpg?resize=1020%2C680&#038;ssl=1\" class=\"bg attachment-original size-original\" alt=\"\" \/>\t\t\t\t\t\t\n\t\t\t\n\n\t\t<\/div>\n\n\t\t\n\n\t\t<div class=\"section-content relative\">\n\t\t\t\n<div class=\"row align-center\"  id=\"row-562008975\">\n\n\t<div id=\"col-1895600125\" class=\"col medium-10 small-12 large-10\"  >\n\t\t\t\t<div class=\"col-inner text-center\"  >\n\t\t\t\n\t\t\t\n<h2 class=\"uppercase\">Yderligere information om plantcube<\/h2>\n<a href=\"https:\/\/antcube.shop\/en\/plantcube\/\" class=\"button primary\" >\n\t\t<span>Plantekube<\/span>\n\t<\/a>\n\n\t\t<\/div>\n\t\t\t\t\n<style>\n#col-1895600125 > .col-inner {\n  margin: -150px 0px 0px 0px;\n}\n@media (min-width:550px) {\n  #col-1895600125 > .col-inner {\n    margin: -200px 0px 0px 0px;\n  }\n}\n<\/style>\n\t<\/div>\n\n\t\n<\/div>\n\t\t<\/div>\n\n\t\t\n<style>\n#section_840300681 {\n  padding-top: 60px;\n  padding-bottom: 60px;\n  min-height: 300px;\n}\n#section_840300681 .section-bg img {\n  object-position: 51% 0%;\n}\n<\/style>\n\t<\/section>\n\t\n\t\t<\/div>\n\t\t\t\t\t<\/div>\n\n\t\n<\/div>","protected":false},"excerpt":{"rendered":"<p>Denne pakke best\u00e5r af 12 dele<\/p>","protected":false},"featured_media":9924,"comment_status":"open","ping_status":"closed","template":"","meta":{"_acf_changed":false,"content-type":"","_monsterinsights_skip_tracking":false,"_monsterinsights_sitenote_active":false,"_monsterinsights_sitenote_note":"","_monsterinsights_sitenote_category":0},"product_brand":[483],"product_cat":[257,341],"product_tag":[],"class_list":{"0":"post-9880","1":"product","2":"type-product","3":"status-publish","4":"has-post-thumbnail","6":"product_brand-plantcube","7":"product_cat-new-innovatve-products","8":"product_cat-vivariums","10":"first","11":"instock","12":"taxable","13":"shipping-taxable","14":"purchasable","15":"product-type-simple"},"acf":[],"aioseo_notices":[],"jetpack_sharing_enabled":true,"_links":{"self":[{"href":"https:\/\/antcube.shop\/da\/wp-json\/wp\/v2\/product\/9880","targetHints":{"allow":["GET"]}}],"collection":[{"href":"https:\/\/antcube.shop\/da\/wp-json\/wp\/v2\/product"}],"about":[{"href":"https:\/\/antcube.shop\/da\/wp-json\/wp\/v2\/types\/product"}],"replies":[{"embeddable":true,"href":"https:\/\/antcube.shop\/da\/wp-json\/wp\/v2\/comments?post=9880"}],"wp:featuredmedia":[{"embeddable":true,"href":"https:\/\/antcube.shop\/da\/wp-json\/wp\/v2\/media\/9924"}],"wp:attachment":[{"href":"https:\/\/antcube.shop\/da\/wp-json\/wp\/v2\/media?parent=9880"}],"wp:term":[{"taxonomy":"product_brand","embeddable":true,"href":"https:\/\/antcube.shop\/da\/wp-json\/wp\/v2\/product_brand?post=9880"},{"taxonomy":"product_cat","embeddable":true,"href":"https:\/\/antcube.shop\/da\/wp-json\/wp\/v2\/product_cat?post=9880"},{"taxonomy":"product_tag","embeddable":true,"href":"https:\/\/antcube.shop\/da\/wp-json\/wp\/v2\/product_tag?post=9880"}],"curies":[{"name":"wp","href":"https:\/\/api.w.org\/{rel}","templated":true}]}}