{"id":9353,"date":"2024-09-17T16:29:37","date_gmt":"2024-09-17T14:29:37","guid":{"rendered":"https:\/\/antcube.shop\/en\/product\/tranke-cube-gros\/"},"modified":"2026-04-03T22:18:17","modified_gmt":"2026-04-03T20:18:17","slug":"tranke-cube-gros","status":"publish","type":"product","link":"https:\/\/antcube.shop\/da\/vare\/tranke-cube-gros\/","title":{"rendered":"Drikketrug Cube large"},"content":{"rendered":"<p><strong>Dimensioner:<\/strong> 35x25x28mm, 10ml<\/p>\n<p><strong>Farve:<\/strong> krystalklart<\/p>\n<p><strong>Materiale:<\/strong> PMMA<\/p>\n<p><strong>Beskrivelse:<\/strong> Det giver myrerne mulighed for at forsyne sig selv med tilstr\u00e6kkelig fugt i deres formicarium. Vandets overfladesp\u00e6nding forhindrer drikken i at l\u00e6kke.<\/p>\n<p><strong>V\u00e6r forsigtig:<\/strong><br \/>\nHvis der er tale om sm\u00e5 myrearter, skal der placeres en svamp, et gitter eller fint sand foran udgangen til drikkekassen for en sikkerheds skyld. Ellers kan enkelte arbejdere komme ind i drikkemaskinen. En 14 mm svamp passer perfekt.<\/p>","protected":false},"excerpt":{"rendered":"<p><strong>Dimensioner:<\/strong> 35x25x28mm, 10ml<\/p>","protected":false},"featured_media":9440,"comment_status":"open","ping_status":"closed","template":"","meta":{"_acf_changed":false,"content-type":"","_monsterinsights_skip_tracking":false,"_monsterinsights_sitenote_active":false,"_monsterinsights_sitenote_note":"","_monsterinsights_sitenote_category":0},"product_brand":[],"product_cat":[115,117],"product_tag":[],"class_list":{"0":"post-9353","1":"product","2":"type-product","3":"status-publish","4":"has-post-thumbnail","6":"product_cat-food-and-feeding","7":"product_cat-drinkers-for-ants","9":"first","10":"instock","11":"taxable","12":"shipping-taxable","13":"purchasable","14":"product-type-simple"},"acf":[],"aioseo_notices":[],"jetpack_sharing_enabled":true,"_links":{"self":[{"href":"https:\/\/antcube.shop\/da\/wp-json\/wp\/v2\/product\/9353","targetHints":{"allow":["GET"]}}],"collection":[{"href":"https:\/\/antcube.shop\/da\/wp-json\/wp\/v2\/product"}],"about":[{"href":"https:\/\/antcube.shop\/da\/wp-json\/wp\/v2\/types\/product"}],"replies":[{"embeddable":true,"href":"https:\/\/antcube.shop\/da\/wp-json\/wp\/v2\/comments?post=9353"}],"wp:featuredmedia":[{"embeddable":true,"href":"https:\/\/antcube.shop\/da\/wp-json\/wp\/v2\/media\/9440"}],"wp:attachment":[{"href":"https:\/\/antcube.shop\/da\/wp-json\/wp\/v2\/media?parent=9353"}],"wp:term":[{"taxonomy":"product_brand","embeddable":true,"href":"https:\/\/antcube.shop\/da\/wp-json\/wp\/v2\/product_brand?post=9353"},{"taxonomy":"product_cat","embeddable":true,"href":"https:\/\/antcube.shop\/da\/wp-json\/wp\/v2\/product_cat?post=9353"},{"taxonomy":"product_tag","embeddable":true,"href":"https:\/\/antcube.shop\/da\/wp-json\/wp\/v2\/product_tag?post=9353"}],"curies":[{"name":"wp","href":"https:\/\/api.w.org\/{rel}","templated":true}]}}