{"id":9347,"date":"2024-09-17T16:26:39","date_gmt":"2024-09-17T14:26:39","guid":{"rendered":"https:\/\/antcube.shop\/en\/product\/antcube-popcorn-nest-40x20-l\/"},"modified":"2026-01-12T12:40:06","modified_gmt":"2026-01-12T11:40:06","slug":"antcube-popcorn-rede-40x20-l","status":"publish","type":"product","link":"https:\/\/antcube.shop\/da\/vare\/antcube-popcorn-rede-40x20-l\/","title":{"rendered":"ANTCUBE - Popcornrede 40\u00d720 - L"},"content":{"rendered":"<p><strong>Dimensioner:<\/strong> 383x160x19 mm<\/p>\n<p><strong>Materiale:<\/strong> Popcorn presset med sukrose og protein<\/p>\n<p><strong>Passer kun til<\/strong> i vores st\u00f8rrelse L myrefarme<\/p>\n<p><strong>Beskrivelse:<\/strong> Denne popcornrede med pr\u00e6fabrikerede gange og kamre er perfekt som kornkammer for f.eks. messormyrer, men ogs\u00e5 for andre myrearter, der samler korn. Den har et hul, som giver adgang til boet. Popcornreden absorberer fugt og kan krympe som f\u00f8lge heraf, s\u00e5<strong> Den skal altid holdes t\u00f8r.<\/strong> Messor barbarus accepterer vores ANTCUBE-popcornrede meget godt som kornkammer. Med tiden begynder myrerne at udvide popcornboet og \u00e6de sig gennem redematerialet.<\/p>\n<p>Popcornboet b\u00f8r kun bruges til myrearter, der kr\u00e6ver meget lidt eller ingen fugt i boomr\u00e5det.<\/p>","protected":false},"excerpt":{"rendered":"<p>St\u00f8rrelse: <strong>L<\/strong><\/p>","protected":false},"featured_media":9462,"comment_status":"open","ping_status":"closed","template":"","meta":{"_acf_changed":false,"content-type":"","_monsterinsights_skip_tracking":false,"_monsterinsights_sitenote_active":false,"_monsterinsights_sitenote_note":"","_monsterinsights_sitenote_category":0},"product_brand":[484],"product_cat":[257,344,87],"product_tag":[],"class_list":{"0":"post-9347","1":"product","2":"type-product","3":"status-publish","4":"has-post-thumbnail","6":"product_brand-antcube","7":"product_cat-new-innovatve-products","8":"product_cat-popcorn","9":"product_cat-nest-insets","11":"first","12":"instock","13":"taxable","14":"shipping-taxable","15":"purchasable","16":"product-type-simple"},"acf":[],"aioseo_notices":[],"jetpack_sharing_enabled":true,"_links":{"self":[{"href":"https:\/\/antcube.shop\/da\/wp-json\/wp\/v2\/product\/9347","targetHints":{"allow":["GET"]}}],"collection":[{"href":"https:\/\/antcube.shop\/da\/wp-json\/wp\/v2\/product"}],"about":[{"href":"https:\/\/antcube.shop\/da\/wp-json\/wp\/v2\/types\/product"}],"replies":[{"embeddable":true,"href":"https:\/\/antcube.shop\/da\/wp-json\/wp\/v2\/comments?post=9347"}],"wp:featuredmedia":[{"embeddable":true,"href":"https:\/\/antcube.shop\/da\/wp-json\/wp\/v2\/media\/9462"}],"wp:attachment":[{"href":"https:\/\/antcube.shop\/da\/wp-json\/wp\/v2\/media?parent=9347"}],"wp:term":[{"taxonomy":"product_brand","embeddable":true,"href":"https:\/\/antcube.shop\/da\/wp-json\/wp\/v2\/product_brand?post=9347"},{"taxonomy":"product_cat","embeddable":true,"href":"https:\/\/antcube.shop\/da\/wp-json\/wp\/v2\/product_cat?post=9347"},{"taxonomy":"product_tag","embeddable":true,"href":"https:\/\/antcube.shop\/da\/wp-json\/wp\/v2\/product_tag?post=9347"}],"curies":[{"name":"wp","href":"https:\/\/api.w.org\/{rel}","templated":true}]}}