{"id":9346,"date":"2024-09-17T16:26:01","date_gmt":"2024-09-17T14:26:01","guid":{"rendered":"https:\/\/antcube.shop\/en\/product\/ameisenarena-abdeckung-30x15\/"},"modified":"2026-04-09T14:37:43","modified_gmt":"2026-04-09T12:37:43","slug":"ameisenarena-abdeckung-30x15","status":"publish","type":"product","link":"https:\/\/antcube.shop\/da\/vare\/ameisenarena-abdeckung-30x15\/","title":{"rendered":"Myrernes arena d\u00e6kker 30\u00d715"},"content":{"rendered":"<p><strong>M\u00e5l (LxBxH):<\/strong> 30x15x0,4 cm<\/p>\n<p><strong>Materiale:<\/strong> floatglas<\/p>\n<p><strong>Farve:<\/strong> krystalklar \/ gennemsigtig<\/p>\n<p><strong>Indhold:<\/strong><br \/>\n1x d\u00e6kning af myre arena<br \/>\n1x fastg\u00f8relsespunkter \u00e0 4 stk.<\/p>\n<p><strong>Beskrivelse:<\/strong><br \/>\nGlasd\u00e6ksel til myrearenaen som flugtbeskyttelse. Velegnet til vores v\u00e6gmyretuer.<\/p>\n<p><strong>Anvendelse:<\/strong><br \/>\nGlasmyret\u00e6ppet placeres p\u00e5 en myrearena og bruges ogs\u00e5 til klimaregulering.<br \/>\nI 50 mm-\u00e5bningerne kan der inds\u00e6ttes forskellige moduler til klimastyring, f.eks. ventilationsgitre, belysning eller befugtning.<br \/>\nFor at forhindre myrer i at bryde ud gennem \u00e5bningerne, skal der p\u00e5f\u00f8res en flugtbeskyttelse (olie, pulver eller lak) p\u00e5 undersiden omkring hullerne.<\/p>\n<p><strong>Bem\u00e6rk:<\/strong><br \/>\nDa genstanden er lavet af glas og derfor er skr\u00f8belig, skal den h\u00e5ndteres med stor forsigtighed.<\/p>","protected":false},"excerpt":{"rendered":"<p>M\u00e5l (LxBxH): 30x15x0,4 cm Materiale: floatglas Farve: krystalklar\/transparent Indhold: 1x ant arena cover 1x fastg\u00f8relsespunkter \u00e0 4 stk. Beskrivelse: Glasd\u00e6ksel til myrearenaen som flugtbeskyttelse. Passer til vores v\u00e6gmyretuer. Anvendelse: Glasd\u00e6kslet til myreboet placeres p\u00e5 et myrebo og bruges ogs\u00e5","protected":false},"featured_media":9465,"comment_status":"open","ping_status":"closed","template":"","meta":{"_acf_changed":false,"content-type":"","_monsterinsights_skip_tracking":false,"_monsterinsights_sitenote_active":false,"_monsterinsights_sitenote_note":"","_monsterinsights_sitenote_category":0},"product_brand":[484],"product_cat":[91,92],"product_tag":[],"class_list":{"0":"post-9346","1":"product","2":"type-product","3":"status-publish","4":"has-post-thumbnail","6":"product_brand-antcube","7":"product_cat-formicarium-modules","8":"product_cat-arena-cover","10":"first","11":"instock","12":"taxable","13":"shipping-taxable","14":"purchasable","15":"product-type-simple"},"acf":[],"aioseo_notices":[],"jetpack_sharing_enabled":true,"_links":{"self":[{"href":"https:\/\/antcube.shop\/da\/wp-json\/wp\/v2\/product\/9346","targetHints":{"allow":["GET"]}}],"collection":[{"href":"https:\/\/antcube.shop\/da\/wp-json\/wp\/v2\/product"}],"about":[{"href":"https:\/\/antcube.shop\/da\/wp-json\/wp\/v2\/types\/product"}],"replies":[{"embeddable":true,"href":"https:\/\/antcube.shop\/da\/wp-json\/wp\/v2\/comments?post=9346"}],"wp:featuredmedia":[{"embeddable":true,"href":"https:\/\/antcube.shop\/da\/wp-json\/wp\/v2\/media\/9465"}],"wp:attachment":[{"href":"https:\/\/antcube.shop\/da\/wp-json\/wp\/v2\/media?parent=9346"}],"wp:term":[{"taxonomy":"product_brand","embeddable":true,"href":"https:\/\/antcube.shop\/da\/wp-json\/wp\/v2\/product_brand?post=9346"},{"taxonomy":"product_cat","embeddable":true,"href":"https:\/\/antcube.shop\/da\/wp-json\/wp\/v2\/product_cat?post=9346"},{"taxonomy":"product_tag","embeddable":true,"href":"https:\/\/antcube.shop\/da\/wp-json\/wp\/v2\/product_tag?post=9346"}],"curies":[{"name":"wp","href":"https:\/\/api.w.org\/{rel}","templated":true}]}}