{"id":9345,"date":"2024-09-17T16:25:36","date_gmt":"2024-09-17T14:25:36","guid":{"rendered":"https:\/\/antcube.shop\/en\/product\/ameisenarena-rahmen-30x15\/"},"modified":"2026-03-16T10:36:55","modified_gmt":"2026-03-16T09:36:55","slug":"ameisenarena-rahmen-30x15","status":"publish","type":"product","link":"https:\/\/antcube.shop\/da\/vare\/ameisenarena-rahmen-30x15\/","title":{"rendered":"Ramme til myrearena 30\u00d715"},"content":{"rendered":"<p><strong>M\u00e5l (LxBxH):<\/strong> 30x15x0,4 cm<\/p>\n<p><strong>Materiale:<\/strong> floatglas<\/p>\n<p><strong>Farve:<\/strong> krystalklar \/ gennemsigtig<\/p>\n<p><strong>Indhold:<\/strong><br \/>\n1x ramme til myre arena<\/p>\n<p><strong>Beskrivelse:<\/strong><br \/>\nGlasramme til myrearenaen som flugtbeskyttelse. Passer til vores myreboder p\u00e5 v\u00e6ggen.<\/p>\n<p><strong>Anvendelse:<\/strong><br \/>\nMyretue-rammen er en ramme af glas, der placeres oven p\u00e5 en myretue og forsynes med en flugtbeskyttelse (olie, pulver eller lak) p\u00e5 undersiden for at forhindre myrer i at bryde ud.<\/p>\n<p><strong>Bem\u00e6rk:<\/strong><br \/>\nDa varen er lavet af glas og derfor er skr\u00f8belig, skal den h\u00e5ndteres med stor forsigtighed. Glasset er sk\u00e5ret til i henhold til DIN 1249 med en tolerance p\u00e5 +\/- 1 mm. Ekstra beskyttelse mod udbrud er afg\u00f8rende for ekstremt sm\u00e5 myrearter.<\/p>","protected":false},"excerpt":{"rendered":"<p>M\u00e5l (LxBxH): 30x15x0,4 cm Materiale: floatglas Farve: krystalklar\/gennemsigtig Indhold: 1x myretue-ramme Beskrivelse: Glasramme til myrearenaen som flugtbeskyttelse. Passer til vores v\u00e6gmyretuer. Anvendelse: Myretue-rammen er en ramme lavet af glas, der placeres oven p\u00e5 en myretue og giver","protected":false},"featured_media":9466,"comment_status":"open","ping_status":"closed","template":"","meta":{"_acf_changed":false,"content-type":"","_monsterinsights_skip_tracking":false,"_monsterinsights_sitenote_active":false,"_monsterinsights_sitenote_note":"","_monsterinsights_sitenote_category":0},"product_brand":[484],"product_cat":[91,93],"product_tag":[],"class_list":{"0":"post-9345","1":"product","2":"type-product","3":"status-publish","4":"has-post-thumbnail","6":"product_brand-antcube","7":"product_cat-formicarium-modules","8":"product_cat-arena-frame","10":"first","11":"instock","12":"taxable","13":"shipping-taxable","14":"purchasable","15":"product-type-simple"},"acf":[],"aioseo_notices":[],"jetpack_sharing_enabled":true,"_links":{"self":[{"href":"https:\/\/antcube.shop\/da\/wp-json\/wp\/v2\/product\/9345","targetHints":{"allow":["GET"]}}],"collection":[{"href":"https:\/\/antcube.shop\/da\/wp-json\/wp\/v2\/product"}],"about":[{"href":"https:\/\/antcube.shop\/da\/wp-json\/wp\/v2\/types\/product"}],"replies":[{"embeddable":true,"href":"https:\/\/antcube.shop\/da\/wp-json\/wp\/v2\/comments?post=9345"}],"wp:featuredmedia":[{"embeddable":true,"href":"https:\/\/antcube.shop\/da\/wp-json\/wp\/v2\/media\/9466"}],"wp:attachment":[{"href":"https:\/\/antcube.shop\/da\/wp-json\/wp\/v2\/media?parent=9345"}],"wp:term":[{"taxonomy":"product_brand","embeddable":true,"href":"https:\/\/antcube.shop\/da\/wp-json\/wp\/v2\/product_brand?post=9345"},{"taxonomy":"product_cat","embeddable":true,"href":"https:\/\/antcube.shop\/da\/wp-json\/wp\/v2\/product_cat?post=9345"},{"taxonomy":"product_tag","embeddable":true,"href":"https:\/\/antcube.shop\/da\/wp-json\/wp\/v2\/product_tag?post=9345"}],"curies":[{"name":"wp","href":"https:\/\/api.w.org\/{rel}","templated":true}]}}