{"id":9330,"date":"2024-09-17T16:18:59","date_gmt":"2024-09-17T14:18:59","guid":{"rendered":"https:\/\/antcube.shop\/en\/product\/alpha-ants-mini-scheibenmagnet-eckig\/"},"modified":"2026-03-31T18:19:04","modified_gmt":"2026-03-31T16:19:04","slug":"alpha-ants-mini-scheibenmagnet-eckig","status":"publish","type":"product","link":"https:\/\/antcube.shop\/da\/vare\/alpha-ants-mini-scheibenmagnet-eckig\/","title":{"rendered":"Alpha Ants mini diskmagnet - firkantet"},"content":{"rendered":"<p><strong>Beskrivelse:<\/strong> Kender du problemet: Dine myrer har igen lavet rod i ruderne i boet eller d\u00e6kket dem med sand? Med denne lille miniskivemagnet kan du rydde passager og kamre i akvariet.<\/p>\n<p>Det er ekstra st\u00e6rke kvalitetsmagneter. Du kan bruge en styremagnet til at flytte den lille reng\u00f8ringsmagnet rundt i formicariet og reng\u00f8re snavsede ruder indefra.<\/p>\n<p><strong>Bem\u00e6rk:<\/strong> Lad ikke magneterne kollidere (st\u00f8de sammen), da de er skr\u00f8belige.<\/p>\n<p><strong>Indhold:<\/strong> 2 ekstra st\u00e6rke skivemagneter (10x10x4 mm og 3x2x2 mm)<\/p>","protected":false},"excerpt":{"rendered":"<p>Beskrivelse: Kender du problemet: Dine myrer har igen lavet rod i ruderne i boet eller d\u00e6kket dem med sand? Med denne lille miniskivemagnet kan du rydde passager og kamre i akvariet. Det er ekstra st\u00e6rke kvalitetsmagneter. Du kan bruge en styremagnet til at flytte","protected":false},"featured_media":9804,"comment_status":"open","ping_status":"closed","template":"","meta":{"_acf_changed":false,"content-type":"","_monsterinsights_skip_tracking":false,"_monsterinsights_sitenote_active":false,"_monsterinsights_sitenote_note":"","_monsterinsights_sitenote_category":0},"product_brand":[],"product_cat":[237],"product_tag":[],"class_list":{"0":"post-9330","1":"product","2":"type-product","3":"status-publish","4":"has-post-thumbnail","6":"product_cat-tools","8":"first","9":"instock","10":"taxable","11":"shipping-taxable","12":"purchasable","13":"product-type-simple"},"acf":[],"aioseo_notices":[],"jetpack_sharing_enabled":true,"_links":{"self":[{"href":"https:\/\/antcube.shop\/da\/wp-json\/wp\/v2\/product\/9330","targetHints":{"allow":["GET"]}}],"collection":[{"href":"https:\/\/antcube.shop\/da\/wp-json\/wp\/v2\/product"}],"about":[{"href":"https:\/\/antcube.shop\/da\/wp-json\/wp\/v2\/types\/product"}],"replies":[{"embeddable":true,"href":"https:\/\/antcube.shop\/da\/wp-json\/wp\/v2\/comments?post=9330"}],"wp:featuredmedia":[{"embeddable":true,"href":"https:\/\/antcube.shop\/da\/wp-json\/wp\/v2\/media\/9804"}],"wp:attachment":[{"href":"https:\/\/antcube.shop\/da\/wp-json\/wp\/v2\/media?parent=9330"}],"wp:term":[{"taxonomy":"product_brand","embeddable":true,"href":"https:\/\/antcube.shop\/da\/wp-json\/wp\/v2\/product_brand?post=9330"},{"taxonomy":"product_cat","embeddable":true,"href":"https:\/\/antcube.shop\/da\/wp-json\/wp\/v2\/product_cat?post=9330"},{"taxonomy":"product_tag","embeddable":true,"href":"https:\/\/antcube.shop\/da\/wp-json\/wp\/v2\/product_tag?post=9330"}],"curies":[{"name":"wp","href":"https:\/\/api.w.org\/{rel}","templated":true}]}}