{"id":9329,"date":"2024-09-17T16:18:36","date_gmt":"2024-09-17T14:18:36","guid":{"rendered":"https:\/\/antcube.shop\/en\/product\/alpha-ants-mini-scheibenmagnet-rund\/"},"modified":"2026-03-02T09:49:08","modified_gmt":"2026-03-02T08:49:08","slug":"alpha-ants-mini-disc-magnet-round","status":"publish","type":"product","link":"https:\/\/antcube.shop\/da\/vare\/alpha-ants-mini-disc-magnet-round\/","title":{"rendered":"Alpha Ants mini diskmagnet - rund"},"content":{"rendered":"<p><strong>Beskrivelse:<\/strong> Kender du problemet: Dine myrer har endnu en gang rodet rundt i ruderne i boet eller d\u00e6kket dem med sand? Med disse sm\u00e5 miniskivemagneter 10x10x4 mm og 4x4x2 mm kan du rydde passagerne og kamrene i akvariet igen.<\/p>\n<p>Det er ekstra st\u00e6rke kvalitetsmagneter. Du kan bruge en styremagnet til at flytte den lille reng\u00f8ringsmagnet rundt i formicariet og reng\u00f8re snavsede ruder indefra.<\/p>\n<p><strong>Bem\u00e6rk:<\/strong> Lad ikke magneterne kollidere (st\u00f8de sammen), da de er skr\u00f8belige.<\/p>\n<p><strong>Indhold:<\/strong> 2x filtbelagte ekstra st\u00e6rke skivemagneter.<\/p>","protected":false},"excerpt":{"rendered":"<p>Beskrivelse: Kender du problemet: Dine myrer har endnu en gang rodet rundt i ruderne i boet eller d\u00e6kket dem med sand? Med disse sm\u00e5 miniskivemagneter 10x10x4 mm og 4x4x2 mm kan du rydde passagerne og kamrene i akvariet igen. Det er ekstra st\u00e6rke kvalitetsmagneter. Du","protected":false},"featured_media":9810,"comment_status":"open","ping_status":"closed","template":"","meta":{"_acf_changed":false,"content-type":"","_monsterinsights_skip_tracking":false,"_monsterinsights_sitenote_active":false,"_monsterinsights_sitenote_note":"","_monsterinsights_sitenote_category":0},"product_brand":[],"product_cat":[237],"product_tag":[],"class_list":{"0":"post-9329","1":"product","2":"type-product","3":"status-publish","4":"has-post-thumbnail","6":"product_cat-tools","8":"first","9":"instock","10":"taxable","11":"shipping-taxable","12":"purchasable","13":"product-type-simple"},"acf":[],"aioseo_notices":[],"jetpack_sharing_enabled":true,"_links":{"self":[{"href":"https:\/\/antcube.shop\/da\/wp-json\/wp\/v2\/product\/9329","targetHints":{"allow":["GET"]}}],"collection":[{"href":"https:\/\/antcube.shop\/da\/wp-json\/wp\/v2\/product"}],"about":[{"href":"https:\/\/antcube.shop\/da\/wp-json\/wp\/v2\/types\/product"}],"replies":[{"embeddable":true,"href":"https:\/\/antcube.shop\/da\/wp-json\/wp\/v2\/comments?post=9329"}],"wp:featuredmedia":[{"embeddable":true,"href":"https:\/\/antcube.shop\/da\/wp-json\/wp\/v2\/media\/9810"}],"wp:attachment":[{"href":"https:\/\/antcube.shop\/da\/wp-json\/wp\/v2\/media?parent=9329"}],"wp:term":[{"taxonomy":"product_brand","embeddable":true,"href":"https:\/\/antcube.shop\/da\/wp-json\/wp\/v2\/product_brand?post=9329"},{"taxonomy":"product_cat","embeddable":true,"href":"https:\/\/antcube.shop\/da\/wp-json\/wp\/v2\/product_cat?post=9329"},{"taxonomy":"product_tag","embeddable":true,"href":"https:\/\/antcube.shop\/da\/wp-json\/wp\/v2\/product_tag?post=9329"}],"curies":[{"name":"wp","href":"https:\/\/api.w.org\/{rel}","templated":true}]}}