{"id":9323,"date":"2024-09-17T16:16:22","date_gmt":"2024-09-17T14:16:22","guid":{"rendered":"https:\/\/antcube.shop\/en\/product\/greifzange-60-cm\/"},"modified":"2026-04-09T09:58:37","modified_gmt":"2026-04-09T07:58:37","slug":"griber-60-cm","status":"publish","type":"product","link":"https:\/\/antcube.shop\/da\/vare\/griber-60-cm\/","title":{"rendered":"Griber 60 cm"},"content":{"rendered":"<p><strong>L\u00e6ngde:<\/strong> 60 cm<\/p>\n<p><strong>Beskrivelse:<\/strong> Denne gribearm kan bruges til at arbejde i omr\u00e5der, der er utilg\u00e6ngelige for h\u00e6nderne, og til at fjerne dele fra r\u00f8r eller slanger. Forreste diameter 10,5 mm. Passer gennem et 11 mm hul. Gribeklemmerne har et sp\u00e6nd p\u00e5 20 mm.<\/p>\n<p><strong>Bem\u00e6rk:<\/strong><br \/>\nDer er risiko for skader, hvis kropsdele kommer i klemme i tangen.<\/p>","protected":false},"excerpt":{"rendered":"<p>L\u00e6ngde: 60 cm Beskrivelse: Denne gribearm kan bruges til at arbejde i omr\u00e5der, der er utilg\u00e6ngelige for h\u00e6nderne, og til at fjerne dele fra r\u00f8r eller slanger. Forreste diameter 10,5 mm. Passer gennem et 11 mm hul. Gribeklemmerne har et sp\u00e6nd p\u00e5 20 mm. Bem\u00e6rk: Der er risiko for personskade, hvis kropsdele","protected":false},"featured_media":9580,"comment_status":"open","ping_status":"closed","template":"","meta":{"_acf_changed":false,"content-type":"","_monsterinsights_skip_tracking":false,"_monsterinsights_sitenote_active":false,"_monsterinsights_sitenote_note":"","_monsterinsights_sitenote_category":0},"product_brand":[],"product_cat":[237],"product_tag":[],"class_list":{"0":"post-9323","1":"product","2":"type-product","3":"status-publish","4":"has-post-thumbnail","6":"product_cat-tools","8":"first","9":"instock","10":"taxable","11":"shipping-taxable","12":"purchasable","13":"product-type-simple"},"acf":[],"aioseo_notices":[],"jetpack_sharing_enabled":true,"_links":{"self":[{"href":"https:\/\/antcube.shop\/da\/wp-json\/wp\/v2\/product\/9323","targetHints":{"allow":["GET"]}}],"collection":[{"href":"https:\/\/antcube.shop\/da\/wp-json\/wp\/v2\/product"}],"about":[{"href":"https:\/\/antcube.shop\/da\/wp-json\/wp\/v2\/types\/product"}],"replies":[{"embeddable":true,"href":"https:\/\/antcube.shop\/da\/wp-json\/wp\/v2\/comments?post=9323"}],"wp:featuredmedia":[{"embeddable":true,"href":"https:\/\/antcube.shop\/da\/wp-json\/wp\/v2\/media\/9580"}],"wp:attachment":[{"href":"https:\/\/antcube.shop\/da\/wp-json\/wp\/v2\/media?parent=9323"}],"wp:term":[{"taxonomy":"product_brand","embeddable":true,"href":"https:\/\/antcube.shop\/da\/wp-json\/wp\/v2\/product_brand?post=9323"},{"taxonomy":"product_cat","embeddable":true,"href":"https:\/\/antcube.shop\/da\/wp-json\/wp\/v2\/product_cat?post=9323"},{"taxonomy":"product_tag","embeddable":true,"href":"https:\/\/antcube.shop\/da\/wp-json\/wp\/v2\/product_tag?post=9323"}],"curies":[{"name":"wp","href":"https:\/\/api.w.org\/{rel}","templated":true}]}}