{"id":9320,"date":"2024-09-17T16:15:03","date_gmt":"2024-09-17T14:15:03","guid":{"rendered":"https:\/\/antcube.shop\/en\/product\/formicarienunterlage-20x10cm\/"},"modified":"2026-04-15T18:35:09","modified_gmt":"2026-04-15T16:35:09","slug":"formicarium-pude-20x10cm","status":"publish","type":"product","link":"https:\/\/antcube.shop\/da\/vare\/formicarium-pude-20x10cm\/","title":{"rendered":"Formicarium-pude - 20x10cm"},"content":{"rendered":"<p><strong>Dimensioner:<\/strong> 200 x 100 x 4 mm<\/p>\n<p><strong>Materiale:<\/strong> PE-skum<\/p>\n<p><strong>Farve:<\/strong> gr\u00e5<\/p>\n<p><strong>Indhold:<\/strong> 1 stk.<\/p>\n<p><strong>Beskrivelse:<\/strong><br \/>\nFormicarium-puden er lavet af bl\u00f8dt skum.<br \/>\nDen beskytter b\u00e5de formicariet og det m\u00f8bel, som formicariet st\u00e5r p\u00e5, mod ridser.<br \/>\nT\u00e6ppepuden fungerer ogs\u00e5 som varmeisolering, der kompenserer for de mindste uj\u00e6vnheder og ogs\u00e5 beskytter mod vibrationer.<\/p>","protected":false},"excerpt":{"rendered":"<p>Dimensioner: 200 x 100 x 4mm Materiale: PE-skum Farve: gr\u00e5 Indhold: 1 stk. Beskrivelse: Formicariumpuden er lavet af bl\u00f8dt skum. Den beskytter b\u00e5de formicariet og de m\u00f8bler, som formicariet st\u00e5r p\u00e5, mod ridser. Puden fungerer ogs\u00e5 som varmeisolering, der kompenserer for den mindste uj\u00e6vnhed og ogs\u00e5 beskytter","protected":false},"featured_media":9589,"comment_status":"open","ping_status":"closed","template":"","meta":{"_acf_changed":false,"content-type":"","_monsterinsights_skip_tracking":false,"_monsterinsights_sitenote_active":false,"_monsterinsights_sitenote_note":"","_monsterinsights_sitenote_category":0},"product_brand":[484],"product_cat":[119,239],"product_tag":[],"class_list":{"0":"post-9320","1":"product","2":"type-product","3":"status-publish","4":"has-post-thumbnail","6":"product_brand-antcube","7":"product_cat-formicarium-components","8":"product_cat-useful-additions","10":"first","11":"instock","12":"taxable","13":"shipping-taxable","14":"purchasable","15":"product-type-simple"},"acf":[],"aioseo_notices":[],"jetpack_sharing_enabled":true,"_links":{"self":[{"href":"https:\/\/antcube.shop\/da\/wp-json\/wp\/v2\/product\/9320","targetHints":{"allow":["GET"]}}],"collection":[{"href":"https:\/\/antcube.shop\/da\/wp-json\/wp\/v2\/product"}],"about":[{"href":"https:\/\/antcube.shop\/da\/wp-json\/wp\/v2\/types\/product"}],"replies":[{"embeddable":true,"href":"https:\/\/antcube.shop\/da\/wp-json\/wp\/v2\/comments?post=9320"}],"wp:featuredmedia":[{"embeddable":true,"href":"https:\/\/antcube.shop\/da\/wp-json\/wp\/v2\/media\/9589"}],"wp:attachment":[{"href":"https:\/\/antcube.shop\/da\/wp-json\/wp\/v2\/media?parent=9320"}],"wp:term":[{"taxonomy":"product_brand","embeddable":true,"href":"https:\/\/antcube.shop\/da\/wp-json\/wp\/v2\/product_brand?post=9320"},{"taxonomy":"product_cat","embeddable":true,"href":"https:\/\/antcube.shop\/da\/wp-json\/wp\/v2\/product_cat?post=9320"},{"taxonomy":"product_tag","embeddable":true,"href":"https:\/\/antcube.shop\/da\/wp-json\/wp\/v2\/product_tag?post=9320"}],"curies":[{"name":"wp","href":"https:\/\/api.w.org\/{rel}","templated":true}]}}