{"id":9319,"date":"2024-09-17T16:14:42","date_gmt":"2024-09-17T14:14:42","guid":{"rendered":"https:\/\/antcube.shop\/en\/product\/antcube-rote-folie-60x30-filter\/"},"modified":"2026-03-31T09:51:35","modified_gmt":"2026-03-31T07:51:35","slug":"antcube-rote-folie-60x30-filter","status":"publish","type":"product","link":"https:\/\/antcube.shop\/da\/vare\/antcube-rote-folie-60x30-filter\/","title":{"rendered":"ANTCUBE - R\u00f8d folie 60\u00d730 - Filter"},"content":{"rendered":"<p><strong>Dimensioner:<\/strong> 59x24cm<\/p>\n<p><strong>Materiale:<\/strong> PVC<\/p>\n<p><strong>Beskrivelse:<\/strong> Den r\u00f8de, gennemsigtige film bruges til at give myrerne en fornemmelse af at v\u00e6re under jorden. Vi anbefaler derfor at bruge dette produkt i det mindste delvist i redeomr\u00e5det. Ikke desto mindre kan myrerne stadig nemt observeres i boet. Pr\u00e6cis tilsk\u00e5ret til ANTCUBE \"Myretue 60x30cm S\/M\/L - opretst\u00e5ende\".<\/p>\n<p>Denne filterfilm har en bedre lysfiltereffekt end den normale d\u00e6kfilm. Temperaturbestandig op til 180 \u00b0C<\/p>\n<p>Filterfilmen kl\u00e6ber af sig selv p\u00e5 g\u00e5rden eller redeomr\u00e5det med et let, j\u00e6vnt tryk. Alternativt kan man bruge gennemsigtig tape til fastg\u00f8relse. Det skal blot fastg\u00f8res med to sm\u00e5 strimler i de \u00f8verste hj\u00f8rner, s\u00e5 filmen senere kan l\u00f8ftes for at give et bedre udsyn til redeomr\u00e5det.<\/p>","protected":false},"excerpt":{"rendered":"<p>M\u00e5l: 59x24cm Materiale: PVC Beskrivelse: Den r\u00f8de gennemsigtige film bruges til at give myrerne en underjordisk f\u00f8lelse. Vi anbefaler derfor at bruge dette produkt i det mindste delvist i redeomr\u00e5det. Ikke desto mindre kan myrerne stadig let observeres i boet. Pr\u00e6cis tilsk\u00e5ret til ANTCUBE \"Myretue 60x30cm S\/M\/L - opretst\u00e5ende\". Denne","protected":false},"featured_media":9826,"comment_status":"open","ping_status":"closed","template":"","meta":{"_acf_changed":false,"content-type":"","_monsterinsights_skip_tracking":false,"_monsterinsights_sitenote_active":false,"_monsterinsights_sitenote_note":"","_monsterinsights_sitenote_category":0},"product_brand":[],"product_cat":[119,239],"product_tag":[],"class_list":{"0":"post-9319","1":"product","2":"type-product","3":"status-publish","4":"has-post-thumbnail","6":"product_cat-formicarium-components","7":"product_cat-useful-additions","9":"first","10":"instock","11":"taxable","12":"shipping-taxable","13":"purchasable","14":"product-type-simple"},"acf":[],"aioseo_notices":[],"jetpack_sharing_enabled":true,"_links":{"self":[{"href":"https:\/\/antcube.shop\/da\/wp-json\/wp\/v2\/product\/9319","targetHints":{"allow":["GET"]}}],"collection":[{"href":"https:\/\/antcube.shop\/da\/wp-json\/wp\/v2\/product"}],"about":[{"href":"https:\/\/antcube.shop\/da\/wp-json\/wp\/v2\/types\/product"}],"replies":[{"embeddable":true,"href":"https:\/\/antcube.shop\/da\/wp-json\/wp\/v2\/comments?post=9319"}],"wp:featuredmedia":[{"embeddable":true,"href":"https:\/\/antcube.shop\/da\/wp-json\/wp\/v2\/media\/9826"}],"wp:attachment":[{"href":"https:\/\/antcube.shop\/da\/wp-json\/wp\/v2\/media?parent=9319"}],"wp:term":[{"taxonomy":"product_brand","embeddable":true,"href":"https:\/\/antcube.shop\/da\/wp-json\/wp\/v2\/product_brand?post=9319"},{"taxonomy":"product_cat","embeddable":true,"href":"https:\/\/antcube.shop\/da\/wp-json\/wp\/v2\/product_cat?post=9319"},{"taxonomy":"product_tag","embeddable":true,"href":"https:\/\/antcube.shop\/da\/wp-json\/wp\/v2\/product_tag?post=9319"}],"curies":[{"name":"wp","href":"https:\/\/api.w.org\/{rel}","templated":true}]}}