{"id":9316,"date":"2024-09-17T16:13:38","date_gmt":"2024-09-17T14:13:38","guid":{"rendered":"https:\/\/antcube.shop\/en\/product\/ameisen-ausbruchsschutz-lack-10ml\/"},"modified":"2026-04-17T03:08:06","modified_gmt":"2026-04-17T01:08:06","slug":"ameisen-ausbruchsschutz-lack-10ml","status":"publish","type":"product","link":"https:\/\/antcube.shop\/da\/vare\/ameisen-ausbruchsschutz-lack-10ml\/","title":{"rendered":"Lak til beskyttelse mod myreudbrud 10 ml"},"content":{"rendered":"<p><strong>Indhold:<\/strong> 10 ml (ufortyndet nok til ca. 10 meter af en 20 mm bred strimmel)<\/p>\n<p><strong>Farve:<\/strong> m\u00e6lkehvid<\/p>\n<p><strong>Materiale:<\/strong> PTFE-baseret<\/p>\n<p><strong>Beskrivelse:<\/strong> Lakken er den ideelle beskyttelse mod udbrud for myrer; en type plast, som ogs\u00e5 ofte bruges som antikl\u00e6bemiddel - ogs\u00e5 anbefalet af forskerne H\u00f6lldobler og Wilson som beskyttelse mod udbrud i myrehold. Myrerne finder intet greb p\u00e5 den p\u00e5f\u00f8rte film og glider af. Bel\u00e6gningen er langtidsholdbar og skal derfor ikke fornyes s\u00e5 ofte som andre alternativer.<\/p>\n<p><strong>Fordel:<\/strong><br \/>\n- Hvis den p\u00e5f\u00f8res rent, er det ikke n\u00f8dvendigt at forny den.<br \/>\n- Ideel til glasoverflader.<\/p>\n<p><strong>Ulempe:<\/strong><br \/>\n- Ikke egnet til formicaria med h\u00f8j luftfugtighed, da lakken er vandopl\u00f8selig.<br \/>\n- Lakken er ikke s\u00e5 velegnet til plastoverflader, da disse er selvsm\u00f8rende.<br \/>\n- P\u00e5f\u00f8ringen skal \u00f8ves p\u00e5 forh\u00e5nd, da den \"lakerede\" overflade ikke m\u00e5 blive ru eller ridset.<\/p>\n<p><strong>Anvendelse:<\/strong> Ryst godt f\u00f8r brug. Lakken kan bruges som den er, eller fortyndes med vand op til maksimalt 1:10. Den kan p\u00e5f\u00f8res med en pensel eller blot dryppes forsigtigt p\u00e5 de overflader, der skal behandles. Filmen skal v\u00e6re ca. 3 gange s\u00e5 bred i kanten, som myrerne er lange. Den nemmeste m\u00e5de at g\u00f8re dette p\u00e5 er at maskere omr\u00e5det med tape og p\u00e5f\u00f8re malingen liggende p\u00e5 siden af tanken. T\u00f8rretiden pr. side er ca. 45 minutter, men kan variere lidt afh\u00e6ngigt af p\u00e5f\u00f8ringens tykkelse.<\/p>\n<p><strong>Vigtig bem\u00e6rkning:<\/strong> Undg\u00e5 kontakt med \u00f8jnene. I tilf\u00e6lde af kontakt med \u00f8jnene skal du straks skylle med rigeligt vand og kontakte en l\u00e6ge. Ryg ikke under p\u00e5f\u00f8ring. M\u00e5 kun anvendes i godt ventilerede omr\u00e5der. Opbevares utilg\u00e6ngeligt for b\u00f8rn! Malingen kan irreversibelt \u00e6ndre konsistens ved temperaturer under nul. Vi sender derfor kun ved temperaturer over 0\u00b0C!<\/p>\n<p><a href=\"https:\/\/www.antstore.net\/shop\/images\/documents\/ant%20escape%20protection%20lacquer%20EN.pdf\">Sikkerhedsdatablad for Ant Outbreak Protection Paint (engelsk) , (PDF 0.2 MB)<\/a><br \/>\n(Indeholder: Sikkerhedsinstruktioner)<\/p>\n<p>&nbsp;<\/p>","protected":false},"excerpt":{"rendered":"<p>Indhold: 10 ml (ufortyndet nok til ca. 10 meter af en 20 mm bred strimmel) Farve: m\u00e6lkehvid Materiale: PTFE-baseret Beskrivelse: Lakken er den ideelle beskyttelse mod udbrud for myrer; en type plast, som ogs\u00e5 ofte bruges som antikl\u00e6bemiddel - ogs\u00e5 anbefalet af forskerne H\u00f6lldobler og Wilson som beskyttelse mod udbrud i myrer.","protected":false},"featured_media":9592,"comment_status":"open","ping_status":"closed","template":"","meta":{"_acf_changed":false,"content-type":"","_monsterinsights_skip_tracking":false,"_monsterinsights_sitenote_active":false,"_monsterinsights_sitenote_note":"","_monsterinsights_sitenote_category":0},"product_brand":[484],"product_cat":[237],"product_tag":[],"class_list":{"0":"post-9316","1":"product","2":"type-product","3":"status-publish","4":"has-post-thumbnail","6":"product_brand-antcube","7":"product_cat-tools","9":"first","10":"instock","11":"taxable","12":"shipping-taxable","13":"purchasable","14":"product-type-simple"},"acf":[],"aioseo_notices":[],"jetpack_sharing_enabled":true,"_links":{"self":[{"href":"https:\/\/antcube.shop\/da\/wp-json\/wp\/v2\/product\/9316","targetHints":{"allow":["GET"]}}],"collection":[{"href":"https:\/\/antcube.shop\/da\/wp-json\/wp\/v2\/product"}],"about":[{"href":"https:\/\/antcube.shop\/da\/wp-json\/wp\/v2\/types\/product"}],"replies":[{"embeddable":true,"href":"https:\/\/antcube.shop\/da\/wp-json\/wp\/v2\/comments?post=9316"}],"wp:featuredmedia":[{"embeddable":true,"href":"https:\/\/antcube.shop\/da\/wp-json\/wp\/v2\/media\/9592"}],"wp:attachment":[{"href":"https:\/\/antcube.shop\/da\/wp-json\/wp\/v2\/media?parent=9316"}],"wp:term":[{"taxonomy":"product_brand","embeddable":true,"href":"https:\/\/antcube.shop\/da\/wp-json\/wp\/v2\/product_brand?post=9316"},{"taxonomy":"product_cat","embeddable":true,"href":"https:\/\/antcube.shop\/da\/wp-json\/wp\/v2\/product_cat?post=9316"},{"taxonomy":"product_tag","embeddable":true,"href":"https:\/\/antcube.shop\/da\/wp-json\/wp\/v2\/product_tag?post=9316"}],"curies":[{"name":"wp","href":"https:\/\/api.w.org\/{rel}","templated":true}]}}