{"id":9314,"date":"2024-09-17T16:12:51","date_gmt":"2024-09-17T14:12:51","guid":{"rendered":"https:\/\/antcube.shop\/en\/product\/gitterkappe-fein-fur-gittereinsatz-acryl-50mm\/"},"modified":"2026-02-23T10:53:58","modified_gmt":"2026-02-23T09:53:58","slug":"fin-gitterhaette-til-akrylgitterindsats-50mm","status":"publish","type":"product","link":"https:\/\/antcube.shop\/da\/vare\/fin-gitterhaette-til-akrylgitterindsats-50mm\/","title":{"rendered":"Fin gitterh\u00e6tte - til akrylgitterindsats 50 mm"},"content":{"rendered":"<p><strong>Antal:<\/strong> 1 stk.<\/p>\n<p><strong>Dimensioner:<\/strong> 51x12mm<\/p>\n<p><strong>Farve:<\/strong> gennemsigtig<\/p>\n<p><strong>Materiale:<\/strong> plast<\/p>\n<p><strong>Beskrivelse:<\/strong> Denne h\u00e6tte med et meget fint gitter (0,2-0,3 mm) til \"Gitterindsats akryl 50 mm - klar\" og \"Myrearena - ventilator\" forhindrer sm\u00e5 myrer i at slippe ud gennem de brede ventilations\u00e5bninger i gitterindsatsen. H\u00e6tten s\u00e6ttes fast p\u00e5 indsatsen nedefra.<\/p>\n<p><strong>Bem\u00e6rk:<\/strong> Bem\u00e6rk, at du kun kan bruge denne vare sammen med varen: \"005044 Gitterindsats akryl 50 mm - klar\" eller \"Ant arena fan\"!<\/p>","protected":false},"excerpt":{"rendered":"<p>Antal: 1 stk Dimensioner: 51x12mm Farve: gennemsigtig Materiale: plast Beskrivelse: Denne h\u00e6tte med et meget fint gitter (0,2-0,3 mm) til \"Gitterindsats akryl 50 mm - klar\" og \"Myrearena - ventilator\" forhindrer sm\u00e5 myrer i at slippe ud gennem de brede ventilations\u00e5bninger i gitterindsatsen. H\u00e6tten s\u00e6ttes p\u00e5 indsatsen fra","protected":false},"featured_media":9832,"comment_status":"open","ping_status":"closed","template":"","meta":{"_acf_changed":false,"content-type":"","_monsterinsights_skip_tracking":false,"_monsterinsights_sitenote_active":false,"_monsterinsights_sitenote_note":"","_monsterinsights_sitenote_category":0},"product_brand":[485],"product_cat":[119,238],"product_tag":[],"class_list":{"0":"post-9314","1":"product","2":"type-product","3":"status-publish","4":"has-post-thumbnail","6":"product_brand-antstore","7":"product_cat-formicarium-components","8":"product_cat-grid-caps-plugs-and-inserts","10":"first","11":"instock","12":"taxable","13":"shipping-taxable","14":"purchasable","15":"product-type-simple"},"acf":[],"aioseo_notices":[],"jetpack_sharing_enabled":true,"_links":{"self":[{"href":"https:\/\/antcube.shop\/da\/wp-json\/wp\/v2\/product\/9314","targetHints":{"allow":["GET"]}}],"collection":[{"href":"https:\/\/antcube.shop\/da\/wp-json\/wp\/v2\/product"}],"about":[{"href":"https:\/\/antcube.shop\/da\/wp-json\/wp\/v2\/types\/product"}],"replies":[{"embeddable":true,"href":"https:\/\/antcube.shop\/da\/wp-json\/wp\/v2\/comments?post=9314"}],"wp:featuredmedia":[{"embeddable":true,"href":"https:\/\/antcube.shop\/da\/wp-json\/wp\/v2\/media\/9832"}],"wp:attachment":[{"href":"https:\/\/antcube.shop\/da\/wp-json\/wp\/v2\/media?parent=9314"}],"wp:term":[{"taxonomy":"product_brand","embeddable":true,"href":"https:\/\/antcube.shop\/da\/wp-json\/wp\/v2\/product_brand?post=9314"},{"taxonomy":"product_cat","embeddable":true,"href":"https:\/\/antcube.shop\/da\/wp-json\/wp\/v2\/product_cat?post=9314"},{"taxonomy":"product_tag","embeddable":true,"href":"https:\/\/antcube.shop\/da\/wp-json\/wp\/v2\/product_tag?post=9314"}],"curies":[{"name":"wp","href":"https:\/\/api.w.org\/{rel}","templated":true}]}}