{"id":9311,"date":"2024-09-17T16:11:32","date_gmt":"2024-09-17T14:11:32","guid":{"rendered":"https:\/\/antcube.shop\/en\/product\/gitterkappe-40mm-edelstahl\/"},"modified":"2026-03-16T10:38:12","modified_gmt":"2026-03-16T09:38:12","slug":"gitterhaette-40-mm-rustfrit-stal","status":"publish","type":"product","link":"https:\/\/antcube.shop\/da\/vare\/gitterhaette-40-mm-rustfrit-stal\/","title":{"rendered":"Gitterh\u00e6tte - 40 mm - rustfrit st\u00e5l"},"content":{"rendered":"<p><strong>Antal:<\/strong> 1 stk.<\/p>\n<p><strong>Dimensioner:<\/strong> 40 mm (indre diameter), 50x8 mm (ydre dimensioner)<\/p>\n<p><strong>Farve:<\/strong> gennemsigtig<\/p>\n<p><strong>Materiale:<\/strong> rustfrit st\u00e5l, akrylglas<\/p>\n<p><strong>Beskrivelse:<\/strong><br \/>\nDenne gitterh\u00e6tte med et meget fint gitter af rustfrit st\u00e5l (0,2 mm) kan s\u00e6ttes p\u00e5 en muffe, et r\u00f8r eller en slangeende og sikrer god formicariumventilation, uden at myrerne kan slippe ud. B\u00e5de gitteret i rustfrit st\u00e5l og akrylglasrammen er gennemsigtige.<\/p>\n<p><strong>Bem\u00e6rk:<\/strong> Ogs\u00e5 velegnet til meget bidske arter som f.eks. bladsk\u00e6rermyrer!<\/p>","protected":false},"excerpt":{"rendered":"<p>Antal: 1 stk. Dimensioner: 40 mm (indre diameter), 50x8 mm (ydre m\u00e5l) Farve: gennemsigtig Materiale: rustfrit st\u00e5l, akrylglas Beskrivelse: Denne gitterh\u00e6tte med et meget fint gitter i rustfrit st\u00e5l (0,2 mm) kan s\u00e6ttes p\u00e5 en muffe, et r\u00f8r eller en slangeende og sikrer god formicariumventilation, uden at myrerne kan slippe ud. B\u00e5de det rustfrie st\u00e5l","protected":false},"featured_media":9598,"comment_status":"open","ping_status":"closed","template":"","meta":{"_acf_changed":false,"content-type":"","_monsterinsights_skip_tracking":false,"_monsterinsights_sitenote_active":false,"_monsterinsights_sitenote_note":"","_monsterinsights_sitenote_category":0},"product_brand":[485],"product_cat":[119,238],"product_tag":[],"class_list":{"0":"post-9311","1":"product","2":"type-product","3":"status-publish","4":"has-post-thumbnail","6":"product_brand-antstore","7":"product_cat-formicarium-components","8":"product_cat-grid-caps-plugs-and-inserts","10":"first","11":"instock","12":"taxable","13":"shipping-taxable","14":"purchasable","15":"product-type-simple"},"acf":[],"aioseo_notices":[],"jetpack_sharing_enabled":true,"_links":{"self":[{"href":"https:\/\/antcube.shop\/da\/wp-json\/wp\/v2\/product\/9311","targetHints":{"allow":["GET"]}}],"collection":[{"href":"https:\/\/antcube.shop\/da\/wp-json\/wp\/v2\/product"}],"about":[{"href":"https:\/\/antcube.shop\/da\/wp-json\/wp\/v2\/types\/product"}],"replies":[{"embeddable":true,"href":"https:\/\/antcube.shop\/da\/wp-json\/wp\/v2\/comments?post=9311"}],"wp:featuredmedia":[{"embeddable":true,"href":"https:\/\/antcube.shop\/da\/wp-json\/wp\/v2\/media\/9598"}],"wp:attachment":[{"href":"https:\/\/antcube.shop\/da\/wp-json\/wp\/v2\/media?parent=9311"}],"wp:term":[{"taxonomy":"product_brand","embeddable":true,"href":"https:\/\/antcube.shop\/da\/wp-json\/wp\/v2\/product_brand?post=9311"},{"taxonomy":"product_cat","embeddable":true,"href":"https:\/\/antcube.shop\/da\/wp-json\/wp\/v2\/product_cat?post=9311"},{"taxonomy":"product_tag","embeddable":true,"href":"https:\/\/antcube.shop\/da\/wp-json\/wp\/v2\/product_tag?post=9311"}],"curies":[{"name":"wp","href":"https:\/\/api.w.org\/{rel}","templated":true}]}}