{"id":9307,"date":"2024-09-17T16:10:04","date_gmt":"2024-09-17T14:10:04","guid":{"rendered":"https:\/\/antcube.shop\/en\/product\/formicarienstopfen-fur-13mm-bohrung\/"},"modified":"2026-05-05T17:59:09","modified_gmt":"2026-05-05T15:59:09","slug":"formicarienstopfen-fur-13mm-bohrung","status":"publish","type":"product","link":"https:\/\/antcube.shop\/da\/vare\/formicarienstopfen-fur-13mm-bohrung\/","title":{"rendered":"Formicarium-prop til 13 mm hul"},"content":{"rendered":"<p><strong>Antal:<\/strong> 1 stk.<\/p>\n<p><strong>Dimensioner:<\/strong> 18\u00d79 mm<\/p>\n<p><strong>Materiale:<\/strong> PE-plast<\/p>\n<p><strong>Farve:<\/strong> gennemsigtig, m\u00e6lkeagtig<\/p>\n<p><strong>Beskrivelse:<\/strong> Til lukning af runde \u00e5bninger i formicaria med en diameter p\u00e5 10 mm<br \/>\nVi kan ogs\u00e5 sk\u00e6re huller i propperne p\u00e5 foresp\u00f8rgsel mod et ekstra gebyr.<br \/>\nF\u00f8lgende udsk\u00e6ringer anbefales f.eks. til f\u00f8lgende genstande:<br \/>\n10mm f.eks. til slange eller r\u00f8r 10mm<\/p>","protected":false},"excerpt":{"rendered":"<p>Antal: 1 stk. Dimensioner: 18x9 mm Materiale: PE-plast Farve: gennemsigtig, m\u00e6lkeagtig Beskrivelse: Til lukning af runde \u00e5bninger i formicaria med en diameter p\u00e5 13 mm. Vi kan ogs\u00e5 sk\u00e6re huller i propperne p\u00e5 foresp\u00f8rgsel mod et ekstra gebyr. F\u00f8lgende udsk\u00e6ringer anbefales til f\u00f8lgende emner, f.eks.: 10 mm f.eks. til slange eller","protected":false},"featured_media":9849,"comment_status":"open","ping_status":"closed","template":"","meta":{"_acf_changed":false,"content-type":"","_monsterinsights_skip_tracking":false,"_monsterinsights_sitenote_active":false,"_monsterinsights_sitenote_note":"","_monsterinsights_sitenote_category":0},"product_brand":[],"product_cat":[119,238],"product_tag":[],"class_list":{"0":"post-9307","1":"product","2":"type-product","3":"status-publish","4":"has-post-thumbnail","6":"product_cat-formicarium-components","7":"product_cat-grid-caps-plugs-and-inserts","9":"first","10":"instock","11":"taxable","12":"shipping-taxable","13":"purchasable","14":"product-type-simple"},"acf":[],"aioseo_notices":[],"jetpack_sharing_enabled":true,"_links":{"self":[{"href":"https:\/\/antcube.shop\/da\/wp-json\/wp\/v2\/product\/9307","targetHints":{"allow":["GET"]}}],"collection":[{"href":"https:\/\/antcube.shop\/da\/wp-json\/wp\/v2\/product"}],"about":[{"href":"https:\/\/antcube.shop\/da\/wp-json\/wp\/v2\/types\/product"}],"replies":[{"embeddable":true,"href":"https:\/\/antcube.shop\/da\/wp-json\/wp\/v2\/comments?post=9307"}],"wp:featuredmedia":[{"embeddable":true,"href":"https:\/\/antcube.shop\/da\/wp-json\/wp\/v2\/media\/9849"}],"wp:attachment":[{"href":"https:\/\/antcube.shop\/da\/wp-json\/wp\/v2\/media?parent=9307"}],"wp:term":[{"taxonomy":"product_brand","embeddable":true,"href":"https:\/\/antcube.shop\/da\/wp-json\/wp\/v2\/product_brand?post=9307"},{"taxonomy":"product_cat","embeddable":true,"href":"https:\/\/antcube.shop\/da\/wp-json\/wp\/v2\/product_cat?post=9307"},{"taxonomy":"product_tag","embeddable":true,"href":"https:\/\/antcube.shop\/da\/wp-json\/wp\/v2\/product_tag?post=9307"}],"curies":[{"name":"wp","href":"https:\/\/api.w.org\/{rel}","templated":true}]}}