{"id":9292,"date":"2024-09-17T15:59:51","date_gmt":"2024-09-17T13:59:51","guid":{"rendered":"https:\/\/antcube.shop\/en\/product\/pilz-von-atta-cephalotes\/"},"modified":"2026-03-11T14:16:11","modified_gmt":"2026-03-11T13:16:11","slug":"svamp-af-atta-cephalotes","status":"publish","type":"product","link":"https:\/\/antcube.shop\/da\/vare\/svamp-af-atta-cephalotes\/","title":{"rendered":"Svamp af Atta cephalotes"},"content":{"rendered":"<p><span data-text-color=\"alert\"><strong>Forsendelse kun mulig i Tyskland!<\/strong><\/span><\/p>\n<p><strong>Antal:<\/strong> (s\u00e6t)<br \/>\n1x transportr\u00f8r<br \/>\n1x luftgennemtr\u00e6ngelig prop<br \/>\n1x frisk champignon p\u00e5 mindst 1 cm\u00b3<\/p>\n<p><strong>Beskrivelse:<\/strong> Vi tilbyder en erstatningssvamp til n\u00f8dsituationer, hvor bladsk\u00e6rermyrens svamp aftager eller d\u00f8r p\u00e5 grund af forkert temperatur, luftfugtighed eller andre \u00e5rsager.<br \/>\nEn enhed p\u00e5 1 cm\u00b3 er tilstr\u00e6kkelig til at genstarte en koloni p\u00e5 11-25 dyr.<br \/>\nDen medf\u00f8lgende svamp kan indeholde sm\u00e5 svampeholdere (miniarbejdere).<br \/>\nDisse sm\u00e5 miniarbejdere er ikke et problem for den eksisterende koloni, da de kun passer p\u00e5 svampen.<\/p>\n<p><strong>Anvendelse:<\/strong><br \/>\nSvamp = til svampe\u00e6dende myrearter<br \/>\nDette er et fuldfoder (enkeltfoder)<br \/>\nTransportbeholderen skal \u00e5bnes og placeres ved siden af myrekolonien. Dyrene vil s\u00e5 selv b\u00e6re svampestykkerne ud.<\/p>\n<p><strong>Opbevaring:<\/strong> 25\u00b0C og 90% fugtighed<\/p>\n<p><strong>Indeholder:<\/strong><br \/>\nfriske og originale svampestykker af de n\u00e6vnte myrearter.<\/p>\n<p><strong>Bem\u00e6rk:<\/strong><br \/>\nFor yderligere information henvises til indl\u00e6gssedlen.<\/p>\n<p>Informationshotline +49 30 439703870<\/p>\n<p><strong>Ansvarlig veterin\u00e6r- og f\u00f8devareinspektorat:<\/strong><br \/>\nSteglitz Veterin\u00e6rkontor<br \/>\nK\u00f6nigin-Luise-Str. 92<br \/>\n14195 Berlin<\/p>","protected":false},"excerpt":{"rendered":"<p>Fuldfoder<\/p>","protected":false},"featured_media":9777,"comment_status":"open","ping_status":"closed","template":"","meta":{"_acf_changed":false,"content-type":"","_monsterinsights_skip_tracking":false,"_monsterinsights_sitenote_active":false,"_monsterinsights_sitenote_note":"","_monsterinsights_sitenote_category":0},"product_brand":[],"product_cat":[115,116],"product_tag":[],"class_list":{"0":"post-9292","1":"product","2":"type-product","3":"status-publish","4":"has-post-thumbnail","6":"product_cat-food-and-feeding","7":"product_cat-food","9":"first","10":"instock","11":"taxable","12":"shipping-taxable","13":"purchasable","14":"product-type-simple"},"acf":[],"aioseo_notices":[],"jetpack_sharing_enabled":true,"_links":{"self":[{"href":"https:\/\/antcube.shop\/da\/wp-json\/wp\/v2\/product\/9292","targetHints":{"allow":["GET"]}}],"collection":[{"href":"https:\/\/antcube.shop\/da\/wp-json\/wp\/v2\/product"}],"about":[{"href":"https:\/\/antcube.shop\/da\/wp-json\/wp\/v2\/types\/product"}],"replies":[{"embeddable":true,"href":"https:\/\/antcube.shop\/da\/wp-json\/wp\/v2\/comments?post=9292"}],"wp:featuredmedia":[{"embeddable":true,"href":"https:\/\/antcube.shop\/da\/wp-json\/wp\/v2\/media\/9777"}],"wp:attachment":[{"href":"https:\/\/antcube.shop\/da\/wp-json\/wp\/v2\/media?parent=9292"}],"wp:term":[{"taxonomy":"product_brand","embeddable":true,"href":"https:\/\/antcube.shop\/da\/wp-json\/wp\/v2\/product_brand?post=9292"},{"taxonomy":"product_cat","embeddable":true,"href":"https:\/\/antcube.shop\/da\/wp-json\/wp\/v2\/product_cat?post=9292"},{"taxonomy":"product_tag","embeddable":true,"href":"https:\/\/antcube.shop\/da\/wp-json\/wp\/v2\/product_tag?post=9292"}],"curies":[{"name":"wp","href":"https:\/\/api.w.org\/{rel}","templated":true}]}}