{"id":9289,"date":"2024-09-17T15:58:27","date_gmt":"2024-09-17T13:58:27","guid":{"rendered":"https:\/\/antcube.shop\/en\/product\/tranke-45ml-65mm-blau\/"},"modified":"2026-04-06T11:46:18","modified_gmt":"2026-04-06T09:46:18","slug":"tranke-45ml-65mm-blau","status":"publish","type":"product","link":"https:\/\/antcube.shop\/da\/vare\/tranke-45ml-65mm-blau\/","title":{"rendered":"Drikketrug 45ml - 65mm - bl\u00e5"},"content":{"rendered":"<p><strong>L\u00e6ngde:<\/strong> 65 mm, 45 ml<\/p>\n<p><strong>Materiale:<\/strong> Plast<\/p>\n<p><strong>Beskrivelse:<\/strong> S\u00e5 myrerne i et formicarium kan give sig selv tilstr\u00e6kkelig fugt. Vandet kan ogs\u00e5 blandes med honning. Ogs\u00e5 ideelt til feries\u00e6sonen. Det anbefales at d\u00e6kke bunden af drikketruget med absorberende bomuld eller en svamp for at forhindre, at myrerne drukner.<\/p>\n<p><strong>Farve p\u00e5 basen:<\/strong> hvid<br \/>\n<strong>Farve p\u00e5 beholderen:<\/strong> bl\u00e5 gennemsigtig<\/p>","protected":false},"excerpt":{"rendered":"<p>L\u00e6ngde: 65 mm, materiale: plast<\/p>","protected":false},"featured_media":9608,"comment_status":"open","ping_status":"closed","template":"","meta":{"_acf_changed":false,"content-type":"","_monsterinsights_skip_tracking":false,"_monsterinsights_sitenote_active":false,"_monsterinsights_sitenote_note":"","_monsterinsights_sitenote_category":0},"product_brand":[],"product_cat":[115,117],"product_tag":[],"class_list":{"0":"post-9289","1":"product","2":"type-product","3":"status-publish","4":"has-post-thumbnail","6":"product_cat-food-and-feeding","7":"product_cat-drinkers-for-ants","9":"first","10":"instock","11":"taxable","12":"shipping-taxable","13":"purchasable","14":"product-type-simple"},"acf":[],"aioseo_notices":[],"jetpack_sharing_enabled":true,"_links":{"self":[{"href":"https:\/\/antcube.shop\/da\/wp-json\/wp\/v2\/product\/9289","targetHints":{"allow":["GET"]}}],"collection":[{"href":"https:\/\/antcube.shop\/da\/wp-json\/wp\/v2\/product"}],"about":[{"href":"https:\/\/antcube.shop\/da\/wp-json\/wp\/v2\/types\/product"}],"replies":[{"embeddable":true,"href":"https:\/\/antcube.shop\/da\/wp-json\/wp\/v2\/comments?post=9289"}],"wp:featuredmedia":[{"embeddable":true,"href":"https:\/\/antcube.shop\/da\/wp-json\/wp\/v2\/media\/9608"}],"wp:attachment":[{"href":"https:\/\/antcube.shop\/da\/wp-json\/wp\/v2\/media?parent=9289"}],"wp:term":[{"taxonomy":"product_brand","embeddable":true,"href":"https:\/\/antcube.shop\/da\/wp-json\/wp\/v2\/product_brand?post=9289"},{"taxonomy":"product_cat","embeddable":true,"href":"https:\/\/antcube.shop\/da\/wp-json\/wp\/v2\/product_cat?post=9289"},{"taxonomy":"product_tag","embeddable":true,"href":"https:\/\/antcube.shop\/da\/wp-json\/wp\/v2\/product_tag?post=9289"}],"curies":[{"name":"wp","href":"https:\/\/api.w.org\/{rel}","templated":true}]}}