{"id":9273,"date":"2024-09-17T15:00:07","date_gmt":"2024-09-17T13:00:07","guid":{"rendered":"https:\/\/antcube.shop\/en\/product\/mini-thermometer-analog-metall-25mm\/"},"modified":"2026-04-05T12:30:33","modified_gmt":"2026-04-05T10:30:33","slug":"mini-termometer-analog-metal-25mm","status":"publish","type":"product","link":"https:\/\/antcube.shop\/da\/vare\/mini-termometer-analog-metal-25mm\/","title":{"rendered":"Mini termometer analogt metal - 25mm"},"content":{"rendered":"<p><strong>Dimensioner:<\/strong> 25 mm<\/p>\n<p><strong>Farve:<\/strong> metal, s\u00f8lv<\/p>\n<p><strong>M\u00e5leomr\u00e5de:<\/strong> -20 til +50 \u00b0C \/ -10 til +130 \u00b0F<\/p>\n<p><strong>N\u00f8jagtighed:<\/strong> +\/- 2\u00b0C , +\/- 4\u00b0F<\/p>\n<p><strong>Beskrivelse:<\/strong><br \/>\nAnalogt termo-\/hygrometer, som er s\u00e6rligt velegnet til meget sm\u00e5 formicaria.<br \/>\nDen s\u00e6ttes fast i et 27 mm hul ved hj\u00e6lp af \"Formicarium plug for 27 mm hole\" med en 22 mm udsk\u00e6ring.<br \/>\nEllers kan termometeret s\u00e6ttes fast p\u00e5 indersiden af formicariet med dobbeltkl\u00e6bende tape (medf\u00f8lger ikke).<\/p>\n<p><strong>Bem\u00e6rk:<\/strong><br \/>\nLuk ikke termometerets bageste \u00e5bning, da det kan f\u00f8re til m\u00e5lefejl.<\/p>","protected":false},"excerpt":{"rendered":"<p>M\u00e5leomr\u00e5de: -20 til +50\u00b0C \/ -10 til +130\u00b0F, diameter: 25 mm<\/p>","protected":false},"featured_media":9748,"comment_status":"open","ping_status":"closed","template":"","meta":{"_acf_changed":false,"content-type":"","_monsterinsights_skip_tracking":false,"_monsterinsights_sitenote_active":false,"_monsterinsights_sitenote_note":"","_monsterinsights_sitenote_category":0},"product_brand":[],"product_cat":[359,119],"product_tag":[],"class_list":{"0":"post-9273","1":"product","2":"type-product","3":"status-publish","4":"has-post-thumbnail","6":"product_cat-light-heat-humidity","7":"product_cat-formicarium-components","9":"first","10":"instock","11":"taxable","12":"shipping-taxable","13":"purchasable","14":"product-type-simple"},"acf":[],"aioseo_notices":[],"jetpack_sharing_enabled":true,"_links":{"self":[{"href":"https:\/\/antcube.shop\/da\/wp-json\/wp\/v2\/product\/9273","targetHints":{"allow":["GET"]}}],"collection":[{"href":"https:\/\/antcube.shop\/da\/wp-json\/wp\/v2\/product"}],"about":[{"href":"https:\/\/antcube.shop\/da\/wp-json\/wp\/v2\/types\/product"}],"replies":[{"embeddable":true,"href":"https:\/\/antcube.shop\/da\/wp-json\/wp\/v2\/comments?post=9273"}],"wp:featuredmedia":[{"embeddable":true,"href":"https:\/\/antcube.shop\/da\/wp-json\/wp\/v2\/media\/9748"}],"wp:attachment":[{"href":"https:\/\/antcube.shop\/da\/wp-json\/wp\/v2\/media?parent=9273"}],"wp:term":[{"taxonomy":"product_brand","embeddable":true,"href":"https:\/\/antcube.shop\/da\/wp-json\/wp\/v2\/product_brand?post=9273"},{"taxonomy":"product_cat","embeddable":true,"href":"https:\/\/antcube.shop\/da\/wp-json\/wp\/v2\/product_cat?post=9273"},{"taxonomy":"product_tag","embeddable":true,"href":"https:\/\/antcube.shop\/da\/wp-json\/wp\/v2\/product_tag?post=9273"}],"curies":[{"name":"wp","href":"https:\/\/api.w.org\/{rel}","templated":true}]}}