{"id":9272,"date":"2024-09-17T14:59:43","date_gmt":"2024-09-17T12:59:43","guid":{"rendered":"https:\/\/antcube.shop\/en\/product\/mini-thermo-hygrometer-analog-display-stehend\/"},"modified":"2026-03-30T10:29:26","modified_gmt":"2026-03-30T08:29:26","slug":"mini-termohygrometer-analogt-display-stehend","status":"publish","type":"product","link":"https:\/\/antcube.shop\/da\/vare\/mini-termohygrometer-analogt-display-stehend\/","title":{"rendered":"Mini termohygrometer analogt - display - opretst\u00e5ende"},"content":{"rendered":"<p><strong>Dimensioner:<\/strong> 60 mm x 60 mm, 30 mm dyb<\/p>\n<p><strong>Materiale:<\/strong> metal\/akrylglas<\/p>\n<p><strong>Farve:<\/strong> metal, s\u00f8lv \/ gennemsigtig<\/p>\n<p><strong>Indhold:<\/strong> 1x minitermometer analogt metal - 25mm, 1x minihygrometer analogt metal - 25mm, 1x akrylglasholder med udsk\u00e6ringer til m\u00e5leinstrumenterne - 60x60mm, 1x akrylglasbase - 30mm diameter<\/p>\n<p><strong>Beskrivelse:<\/strong><br \/>\nS\u00e6ttet best\u00e5r af et analogt termometer og hygrometer af metal (25 mm), som er sat ind i en akrylglasplade (60x60 mm). Displayet kan placeres p\u00e5 basen (30 mm) i det rum, der skal m\u00e5les.<\/p>\n<p><strong>Bem\u00e6rk:<\/strong><br \/>\nM\u00e5leinstrumenterne p\u00e5 bagsiden skal v\u00e6re fri, da der ellers kan opst\u00e5 m\u00e5lefejl.<\/p>\n<p>N\u00f8jagtighed: +\/- 2\u00b0C , +\/- 4\u00b0F<br \/>\nN\u00f8jagtighed: +\/- 5%<\/p>","protected":false},"excerpt":{"rendered":"<p>S\u00e6t med termometer og hygrometer af metal (25 mm) indsat i en akrylglasplade (75x45 mm)<\/p>","protected":false},"featured_media":9745,"comment_status":"open","ping_status":"closed","template":"","meta":{"_acf_changed":false,"content-type":"","_monsterinsights_skip_tracking":false,"_monsterinsights_sitenote_active":false,"_monsterinsights_sitenote_note":"","_monsterinsights_sitenote_category":0},"product_brand":[],"product_cat":[359,119],"product_tag":[],"class_list":{"0":"post-9272","1":"product","2":"type-product","3":"status-publish","4":"has-post-thumbnail","6":"product_cat-light-heat-humidity","7":"product_cat-formicarium-components","9":"first","10":"instock","11":"taxable","12":"shipping-taxable","13":"purchasable","14":"product-type-simple"},"acf":[],"aioseo_notices":[],"jetpack_sharing_enabled":true,"_links":{"self":[{"href":"https:\/\/antcube.shop\/da\/wp-json\/wp\/v2\/product\/9272","targetHints":{"allow":["GET"]}}],"collection":[{"href":"https:\/\/antcube.shop\/da\/wp-json\/wp\/v2\/product"}],"about":[{"href":"https:\/\/antcube.shop\/da\/wp-json\/wp\/v2\/types\/product"}],"replies":[{"embeddable":true,"href":"https:\/\/antcube.shop\/da\/wp-json\/wp\/v2\/comments?post=9272"}],"wp:featuredmedia":[{"embeddable":true,"href":"https:\/\/antcube.shop\/da\/wp-json\/wp\/v2\/media\/9745"}],"wp:attachment":[{"href":"https:\/\/antcube.shop\/da\/wp-json\/wp\/v2\/media?parent=9272"}],"wp:term":[{"taxonomy":"product_brand","embeddable":true,"href":"https:\/\/antcube.shop\/da\/wp-json\/wp\/v2\/product_brand?post=9272"},{"taxonomy":"product_cat","embeddable":true,"href":"https:\/\/antcube.shop\/da\/wp-json\/wp\/v2\/product_cat?post=9272"},{"taxonomy":"product_tag","embeddable":true,"href":"https:\/\/antcube.shop\/da\/wp-json\/wp\/v2\/product_tag?post=9272"}],"curies":[{"name":"wp","href":"https:\/\/api.w.org\/{rel}","templated":true}]}}