{"id":9271,"date":"2024-09-17T14:58:23","date_gmt":"2024-09-17T12:58:23","guid":{"rendered":"https:\/\/antcube.shop\/en\/product\/mini-thermo-hygrometer-analog-display-magnet\/"},"modified":"2026-04-24T17:04:27","modified_gmt":"2026-04-24T15:04:27","slug":"mini-termohygrometer-analogt-display-magnet","status":"publish","type":"product","link":"https:\/\/antcube.shop\/da\/vare\/mini-termohygrometer-analogt-display-magnet\/","title":{"rendered":"Mini-termohygrometer analogt - display - magnet"},"content":{"rendered":"<p><strong>Dimensioner:<\/strong> 75 mm x 60 mm, 8 mm dyb<\/p>\n<p><strong>Materiale:<\/strong> metal\/akrylglas<\/p>\n<p><strong>Farve:<\/strong> metal, s\u00f8lv \/ gennemsigtig<\/p>\n<p><strong>Indhold:<\/strong> 1x minitermometer analogt metal - 25 mm, 1x minihygrometer analogt metal - 25 mm, 1x akrylglasholder med udsk\u00e6ringer til m\u00e5leinstrumenterne og tre magneter - 75x60 mm, 1x akrylglasplade med magneter til fastg\u00f8relse af displayet - 75x20 mm,<\/p>\n<p><strong>Beskrivelse:<\/strong><br \/>\nS\u00e6ttet best\u00e5r af et analogt termometer og hygrometer af metal (25 mm), som er sat ind i en akrylglasplade (75x6 mm). Displayet er fastgjort via en lille plade med magneter, som er fastgjort p\u00e5 den anden side af pladen. Det g\u00f8r det muligt at tilpasse placeringen af v\u00e6rdidisplayet til individuelle behov. Sammenlignet med selvkl\u00e6bende puder g\u00f8r magneterne det muligt at \u00e6ndre displayets position s\u00e5 ofte som n\u00f8dvendigt.<\/p>\n<p><strong>Bem\u00e6rk:<\/strong><br \/>\nM\u00e5leinstrumenterne p\u00e5 bagsiden skal v\u00e6re fri, da der ellers kan opst\u00e5 m\u00e5lefejl.<\/p>\n<p>P\u00e5 grund af fremstillingsprocessen kan der forekomme sm\u00e5 til mellemstore revner p\u00e5 de magnetiske dele.<\/p>\n<p>N\u00f8jagtighed: +\/- 2\u00b0C , +\/- 4\u00b0F<br \/>\nN\u00f8jagtighed: +\/- 5%<\/p>","protected":false},"excerpt":{"rendered":"<p>S\u00e6t med termometer og hygrometer af metal (25 mm) indsat i en akrylglasplade (75x45 mm)<\/p>","protected":false},"featured_media":9740,"comment_status":"open","ping_status":"closed","template":"","meta":{"_acf_changed":false,"content-type":"","_monsterinsights_skip_tracking":false,"_monsterinsights_sitenote_active":false,"_monsterinsights_sitenote_note":"","_monsterinsights_sitenote_category":0},"product_brand":[],"product_cat":[359,119],"product_tag":[],"class_list":{"0":"post-9271","1":"product","2":"type-product","3":"status-publish","4":"has-post-thumbnail","6":"product_cat-light-heat-humidity","7":"product_cat-formicarium-components","9":"first","10":"instock","11":"taxable","12":"shipping-taxable","13":"purchasable","14":"product-type-simple"},"acf":[],"aioseo_notices":[],"jetpack_sharing_enabled":true,"_links":{"self":[{"href":"https:\/\/antcube.shop\/da\/wp-json\/wp\/v2\/product\/9271","targetHints":{"allow":["GET"]}}],"collection":[{"href":"https:\/\/antcube.shop\/da\/wp-json\/wp\/v2\/product"}],"about":[{"href":"https:\/\/antcube.shop\/da\/wp-json\/wp\/v2\/types\/product"}],"replies":[{"embeddable":true,"href":"https:\/\/antcube.shop\/da\/wp-json\/wp\/v2\/comments?post=9271"}],"wp:featuredmedia":[{"embeddable":true,"href":"https:\/\/antcube.shop\/da\/wp-json\/wp\/v2\/media\/9740"}],"wp:attachment":[{"href":"https:\/\/antcube.shop\/da\/wp-json\/wp\/v2\/media?parent=9271"}],"wp:term":[{"taxonomy":"product_brand","embeddable":true,"href":"https:\/\/antcube.shop\/da\/wp-json\/wp\/v2\/product_brand?post=9271"},{"taxonomy":"product_cat","embeddable":true,"href":"https:\/\/antcube.shop\/da\/wp-json\/wp\/v2\/product_cat?post=9271"},{"taxonomy":"product_tag","embeddable":true,"href":"https:\/\/antcube.shop\/da\/wp-json\/wp\/v2\/product_tag?post=9271"}],"curies":[{"name":"wp","href":"https:\/\/api.w.org\/{rel}","templated":true}]}}