{"id":9270,"date":"2024-09-17T14:57:58","date_gmt":"2024-09-17T12:57:58","guid":{"rendered":"https:\/\/antcube.shop\/en\/product\/mini-thermo-hygrometer-analog-display-front\/"},"modified":"2026-04-07T09:37:36","modified_gmt":"2026-04-07T07:37:36","slug":"mini-termohygrometer-analogt-display-foran","status":"publish","type":"product","link":"https:\/\/antcube.shop\/da\/vare\/mini-termohygrometer-analogt-display-foran\/","title":{"rendered":"Mini termohygrometer analogt - display - front"},"content":{"rendered":"<p><strong>Dimensioner:<\/strong> 75 mm x 60 mm, 8 mm dyb<\/p>\n<p><strong>Materiale:<\/strong> metal\/akrylglas<\/p>\n<p><strong>Farve:<\/strong> metal, s\u00f8lv \/ gennemsigtig<\/p>\n<p><strong>Indhold:<\/strong> 1x mini termometer analogt metal - 25mm, 1x mini hygrometer analogt metal - 25mm, 1x akrylglasholder med udsk\u00e6ringer til m\u00e5leinstrumenterne - 75x45mm, 1x akrylglasbund - 75x20mm, 2x gennemsigtige kl\u00e6bepuder - 30x20mm<\/p>\n<p><strong>Beskrivelse:<\/strong><br \/>\nS\u00e6ttet best\u00e5r af et analogt termometer og hygrometer af metal (25 mm), som er indsat i en akrylglasplade (75x6 mm). Displayet fastg\u00f8res ved hj\u00e6lp af to gennemsigtige kl\u00e6bepuder, som kan bruges til at fastg\u00f8re basen p\u00e5 forsiden af en hvilken som helst position p\u00e5 poolv\u00e6ggen. Det g\u00f8r det muligt at tilpasse placeringen af v\u00e6rdidisplayet til individuelle behov.<\/p>\n<p><strong>Bem\u00e6rk:<\/strong><br \/>\nM\u00e5leinstrumenterne p\u00e5 bagsiden skal v\u00e6re fri, da der ellers kan opst\u00e5 m\u00e5lefejl.<\/p>\n<p>N\u00f8jagtighed: +\/- 2\u00b0C , +\/- 4\u00b0F<br \/>\nN\u00f8jagtighed: +\/- 5%<\/p>","protected":false},"excerpt":{"rendered":"<p>S\u00e6t med termometer og hygrometer af metal (25 mm) indsat i en akrylglasplade (75x45 mm)<\/p>","protected":false},"featured_media":9738,"comment_status":"open","ping_status":"closed","template":"","meta":{"_acf_changed":false,"content-type":"","_monsterinsights_skip_tracking":false,"_monsterinsights_sitenote_active":false,"_monsterinsights_sitenote_note":"","_monsterinsights_sitenote_category":0},"product_brand":[],"product_cat":[359,119],"product_tag":[],"class_list":{"0":"post-9270","1":"product","2":"type-product","3":"status-publish","4":"has-post-thumbnail","6":"product_cat-light-heat-humidity","7":"product_cat-formicarium-components","9":"first","10":"instock","11":"taxable","12":"shipping-taxable","13":"purchasable","14":"product-type-simple"},"acf":[],"aioseo_notices":[],"jetpack_sharing_enabled":true,"_links":{"self":[{"href":"https:\/\/antcube.shop\/da\/wp-json\/wp\/v2\/product\/9270","targetHints":{"allow":["GET"]}}],"collection":[{"href":"https:\/\/antcube.shop\/da\/wp-json\/wp\/v2\/product"}],"about":[{"href":"https:\/\/antcube.shop\/da\/wp-json\/wp\/v2\/types\/product"}],"replies":[{"embeddable":true,"href":"https:\/\/antcube.shop\/da\/wp-json\/wp\/v2\/comments?post=9270"}],"wp:featuredmedia":[{"embeddable":true,"href":"https:\/\/antcube.shop\/da\/wp-json\/wp\/v2\/media\/9738"}],"wp:attachment":[{"href":"https:\/\/antcube.shop\/da\/wp-json\/wp\/v2\/media?parent=9270"}],"wp:term":[{"taxonomy":"product_brand","embeddable":true,"href":"https:\/\/antcube.shop\/da\/wp-json\/wp\/v2\/product_brand?post=9270"},{"taxonomy":"product_cat","embeddable":true,"href":"https:\/\/antcube.shop\/da\/wp-json\/wp\/v2\/product_cat?post=9270"},{"taxonomy":"product_tag","embeddable":true,"href":"https:\/\/antcube.shop\/da\/wp-json\/wp\/v2\/product_tag?post=9270"}],"curies":[{"name":"wp","href":"https:\/\/api.w.org\/{rel}","templated":true}]}}