{"id":9249,"date":"2024-09-17T14:43:55","date_gmt":"2024-09-17T12:43:55","guid":{"rendered":"https:\/\/antcube.shop\/en\/product\/antcube-korknest-20x10-stehend\/"},"modified":"2026-04-13T09:31:28","modified_gmt":"2026-04-13T07:31:28","slug":"antcube-korknest-20x10-stehend","status":"publish","type":"product","link":"https:\/\/antcube.shop\/da\/vare\/antcube-korknest-20x10-stehend\/","title":{"rendered":"ANTCUBE - Korkrede 20\u00d710 - opretst\u00e5ende"},"content":{"rendered":"<p><strong>Dimensioner:<\/strong> 183 x 60 x 20 mm<\/p>\n<p><strong>Materiale:<\/strong> Kork (fint)<\/p>\n<p>Passer kun i vores myrefarme i den st\u00f8rrelse <span style=\"font-size: 10.5pt; font-family: Arial; color: #0000ff; background-color: transparent; font-weight: bold; font-style: normal; font-variant: normal; text-decoration: none; vertical-align: baseline;\">L<\/span><\/p>\n<p><strong>Beskrivelse:<\/strong> Denne korkrede med pr\u00e6fabrikerede gange og kamre er velegnet til forskellige myrearter, is\u00e6r til arter, der bygger rede i (d\u00f8dt) tr\u00e6. Den har et boret hul til adgang til reden.<br \/>\nKork er kemisk neutral. Dets struktur er ikke kun uigennemtr\u00e6ngelig for v\u00e6sker, men for\u00e5rsager heller ingen kemiske reaktioner og bliver derfor ikke beskadiget. For meget fugt kan dog f\u00f8re til r\u00e5d p\u00e5 lang sigt og reducere redens levetid. Ikke desto mindre er kork meget modstandsdygtig over for r\u00e5d, svampe- og skimmelangreb. Det skyldes dens overflade og struktur, som ikke giver god grobund for kolonisering af svampe. Men madrester og dyreekskrementer samt andre organiske stoffer kan fremme skimmelv\u00e6kst.<\/p>\n<p>Vi anbefaler derfor, at man prim\u00e6rt opbevarer arter fra t\u00f8rre omr\u00e5der i kork. Arter fra fugtige habitater kan stadig holdes i dette s\u00e6t, da forr\u00e5dnelse ikke er et problem for de fleste arter. Mange myrer fra Nordeuropa, s\u00e5som Camponotus herculeanus eller Formica fusca, lever ogs\u00e5 i r\u00e5ddent eller nedbrudt tr\u00e6.<\/p>","protected":false},"excerpt":{"rendered":"<p><strong>St\u00f8rrelse:<\/strong> 183 x 60 x 20 mm<\/p>","protected":false},"featured_media":9692,"comment_status":"open","ping_status":"closed","template":"","meta":{"_acf_changed":false,"content-type":"","_monsterinsights_skip_tracking":false,"_monsterinsights_sitenote_active":false,"_monsterinsights_sitenote_note":"","_monsterinsights_sitenote_category":0},"product_brand":[],"product_cat":[87,89],"product_tag":[],"class_list":{"0":"post-9249","1":"product","2":"type-product","3":"status-publish","4":"has-post-thumbnail","6":"product_cat-nest-insets","7":"product_cat-cork","9":"first","10":"instock","11":"taxable","12":"shipping-taxable","13":"purchasable","14":"product-type-simple"},"acf":[],"aioseo_notices":[],"jetpack_sharing_enabled":true,"_links":{"self":[{"href":"https:\/\/antcube.shop\/da\/wp-json\/wp\/v2\/product\/9249","targetHints":{"allow":["GET"]}}],"collection":[{"href":"https:\/\/antcube.shop\/da\/wp-json\/wp\/v2\/product"}],"about":[{"href":"https:\/\/antcube.shop\/da\/wp-json\/wp\/v2\/types\/product"}],"replies":[{"embeddable":true,"href":"https:\/\/antcube.shop\/da\/wp-json\/wp\/v2\/comments?post=9249"}],"wp:featuredmedia":[{"embeddable":true,"href":"https:\/\/antcube.shop\/da\/wp-json\/wp\/v2\/media\/9692"}],"wp:attachment":[{"href":"https:\/\/antcube.shop\/da\/wp-json\/wp\/v2\/media?parent=9249"}],"wp:term":[{"taxonomy":"product_brand","embeddable":true,"href":"https:\/\/antcube.shop\/da\/wp-json\/wp\/v2\/product_brand?post=9249"},{"taxonomy":"product_cat","embeddable":true,"href":"https:\/\/antcube.shop\/da\/wp-json\/wp\/v2\/product_cat?post=9249"},{"taxonomy":"product_tag","embeddable":true,"href":"https:\/\/antcube.shop\/da\/wp-json\/wp\/v2\/product_tag?post=9249"}],"curies":[{"name":"wp","href":"https:\/\/api.w.org\/{rel}","templated":true}]}}